{"id":67899,"date":"2025-06-02T08:19:52","date_gmt":"2025-06-02T08:19:52","guid":{"rendered":"https:\/\/www.multifrigo.pl\/sklep\/produkt\/szafa-chlodnicza-z-drzwiami-przeszklonymi-302l-wb-bartscher-700611\/"},"modified":"2025-07-17T10:07:16","modified_gmt":"2025-07-17T10:07:16","slug":"szafa-chlodnicza-z-drzwiami-przeszklonymi-302l-wb-bartscher-700611","status":"publish","type":"product","link":"https:\/\/www.multifrigo.pl\/sklep\/produkt\/szafa-chlodnicza-z-drzwiami-przeszklonymi-302l-wb-bartscher-700611\/","title":{"rendered":"Szafa ch\u0142odnicza z drzwiami przeszklonymi 302L WB | Bartscher 700611"},"content":{"rendered":"<p><b>Szafa ch\u0142odnicza z drzwiami przeszklonymi 302L WB<\/b><\/p>\n<p>\u015awietny spos\u00f3b, aby zwr\u00f3ci\u0107 uwag\u0119 na reklam\u0119 i informacje: pod\u015bwietlany display reklamowy znajduje si\u0119 w zasi\u0119gu wzroku i budzi zainteresowanie \u2013 w lokalu sklepowym, sto\u0142\u00f3wce czy sali dla go\u015bci. Za pomoc\u0105 logo lub og\u00f3lnych informacji mo\u017cesz wykorzysta\u0107 swoj\u0105 reklam\u0119 tak, aby osi\u0105gn\u0105\u0107 zamierzony cel. Bezpo\u015brednie spojrzenie na artyku\u0142y spo\u017cywcze sk\u0142ania dodatkowo do zakup\u00f3w pod wp\u0142ywem impulsu.<\/p>\n","protected":false},"excerpt":{"rendered":"<p>Szafa ch\u0142odnicza z drzwiami przeszklonymi 302L WB \u015awietny spos\u00f3b, aby zwr\u00f3ci\u0107 uwag\u0119 na reklam\u0119 i informacje: pod\u015bwietlany display reklamowy znajduje si\u0119 w zasi\u0119gu wzroku i budzi zainteresowanie \u2013 w lokalu sklepowym, sto\u0142\u00f3wce czy sali dla go\u015bci. Za pomoc\u0105 logo lub og\u00f3lnych informacji mo\u017cesz wykorzysta\u0107 swoj\u0105 reklam\u0119 tak, aby osi\u0105gn\u0105\u0107 zamierzony cel. Bezpo\u015brednie spojrzenie na artyku\u0142y [&hellip;]<\/p>\n","protected":false},"featured_media":70289,"template":"","meta":{"_et_pb_use_builder":"","_et_pb_old_content":"","_et_gb_content_width":""},"pwb-brand":[1577],"product_brand":[],"product_cat":[518],"product_tag":[],"class_list":{"0":"post-67899","1":"product","2":"type-product","3":"status-publish","4":"has-post-thumbnail","6":"pwb-brand-bartscher","7":"product_cat-szafy-chlodnicze","9":"first","10":"instock","11":"taxable","12":"shipping-taxable","13":"purchasable","14":"product-type-simple"},"brands":[{"id":1577,"name":"Bartscher","slug":"bartscher"}],"_links":{"self":[{"href":"https:\/\/www.multifrigo.pl\/sklep\/wp-json\/wp\/v2\/product\/67899","targetHints":{"allow":["GET"]}}],"collection":[{"href":"https:\/\/www.multifrigo.pl\/sklep\/wp-json\/wp\/v2\/product"}],"about":[{"href":"https:\/\/www.multifrigo.pl\/sklep\/wp-json\/wp\/v2\/types\/product"}],"wp:featuredmedia":[{"embeddable":true,"href":"https:\/\/www.multifrigo.pl\/sklep\/wp-json\/wp\/v2\/media\/70289"}],"wp:attachment":[{"href":"https:\/\/www.multifrigo.pl\/sklep\/wp-json\/wp\/v2\/media?parent=67899"}],"wp:term":[{"taxonomy":"pwb-brand","embeddable":true,"href":"https:\/\/www.multifrigo.pl\/sklep\/wp-json\/wp\/v2\/pwb-brand?post=67899"},{"taxonomy":"product_brand","embeddable":true,"href":"https:\/\/www.multifrigo.pl\/sklep\/wp-json\/wp\/v2\/product_brand?post=67899"},{"taxonomy":"product_cat","embeddable":true,"href":"https:\/\/www.multifrigo.pl\/sklep\/wp-json\/wp\/v2\/product_cat?post=67899"},{"taxonomy":"product_tag","embeddable":true,"href":"https:\/\/www.multifrigo.pl\/sklep\/wp-json\/wp\/v2\/product_tag?post=67899"}],"curies":[{"name":"wp","href":"https:\/\/api.w.org\/{rel}","templated":true}]}}