{"id":67900,"date":"2025-06-02T08:20:02","date_gmt":"2025-06-02T08:20:02","guid":{"rendered":"https:\/\/www.multifrigo.pl\/sklep\/produkt\/szafa-chlodnicza-z-drzwiami-prawymi-gtk3-121-bartscher-700851\/"},"modified":"2025-07-17T10:07:18","modified_gmt":"2025-07-17T10:07:18","slug":"szafa-chlodnicza-z-drzwiami-prawymi-gtk3-121-bartscher-700851","status":"publish","type":"product","link":"https:\/\/www.multifrigo.pl\/sklep\/produkt\/szafa-chlodnicza-z-drzwiami-prawymi-gtk3-121-bartscher-700851\/","title":{"rendered":"Szafa ch\u0142odnicza z drzwiami prawymi GTK3-121 | Bartscher 700851"},"content":{"rendered":"<p><b>Szafa ch\u0142odnicza z drzwiami prawymi GTK3-121<\/b><\/p>\n<p>Przyci\u0105ga wzrok na ka\u017cdej grillowej lub kulinarnej imprezie \u2013 kompaktowa lod\u00f3wka z drzwiami szklanymi o nowoczesnym designie. Na 3 p\u00f3\u0142kach za szklanymi drzwiami z filtrem UV mo\u017cna ch\u0142odzi\u0107 napoje i \u017cywno\u015b\u0107.<\/p>\n","protected":false},"excerpt":{"rendered":"<p>Szafa ch\u0142odnicza z drzwiami prawymi GTK3-121 Przyci\u0105ga wzrok na ka\u017cdej grillowej lub kulinarnej imprezie \u2013 kompaktowa lod\u00f3wka z drzwiami szklanymi o nowoczesnym designie. Na 3 p\u00f3\u0142kach za szklanymi drzwiami z filtrem UV mo\u017cna ch\u0142odzi\u0107 napoje i \u017cywno\u015b\u0107.<\/p>\n","protected":false},"featured_media":70290,"template":"","meta":{"_et_pb_use_builder":"","_et_pb_old_content":"","_et_gb_content_width":""},"pwb-brand":[1577],"product_brand":[],"product_cat":[518],"product_tag":[],"class_list":{"0":"post-67900","1":"product","2":"type-product","3":"status-publish","4":"has-post-thumbnail","6":"pwb-brand-bartscher","7":"product_cat-szafy-chlodnicze","9":"first","10":"instock","11":"taxable","12":"shipping-taxable","13":"purchasable","14":"product-type-simple"},"brands":[{"id":1577,"name":"Bartscher","slug":"bartscher"}],"_links":{"self":[{"href":"https:\/\/www.multifrigo.pl\/sklep\/wp-json\/wp\/v2\/product\/67900","targetHints":{"allow":["GET"]}}],"collection":[{"href":"https:\/\/www.multifrigo.pl\/sklep\/wp-json\/wp\/v2\/product"}],"about":[{"href":"https:\/\/www.multifrigo.pl\/sklep\/wp-json\/wp\/v2\/types\/product"}],"wp:featuredmedia":[{"embeddable":true,"href":"https:\/\/www.multifrigo.pl\/sklep\/wp-json\/wp\/v2\/media\/70290"}],"wp:attachment":[{"href":"https:\/\/www.multifrigo.pl\/sklep\/wp-json\/wp\/v2\/media?parent=67900"}],"wp:term":[{"taxonomy":"pwb-brand","embeddable":true,"href":"https:\/\/www.multifrigo.pl\/sklep\/wp-json\/wp\/v2\/pwb-brand?post=67900"},{"taxonomy":"product_brand","embeddable":true,"href":"https:\/\/www.multifrigo.pl\/sklep\/wp-json\/wp\/v2\/product_brand?post=67900"},{"taxonomy":"product_cat","embeddable":true,"href":"https:\/\/www.multifrigo.pl\/sklep\/wp-json\/wp\/v2\/product_cat?post=67900"},{"taxonomy":"product_tag","embeddable":true,"href":"https:\/\/www.multifrigo.pl\/sklep\/wp-json\/wp\/v2\/product_tag?post=67900"}],"curies":[{"name":"wp","href":"https:\/\/api.w.org\/{rel}","templated":true}]}}