{"id":67914,"date":"2025-06-02T08:21:36","date_gmt":"2025-06-02T08:21:36","guid":{"rendered":"https:\/\/www.multifrigo.pl\/sklep\/produkt\/zamrazarka-600st-bartscher-700856\/"},"modified":"2025-11-08T23:04:46","modified_gmt":"2025-11-08T23:04:46","slug":"zamrazarka-600st-bartscher-700856","status":"publish","type":"product","link":"https:\/\/www.multifrigo.pl\/sklep\/produkt\/zamrazarka-600st-bartscher-700856\/","title":{"rendered":"Zamra\u017carka 600ST | Bartscher 700856"},"content":{"rendered":"<p><b>Zamra\u017carka 600ST<\/b><\/p>\n<p>Zamykana zamra\u017carka w solidnym wykonaniu ze stali szlachetnej pozwoli si\u0119 idealnie zintegrowa\u0107 w ka\u017cdej du\u017cej kuchni. Optymalna temperatura ch\u0142odzenia posiada prost\u0105 i intuicyjn\u0105 regulacj\u0119 z dok\u0142adno\u015bci\u0105 do 0,1 \u00b0C za po\u015brednictwem wy\u015bwietlacza. Du\u017c\u0105 przestrze\u0144 wewn\u0105trz mo\u017cna optymalnie wykorzysta\u0107 dzi\u0119ki 6 p\u00f3\u0142kom.<\/p>\n","protected":false},"excerpt":{"rendered":"<p>Zamra\u017carka 600ST Zamykana zamra\u017carka w solidnym wykonaniu ze stali szlachetnej pozwoli si\u0119 idealnie zintegrowa\u0107 w ka\u017cdej du\u017cej kuchni. Optymalna temperatura ch\u0142odzenia posiada prost\u0105 i intuicyjn\u0105 regulacj\u0119 z dok\u0142adno\u015bci\u0105 do 0,1 \u00b0C za po\u015brednictwem wy\u015bwietlacza. Du\u017c\u0105 przestrze\u0144 wewn\u0105trz mo\u017cna optymalnie wykorzysta\u0107 dzi\u0119ki 6 p\u00f3\u0142kom.<\/p>\n","protected":false},"featured_media":70297,"template":"","meta":{"_et_pb_use_builder":"","_et_pb_old_content":"","_et_gb_content_width":""},"pwb-brand":[1577],"product_brand":[],"product_cat":[540],"product_tag":[],"class_list":{"0":"post-67914","1":"product","2":"type-product","3":"status-publish","4":"has-post-thumbnail","6":"pwb-brand-bartscher","7":"product_cat-zamrazarki-skrzyniowe","9":"first","10":"instock","11":"taxable","12":"shipping-taxable","13":"purchasable","14":"product-type-simple"},"brands":[{"id":1577,"name":"Bartscher","slug":"bartscher"}],"_links":{"self":[{"href":"https:\/\/www.multifrigo.pl\/sklep\/wp-json\/wp\/v2\/product\/67914","targetHints":{"allow":["GET"]}}],"collection":[{"href":"https:\/\/www.multifrigo.pl\/sklep\/wp-json\/wp\/v2\/product"}],"about":[{"href":"https:\/\/www.multifrigo.pl\/sklep\/wp-json\/wp\/v2\/types\/product"}],"wp:featuredmedia":[{"embeddable":true,"href":"https:\/\/www.multifrigo.pl\/sklep\/wp-json\/wp\/v2\/media\/70297"}],"wp:attachment":[{"href":"https:\/\/www.multifrigo.pl\/sklep\/wp-json\/wp\/v2\/media?parent=67914"}],"wp:term":[{"taxonomy":"pwb-brand","embeddable":true,"href":"https:\/\/www.multifrigo.pl\/sklep\/wp-json\/wp\/v2\/pwb-brand?post=67914"},{"taxonomy":"product_brand","embeddable":true,"href":"https:\/\/www.multifrigo.pl\/sklep\/wp-json\/wp\/v2\/product_brand?post=67914"},{"taxonomy":"product_cat","embeddable":true,"href":"https:\/\/www.multifrigo.pl\/sklep\/wp-json\/wp\/v2\/product_cat?post=67914"},{"taxonomy":"product_tag","embeddable":true,"href":"https:\/\/www.multifrigo.pl\/sklep\/wp-json\/wp\/v2\/product_tag?post=67914"}],"curies":[{"name":"wp","href":"https:\/\/api.w.org\/{rel}","templated":true}]}}