{"id":67915,"date":"2025-06-02T08:21:44","date_gmt":"2025-06-02T08:21:44","guid":{"rendered":"https:\/\/www.multifrigo.pl\/sklep\/produkt\/lodowka-600-wstl-bartscher-700854\/"},"modified":"2025-07-17T10:07:31","modified_gmt":"2025-07-17T10:07:31","slug":"lodowka-600-wstl-bartscher-700854","status":"publish","type":"product","link":"https:\/\/www.multifrigo.pl\/sklep\/produkt\/lodowka-600-wstl-bartscher-700854\/","title":{"rendered":"Lod\u00f3wka 600 WSTL | Bartscher 700854"},"content":{"rendered":"<p><b>Lod\u00f3wka 600 WSTL<\/b><\/p>\n<p>Zamykana lod\u00f3wka \u2013 dzi\u0119ki powierzchni o delikatnej strukturze \u2013 stanie si\u0119 j\u0119zyczkiem uwagi w ka\u017cdej kuchni gastronomicznej. 5 ruszt\u00f3w z regulacj\u0105 wysoko\u015bci pozwala dowolnie zaaran\u017cowa\u0107 wn\u0119trze w zale\u017cno\u015bci od potrzeb. Optymalna temperatura ch\u0142odzenia posiada prost\u0105 i intuicyjn\u0105 regulacj\u0119 z dok\u0142adno\u015bci\u0105 do 0,1 \u00b0C za po\u015brednictwem wy\u015bwietlacza.<\/p>\n","protected":false},"excerpt":{"rendered":"<p>Lod\u00f3wka 600 WSTL Zamykana lod\u00f3wka \u2013 dzi\u0119ki powierzchni o delikatnej strukturze \u2013 stanie si\u0119 j\u0119zyczkiem uwagi w ka\u017cdej kuchni gastronomicznej. 5 ruszt\u00f3w z regulacj\u0105 wysoko\u015bci pozwala dowolnie zaaran\u017cowa\u0107 wn\u0119trze w zale\u017cno\u015bci od potrzeb. Optymalna temperatura ch\u0142odzenia posiada prost\u0105 i intuicyjn\u0105 regulacj\u0119 z dok\u0142adno\u015bci\u0105 do 0,1 \u00b0C za po\u015brednictwem wy\u015bwietlacza.<\/p>\n","protected":false},"featured_media":70298,"template":"","meta":{"_et_pb_use_builder":"","_et_pb_old_content":"","_et_gb_content_width":""},"pwb-brand":[1577],"product_brand":[],"product_cat":[518],"product_tag":[],"class_list":{"0":"post-67915","1":"product","2":"type-product","3":"status-publish","4":"has-post-thumbnail","6":"pwb-brand-bartscher","7":"product_cat-szafy-chlodnicze","9":"first","10":"instock","11":"taxable","12":"shipping-taxable","13":"purchasable","14":"product-type-simple"},"brands":[{"id":1577,"name":"Bartscher","slug":"bartscher"}],"_links":{"self":[{"href":"https:\/\/www.multifrigo.pl\/sklep\/wp-json\/wp\/v2\/product\/67915","targetHints":{"allow":["GET"]}}],"collection":[{"href":"https:\/\/www.multifrigo.pl\/sklep\/wp-json\/wp\/v2\/product"}],"about":[{"href":"https:\/\/www.multifrigo.pl\/sklep\/wp-json\/wp\/v2\/types\/product"}],"wp:featuredmedia":[{"embeddable":true,"href":"https:\/\/www.multifrigo.pl\/sklep\/wp-json\/wp\/v2\/media\/70298"}],"wp:attachment":[{"href":"https:\/\/www.multifrigo.pl\/sklep\/wp-json\/wp\/v2\/media?parent=67915"}],"wp:term":[{"taxonomy":"pwb-brand","embeddable":true,"href":"https:\/\/www.multifrigo.pl\/sklep\/wp-json\/wp\/v2\/pwb-brand?post=67915"},{"taxonomy":"product_brand","embeddable":true,"href":"https:\/\/www.multifrigo.pl\/sklep\/wp-json\/wp\/v2\/product_brand?post=67915"},{"taxonomy":"product_cat","embeddable":true,"href":"https:\/\/www.multifrigo.pl\/sklep\/wp-json\/wp\/v2\/product_cat?post=67915"},{"taxonomy":"product_tag","embeddable":true,"href":"https:\/\/www.multifrigo.pl\/sklep\/wp-json\/wp\/v2\/product_tag?post=67915"}],"curies":[{"name":"wp","href":"https:\/\/api.w.org\/{rel}","templated":true}]}}