{"id":67920,"date":"2025-06-02T08:22:11","date_gmt":"2025-06-02T08:22:11","guid":{"rendered":"https:\/\/www.multifrigo.pl\/sklep\/produkt\/samowar-3l-1-bartscher-191007\/"},"modified":"2025-07-17T10:07:34","modified_gmt":"2025-07-17T10:07:34","slug":"samowar-3l-1-bartscher-191007","status":"publish","type":"product","link":"https:\/\/www.multifrigo.pl\/sklep\/produkt\/samowar-3l-1-bartscher-191007\/","title":{"rendered":"Samowar 3L-1 | Bartscher 191007"},"content":{"rendered":"<p><b>Samowar 3L-1<\/b><\/p>\n<p>Herbata&#8230; najstarszy gor\u0105cy nap\u00f3j \u015bwiata w dalszym ci\u0105gu pozostaje liderem w\u015br\u00f3d gor\u0105cych napoj\u00f3w na naszej planecie. Wyj\u0105tkowy spos\u00f3b parzenia kawy w samowarze znajduje wci\u0105\u017c wielu amator\u00f3w. Charakteryzuj\u0105cy si\u0119 pi\u0119knym wzornictwem samowar jest synonimem kultury picia herbaty, delektowania si\u0119 jej smakiem i pasji, jak\u0105 budzi.<\/p>\n","protected":false},"excerpt":{"rendered":"<p>Samowar 3L-1 Herbata&#8230; najstarszy gor\u0105cy nap\u00f3j \u015bwiata w dalszym ci\u0105gu pozostaje liderem w\u015br\u00f3d gor\u0105cych napoj\u00f3w na naszej planecie. Wyj\u0105tkowy spos\u00f3b parzenia kawy w samowarze znajduje wci\u0105\u017c wielu amator\u00f3w. Charakteryzuj\u0105cy si\u0119 pi\u0119knym wzornictwem samowar jest synonimem kultury picia herbaty, delektowania si\u0119 jej smakiem i pasji, jak\u0105 budzi.<\/p>\n","protected":false},"featured_media":70300,"template":"","meta":{"_et_pb_use_builder":"","_et_pb_old_content":"","_et_gb_content_width":""},"pwb-brand":[1577],"product_brand":[],"product_cat":[234],"product_tag":[],"class_list":{"0":"post-67920","1":"product","2":"type-product","3":"status-publish","4":"has-post-thumbnail","6":"pwb-brand-bartscher","7":"product_cat-warniki","9":"first","10":"instock","11":"taxable","12":"shipping-taxable","13":"purchasable","14":"product-type-simple"},"brands":[{"id":1577,"name":"Bartscher","slug":"bartscher"}],"_links":{"self":[{"href":"https:\/\/www.multifrigo.pl\/sklep\/wp-json\/wp\/v2\/product\/67920","targetHints":{"allow":["GET"]}}],"collection":[{"href":"https:\/\/www.multifrigo.pl\/sklep\/wp-json\/wp\/v2\/product"}],"about":[{"href":"https:\/\/www.multifrigo.pl\/sklep\/wp-json\/wp\/v2\/types\/product"}],"wp:featuredmedia":[{"embeddable":true,"href":"https:\/\/www.multifrigo.pl\/sklep\/wp-json\/wp\/v2\/media\/70300"}],"wp:attachment":[{"href":"https:\/\/www.multifrigo.pl\/sklep\/wp-json\/wp\/v2\/media?parent=67920"}],"wp:term":[{"taxonomy":"pwb-brand","embeddable":true,"href":"https:\/\/www.multifrigo.pl\/sklep\/wp-json\/wp\/v2\/pwb-brand?post=67920"},{"taxonomy":"product_brand","embeddable":true,"href":"https:\/\/www.multifrigo.pl\/sklep\/wp-json\/wp\/v2\/product_brand?post=67920"},{"taxonomy":"product_cat","embeddable":true,"href":"https:\/\/www.multifrigo.pl\/sklep\/wp-json\/wp\/v2\/product_cat?post=67920"},{"taxonomy":"product_tag","embeddable":true,"href":"https:\/\/www.multifrigo.pl\/sklep\/wp-json\/wp\/v2\/product_tag?post=67920"}],"curies":[{"name":"wp","href":"https:\/\/api.w.org\/{rel}","templated":true}]}}