{"id":67925,"date":"2025-06-02T08:22:39","date_gmt":"2025-06-02T08:22:39","guid":{"rendered":"https:\/\/www.multifrigo.pl\/sklep\/produkt\/zamrazarka-tkgn1-112-bartscher-700852\/"},"modified":"2025-11-08T23:04:43","modified_gmt":"2025-11-08T23:04:43","slug":"zamrazarka-tkgn1-112-bartscher-700852","status":"publish","type":"product","link":"https:\/\/www.multifrigo.pl\/sklep\/produkt\/zamrazarka-tkgn1-112-bartscher-700852\/","title":{"rendered":"Zamra\u017carka TKGN1-112 | Bartscher 700852"},"content":{"rendered":"<p><b>Zamra\u017carka TKGN1-112<\/b><\/p>\n<p>Dzi\u0119ki du\u017cej ilo\u015bci miejsca wewn\u0105trz mro\u017cone produkty mo\u017cna przechowywa\u0107 w przejrzysty spos\u00f3b na rega\u0142ach w formacie 2\/1 GN o regulowanej wysoko\u015bci. Wydajne ch\u0142odzenie cyrkulacyjne zamra\u017carki ze stali nierdzewnej zapewnia r\u00f3wnomiern\u0105 i sta\u0142\u0105 temperatur\u0119 wewn\u0105trz mimo jej rozmiar\u00f3w.<\/p>\n","protected":false},"excerpt":{"rendered":"<p>Zamra\u017carka TKGN1-112 Dzi\u0119ki du\u017cej ilo\u015bci miejsca wewn\u0105trz mro\u017cone produkty mo\u017cna przechowywa\u0107 w przejrzysty spos\u00f3b na rega\u0142ach w formacie 2\/1 GN o regulowanej wysoko\u015bci. Wydajne ch\u0142odzenie cyrkulacyjne zamra\u017carki ze stali nierdzewnej zapewnia r\u00f3wnomiern\u0105 i sta\u0142\u0105 temperatur\u0119 wewn\u0105trz mimo jej rozmiar\u00f3w.<\/p>\n","protected":false},"featured_media":70303,"template":"","meta":{"_et_pb_use_builder":"","_et_pb_old_content":"","_et_gb_content_width":""},"pwb-brand":[1577],"product_brand":[],"product_cat":[540],"product_tag":[],"class_list":{"0":"post-67925","1":"product","2":"type-product","3":"status-publish","4":"has-post-thumbnail","6":"pwb-brand-bartscher","7":"product_cat-zamrazarki-skrzyniowe","9":"first","10":"instock","11":"taxable","12":"shipping-taxable","13":"purchasable","14":"product-type-simple"},"brands":[{"id":1577,"name":"Bartscher","slug":"bartscher"}],"_links":{"self":[{"href":"https:\/\/www.multifrigo.pl\/sklep\/wp-json\/wp\/v2\/product\/67925","targetHints":{"allow":["GET"]}}],"collection":[{"href":"https:\/\/www.multifrigo.pl\/sklep\/wp-json\/wp\/v2\/product"}],"about":[{"href":"https:\/\/www.multifrigo.pl\/sklep\/wp-json\/wp\/v2\/types\/product"}],"wp:featuredmedia":[{"embeddable":true,"href":"https:\/\/www.multifrigo.pl\/sklep\/wp-json\/wp\/v2\/media\/70303"}],"wp:attachment":[{"href":"https:\/\/www.multifrigo.pl\/sklep\/wp-json\/wp\/v2\/media?parent=67925"}],"wp:term":[{"taxonomy":"pwb-brand","embeddable":true,"href":"https:\/\/www.multifrigo.pl\/sklep\/wp-json\/wp\/v2\/pwb-brand?post=67925"},{"taxonomy":"product_brand","embeddable":true,"href":"https:\/\/www.multifrigo.pl\/sklep\/wp-json\/wp\/v2\/product_brand?post=67925"},{"taxonomy":"product_cat","embeddable":true,"href":"https:\/\/www.multifrigo.pl\/sklep\/wp-json\/wp\/v2\/product_cat?post=67925"},{"taxonomy":"product_tag","embeddable":true,"href":"https:\/\/www.multifrigo.pl\/sklep\/wp-json\/wp\/v2\/product_tag?post=67925"}],"curies":[{"name":"wp","href":"https:\/\/api.w.org\/{rel}","templated":true}]}}