{"id":67937,"date":"2025-06-02T08:23:58","date_gmt":"2025-06-02T08:23:58","guid":{"rendered":"https:\/\/www.multifrigo.pl\/sklep\/produkt\/indukcyjna-plyta-grzewcza-iw5-1-bartscher-105601\/"},"modified":"2025-07-17T10:07:49","modified_gmt":"2025-07-17T10:07:49","slug":"indukcyjna-plyta-grzewcza-iw5-1-bartscher-105601","status":"publish","type":"product","link":"https:\/\/www.multifrigo.pl\/sklep\/produkt\/indukcyjna-plyta-grzewcza-iw5-1-bartscher-105601\/","title":{"rendered":"Indukcyjna p\u0142yta grzewcza IW5-1 | Bartscher 105601"},"content":{"rendered":"<p><b>Indukcyjna p\u0142yta grzewcza IW5-1<\/b><\/p>\n<p>P\u0142yta indukcyjna utrzymuj\u0105ca ciep\u0142o nie tylko atrakcyjnie wygl\u0105da, ale wyr\u00f3\u017cnia si\u0119 tak\u017ce moc\u0105 500 W. Mo\u017cliwo\u015b\u0107 po\u0142\u0105czenia do czterech urz\u0105dze\u0144 w rz\u0119dzie sprawia, \u017ce jest to doskona\u0142e rozwi\u0105zanie dla ka\u017cdego gor\u0105cego bufetu lub cateringu.<\/p>\n","protected":false},"excerpt":{"rendered":"<p>Indukcyjna p\u0142yta grzewcza IW5-1 P\u0142yta indukcyjna utrzymuj\u0105ca ciep\u0142o nie tylko atrakcyjnie wygl\u0105da, ale wyr\u00f3\u017cnia si\u0119 tak\u017ce moc\u0105 500 W. Mo\u017cliwo\u015b\u0107 po\u0142\u0105czenia do czterech urz\u0105dze\u0144 w rz\u0119dzie sprawia, \u017ce jest to doskona\u0142e rozwi\u0105zanie dla ka\u017cdego gor\u0105cego bufetu lub cateringu.<\/p>\n","protected":false},"featured_media":70309,"template":"","meta":{"_et_pb_use_builder":"","_et_pb_old_content":"","_et_gb_content_width":""},"pwb-brand":[1577],"product_brand":[],"product_cat":[3401],"product_tag":[],"class_list":{"0":"post-67937","1":"product","2":"type-product","3":"status-publish","4":"has-post-thumbnail","6":"pwb-brand-bartscher","7":"product_cat-tace-i-plyty-grzewcze","9":"first","10":"instock","11":"taxable","12":"shipping-taxable","13":"purchasable","14":"product-type-simple"},"brands":[{"id":1577,"name":"Bartscher","slug":"bartscher"}],"_links":{"self":[{"href":"https:\/\/www.multifrigo.pl\/sklep\/wp-json\/wp\/v2\/product\/67937","targetHints":{"allow":["GET"]}}],"collection":[{"href":"https:\/\/www.multifrigo.pl\/sklep\/wp-json\/wp\/v2\/product"}],"about":[{"href":"https:\/\/www.multifrigo.pl\/sklep\/wp-json\/wp\/v2\/types\/product"}],"wp:featuredmedia":[{"embeddable":true,"href":"https:\/\/www.multifrigo.pl\/sklep\/wp-json\/wp\/v2\/media\/70309"}],"wp:attachment":[{"href":"https:\/\/www.multifrigo.pl\/sklep\/wp-json\/wp\/v2\/media?parent=67937"}],"wp:term":[{"taxonomy":"pwb-brand","embeddable":true,"href":"https:\/\/www.multifrigo.pl\/sklep\/wp-json\/wp\/v2\/pwb-brand?post=67937"},{"taxonomy":"product_brand","embeddable":true,"href":"https:\/\/www.multifrigo.pl\/sklep\/wp-json\/wp\/v2\/product_brand?post=67937"},{"taxonomy":"product_cat","embeddable":true,"href":"https:\/\/www.multifrigo.pl\/sklep\/wp-json\/wp\/v2\/product_cat?post=67937"},{"taxonomy":"product_tag","embeddable":true,"href":"https:\/\/www.multifrigo.pl\/sklep\/wp-json\/wp\/v2\/product_tag?post=67937"}],"curies":[{"name":"wp","href":"https:\/\/api.w.org\/{rel}","templated":true}]}}