{"id":67939,"date":"2025-06-02T08:24:13","date_gmt":"2025-06-02T08:24:13","guid":{"rendered":"https:\/\/www.multifrigo.pl\/sklep\/produkt\/kuchenka-indukcyjna-ik-35ng-1tcks-bartscher-105604\/"},"modified":"2025-07-17T10:07:53","modified_gmt":"2025-07-17T10:07:53","slug":"kuchenka-indukcyjna-ik-35ng-1tcks-bartscher-105604","status":"publish","type":"product","link":"https:\/\/www.multifrigo.pl\/sklep\/produkt\/kuchenka-indukcyjna-ik-35ng-1tcks-bartscher-105604\/","title":{"rendered":"Kuchenka indukcyjna IK 35NG-1TCKS | Bartscher 105604"},"content":{"rendered":"<p><b>Kuchenka indukcyjna IK 35NG-1TCKS<\/b><\/p>\n<p>Kuchenka indukcyjna o mocy 3500 W i ze szk\u0142em SCHOTT CERAN&reg; jest idealna do frontcookingu lub do kuchni. Dzi\u0119ki nowoczesnej technologii Half Bridge mo\u017cliwe jest r&oacute;wnie\u017c niezawodne gotowanie w niskiej temperaturze. Dzi\u0119ki po\u0142\u0105czonej obs\u0142udze za pomoc\u0105 pokr\u0119te\u0142 i dotyku, mo\u017cna wygodnie sterowa\u0107 poziomami mocy, a tak\u017ce zakresami temperatur.<\/p>\n","protected":false},"excerpt":{"rendered":"<p>Kuchenka indukcyjna IK 35NG-1TCKS Kuchenka indukcyjna o mocy 3500 W i ze szk\u0142em SCHOTT CERAN&reg; jest idealna do frontcookingu lub do kuchni. Dzi\u0119ki nowoczesnej technologii Half Bridge mo\u017cliwe jest r&oacute;wnie\u017c niezawodne gotowanie w niskiej temperaturze. Dzi\u0119ki po\u0142\u0105czonej obs\u0142udze za pomoc\u0105 pokr\u0119te\u0142 i dotyku, mo\u017cna wygodnie sterowa\u0107 poziomami mocy, a tak\u017ce zakresami temperatur.<\/p>\n","protected":false},"featured_media":70311,"template":"","meta":{"_et_pb_use_builder":"","_et_pb_old_content":"","_et_gb_content_width":""},"pwb-brand":[1577],"product_brand":[],"product_cat":[2591],"product_tag":[],"class_list":{"0":"post-67939","1":"product","2":"type-product","3":"status-publish","4":"has-post-thumbnail","6":"pwb-brand-bartscher","7":"product_cat-kuchenki-indukcyjne-kuchenki-nastawne","9":"first","10":"instock","11":"taxable","12":"shipping-taxable","13":"purchasable","14":"product-type-simple"},"brands":[{"id":1577,"name":"Bartscher","slug":"bartscher"}],"_links":{"self":[{"href":"https:\/\/www.multifrigo.pl\/sklep\/wp-json\/wp\/v2\/product\/67939","targetHints":{"allow":["GET"]}}],"collection":[{"href":"https:\/\/www.multifrigo.pl\/sklep\/wp-json\/wp\/v2\/product"}],"about":[{"href":"https:\/\/www.multifrigo.pl\/sklep\/wp-json\/wp\/v2\/types\/product"}],"wp:featuredmedia":[{"embeddable":true,"href":"https:\/\/www.multifrigo.pl\/sklep\/wp-json\/wp\/v2\/media\/70311"}],"wp:attachment":[{"href":"https:\/\/www.multifrigo.pl\/sklep\/wp-json\/wp\/v2\/media?parent=67939"}],"wp:term":[{"taxonomy":"pwb-brand","embeddable":true,"href":"https:\/\/www.multifrigo.pl\/sklep\/wp-json\/wp\/v2\/pwb-brand?post=67939"},{"taxonomy":"product_brand","embeddable":true,"href":"https:\/\/www.multifrigo.pl\/sklep\/wp-json\/wp\/v2\/product_brand?post=67939"},{"taxonomy":"product_cat","embeddable":true,"href":"https:\/\/www.multifrigo.pl\/sklep\/wp-json\/wp\/v2\/product_cat?post=67939"},{"taxonomy":"product_tag","embeddable":true,"href":"https:\/\/www.multifrigo.pl\/sklep\/wp-json\/wp\/v2\/product_tag?post=67939"}],"curies":[{"name":"wp","href":"https:\/\/api.w.org\/{rel}","templated":true}]}}