{"id":67962,"date":"2025-06-02T08:26:32","date_gmt":"2025-06-02T08:26:32","guid":{"rendered":"https:\/\/www.multifrigo.pl\/sklep\/produkt\/zamrazarka-391-w-bartscher-700968\/"},"modified":"2025-11-08T23:04:40","modified_gmt":"2025-11-08T23:04:40","slug":"zamrazarka-391-w-bartscher-700968","status":"publish","type":"product","link":"https:\/\/www.multifrigo.pl\/sklep\/produkt\/zamrazarka-391-w-bartscher-700968\/","title":{"rendered":"Zamra\u017carka 391-W | Bartscher 700968"},"content":{"rendered":"<p><b>Zamra\u017carka 391-W<\/b><\/p>\n<p>Zamra\u017carka o pojemno\u015bci 391 litr&oacute;w stanowi energooszcz\u0119dn\u0105 alternatyw\u0119 dla zwyk\u0142ej zamra\u017carki. Kosze oraz \u015bcianka dzia\u0142owa zapewniaj\u0105 uporz\u0105dkowane przechowywanie dobrze posortowanych mro\u017conek.<\/p>\n","protected":false},"excerpt":{"rendered":"<p>Zamra\u017carka 391-W Zamra\u017carka o pojemno\u015bci 391 litr&oacute;w stanowi energooszcz\u0119dn\u0105 alternatyw\u0119 dla zwyk\u0142ej zamra\u017carki. Kosze oraz \u015bcianka dzia\u0142owa zapewniaj\u0105 uporz\u0105dkowane przechowywanie dobrze posortowanych mro\u017conek.<\/p>\n","protected":false},"featured_media":70319,"template":"","meta":{"_et_pb_use_builder":"","_et_pb_old_content":"","_et_gb_content_width":""},"pwb-brand":[1577],"product_brand":[],"product_cat":[540],"product_tag":[],"class_list":{"0":"post-67962","1":"product","2":"type-product","3":"status-publish","4":"has-post-thumbnail","6":"pwb-brand-bartscher","7":"product_cat-zamrazarki-skrzyniowe","9":"first","10":"instock","11":"taxable","12":"shipping-taxable","13":"purchasable","14":"product-type-simple"},"brands":[{"id":1577,"name":"Bartscher","slug":"bartscher"}],"_links":{"self":[{"href":"https:\/\/www.multifrigo.pl\/sklep\/wp-json\/wp\/v2\/product\/67962","targetHints":{"allow":["GET"]}}],"collection":[{"href":"https:\/\/www.multifrigo.pl\/sklep\/wp-json\/wp\/v2\/product"}],"about":[{"href":"https:\/\/www.multifrigo.pl\/sklep\/wp-json\/wp\/v2\/types\/product"}],"wp:featuredmedia":[{"embeddable":true,"href":"https:\/\/www.multifrigo.pl\/sklep\/wp-json\/wp\/v2\/media\/70319"}],"wp:attachment":[{"href":"https:\/\/www.multifrigo.pl\/sklep\/wp-json\/wp\/v2\/media?parent=67962"}],"wp:term":[{"taxonomy":"pwb-brand","embeddable":true,"href":"https:\/\/www.multifrigo.pl\/sklep\/wp-json\/wp\/v2\/pwb-brand?post=67962"},{"taxonomy":"product_brand","embeddable":true,"href":"https:\/\/www.multifrigo.pl\/sklep\/wp-json\/wp\/v2\/product_brand?post=67962"},{"taxonomy":"product_cat","embeddable":true,"href":"https:\/\/www.multifrigo.pl\/sklep\/wp-json\/wp\/v2\/product_cat?post=67962"},{"taxonomy":"product_tag","embeddable":true,"href":"https:\/\/www.multifrigo.pl\/sklep\/wp-json\/wp\/v2\/product_tag?post=67962"}],"curies":[{"name":"wp","href":"https:\/\/api.w.org\/{rel}","templated":true}]}}