{"id":67975,"date":"2025-06-02T08:27:29","date_gmt":"2025-06-02T08:27:29","guid":{"rendered":"https:\/\/www.multifrigo.pl\/sklep\/produkt\/walkownica-4000-bartscher-101881\/"},"modified":"2025-07-17T10:08:12","modified_gmt":"2025-07-17T10:08:12","slug":"walkownica-4000-bartscher-101881","status":"publish","type":"product","link":"https:\/\/www.multifrigo.pl\/sklep\/produkt\/walkownica-4000-bartscher-101881\/","title":{"rendered":"Wa\u0142kownica 4000 | Bartscher 101881"},"content":{"rendered":"<p><b>Wa\u0142kownica 4000<\/b><\/p>\n<p>Doskona\u0142y efekt przy minimalnym nak\u0142adzie czasu i pracy \u2013 przy pomocy wa\u0142kownicy mo\u017cesz w mgnieniu oka przygotowa\u0107 ciasto o \u015brednicy do 400 mm. Uniwersalna produkcja \u2013 od tarty flamb\u00e9e przez ciasta na pizz\u0119 po chlebek do kebabu \u2013 jest bardzo prosta i mo\u017cliwa dzi\u0119ki regulacji grubo\u015bci ciasta na obu wa\u0142kach ciasta.<\/p>\n","protected":false},"excerpt":{"rendered":"<p>Wa\u0142kownica 4000 Doskona\u0142y efekt przy minimalnym nak\u0142adzie czasu i pracy \u2013 przy pomocy wa\u0142kownicy mo\u017cesz w mgnieniu oka przygotowa\u0107 ciasto o \u015brednicy do 400 mm. Uniwersalna produkcja \u2013 od tarty flamb\u00e9e przez ciasta na pizz\u0119 po chlebek do kebabu \u2013 jest bardzo prosta i mo\u017cliwa dzi\u0119ki regulacji grubo\u015bci ciasta na obu wa\u0142kach ciasta.<\/p>\n","protected":false},"featured_media":70322,"template":"","meta":{"_et_pb_use_builder":"","_et_pb_old_content":"","_et_gb_content_width":""},"pwb-brand":[1577],"product_brand":[],"product_cat":[485],"product_tag":[],"class_list":{"0":"post-67975","1":"product","2":"type-product","3":"status-publish","4":"has-post-thumbnail","6":"pwb-brand-bartscher","7":"product_cat-walkownice-do-ciasta","9":"first","10":"instock","11":"taxable","12":"shipping-taxable","13":"purchasable","14":"product-type-simple"},"brands":[{"id":1577,"name":"Bartscher","slug":"bartscher"}],"_links":{"self":[{"href":"https:\/\/www.multifrigo.pl\/sklep\/wp-json\/wp\/v2\/product\/67975","targetHints":{"allow":["GET"]}}],"collection":[{"href":"https:\/\/www.multifrigo.pl\/sklep\/wp-json\/wp\/v2\/product"}],"about":[{"href":"https:\/\/www.multifrigo.pl\/sklep\/wp-json\/wp\/v2\/types\/product"}],"wp:featuredmedia":[{"embeddable":true,"href":"https:\/\/www.multifrigo.pl\/sklep\/wp-json\/wp\/v2\/media\/70322"}],"wp:attachment":[{"href":"https:\/\/www.multifrigo.pl\/sklep\/wp-json\/wp\/v2\/media?parent=67975"}],"wp:term":[{"taxonomy":"pwb-brand","embeddable":true,"href":"https:\/\/www.multifrigo.pl\/sklep\/wp-json\/wp\/v2\/pwb-brand?post=67975"},{"taxonomy":"product_brand","embeddable":true,"href":"https:\/\/www.multifrigo.pl\/sklep\/wp-json\/wp\/v2\/product_brand?post=67975"},{"taxonomy":"product_cat","embeddable":true,"href":"https:\/\/www.multifrigo.pl\/sklep\/wp-json\/wp\/v2\/product_cat?post=67975"},{"taxonomy":"product_tag","embeddable":true,"href":"https:\/\/www.multifrigo.pl\/sklep\/wp-json\/wp\/v2\/product_tag?post=67975"}],"curies":[{"name":"wp","href":"https:\/\/api.w.org\/{rel}","templated":true}]}}