{"id":68009,"date":"2025-06-02T08:30:00","date_gmt":"2025-06-02T08:30:00","guid":{"rendered":"https:\/\/www.multifrigo.pl\/sklep\/produkt\/ekspres-do-kawy-easy-slim-200-bartscher-190095\/"},"modified":"2025-07-17T10:08:23","modified_gmt":"2025-07-17T10:08:23","slug":"ekspres-do-kawy-easy-slim-200-bartscher-190095","status":"publish","type":"product","link":"https:\/\/www.multifrigo.pl\/sklep\/produkt\/ekspres-do-kawy-easy-slim-200-bartscher-190095\/","title":{"rendered":"Ekspres do kawy Easy Slim 200 | Bartscher 190095"},"content":{"rendered":"<p><b>Ekspres do kawy Easy Slim 200<\/b><\/p>\n<p>Du\u017ca r\u00f3\u017cnorodno\u015b\u0107 w kompaktowym designie \u2013 tutaj niezawodna technologia \u0142\u0105czy si\u0119 z bogatym wyborem napoj\u00f3w. Ekspres do kawy z pojemnikiem na ziarna o pojemno\u015bci 200 gram\u00f3w i wyjmowanym zbiornikiem na mleko spe\u0142ni ekskluzywne oczekiwania, nawet mimo umiarkowanej liczby pobra\u0144.<\/p>\n","protected":false},"excerpt":{"rendered":"<p>Ekspres do kawy Easy Slim 200 Du\u017ca r\u00f3\u017cnorodno\u015b\u0107 w kompaktowym designie \u2013 tutaj niezawodna technologia \u0142\u0105czy si\u0119 z bogatym wyborem napoj\u00f3w. Ekspres do kawy z pojemnikiem na ziarna o pojemno\u015bci 200 gram\u00f3w i wyjmowanym zbiornikiem na mleko spe\u0142ni ekskluzywne oczekiwania, nawet mimo umiarkowanej liczby pobra\u0144.<\/p>\n","protected":false},"featured_media":70327,"template":"","meta":{"_et_pb_use_builder":"","_et_pb_old_content":"","_et_gb_content_width":""},"pwb-brand":[1577],"product_brand":[],"product_cat":[322],"product_tag":[],"class_list":{"0":"post-68009","1":"product","2":"type-product","3":"status-publish","4":"has-post-thumbnail","6":"pwb-brand-bartscher","7":"product_cat-ekspresy-automatyczne","9":"first","10":"instock","11":"taxable","12":"shipping-taxable","13":"purchasable","14":"product-type-simple"},"brands":[{"id":1577,"name":"Bartscher","slug":"bartscher"}],"_links":{"self":[{"href":"https:\/\/www.multifrigo.pl\/sklep\/wp-json\/wp\/v2\/product\/68009","targetHints":{"allow":["GET"]}}],"collection":[{"href":"https:\/\/www.multifrigo.pl\/sklep\/wp-json\/wp\/v2\/product"}],"about":[{"href":"https:\/\/www.multifrigo.pl\/sklep\/wp-json\/wp\/v2\/types\/product"}],"wp:featuredmedia":[{"embeddable":true,"href":"https:\/\/www.multifrigo.pl\/sklep\/wp-json\/wp\/v2\/media\/70327"}],"wp:attachment":[{"href":"https:\/\/www.multifrigo.pl\/sklep\/wp-json\/wp\/v2\/media?parent=68009"}],"wp:term":[{"taxonomy":"pwb-brand","embeddable":true,"href":"https:\/\/www.multifrigo.pl\/sklep\/wp-json\/wp\/v2\/pwb-brand?post=68009"},{"taxonomy":"product_brand","embeddable":true,"href":"https:\/\/www.multifrigo.pl\/sklep\/wp-json\/wp\/v2\/product_brand?post=68009"},{"taxonomy":"product_cat","embeddable":true,"href":"https:\/\/www.multifrigo.pl\/sklep\/wp-json\/wp\/v2\/product_cat?post=68009"},{"taxonomy":"product_tag","embeddable":true,"href":"https:\/\/www.multifrigo.pl\/sklep\/wp-json\/wp\/v2\/product_tag?post=68009"}],"curies":[{"name":"wp","href":"https:\/\/api.w.org\/{rel}","templated":true}]}}