{"id":68010,"date":"2025-06-02T08:30:08","date_gmt":"2025-06-02T08:30:08","guid":{"rendered":"https:\/\/www.multifrigo.pl\/sklep\/produkt\/ekspres-do-kawy-easy-plus-550-bartscher-190096\/"},"modified":"2025-07-17T10:08:25","modified_gmt":"2025-07-17T10:08:25","slug":"ekspres-do-kawy-easy-plus-550-bartscher-190096","status":"publish","type":"product","link":"https:\/\/www.multifrigo.pl\/sklep\/produkt\/ekspres-do-kawy-easy-plus-550-bartscher-190096\/","title":{"rendered":"Ekspres do kawy Easy Plus 550 | Bartscher 190096"},"content":{"rendered":"<p><b>Ekspres do kawy Easy Plus 550<\/b><\/p>\n<p>R\u00f3\u017cne kawowe specja\u0142y z mlekiem lub bez, napoje ze spienionym mlekiem, a tak\u017ce mo\u017cliwo\u015b\u0107 pobrania gor\u0105cej wody \u2013 ten ekspres spe\u0142ni ka\u017cde \u017cyczenie. Dzi\u0119ki zbiornikowi o pojemno\u015bci 4 litr\u00f3w i pojemnikowi zdolnemu pomie\u015bci\u0107 550 gram ziarna, urz\u0105dzenie to doskonale sprawdzi si\u0119 w kuchni dla pracownik\u00f3w lub sali konferencyjnej.<\/p>\n","protected":false},"excerpt":{"rendered":"<p>Ekspres do kawy Easy Plus 550 R\u00f3\u017cne kawowe specja\u0142y z mlekiem lub bez, napoje ze spienionym mlekiem, a tak\u017ce mo\u017cliwo\u015b\u0107 pobrania gor\u0105cej wody \u2013 ten ekspres spe\u0142ni ka\u017cde \u017cyczenie. Dzi\u0119ki zbiornikowi o pojemno\u015bci 4 litr\u00f3w i pojemnikowi zdolnemu pomie\u015bci\u0107 550 gram ziarna, urz\u0105dzenie to doskonale sprawdzi si\u0119 w kuchni dla pracownik\u00f3w lub sali konferencyjnej.<\/p>\n","protected":false},"featured_media":70328,"template":"","meta":{"_et_pb_use_builder":"","_et_pb_old_content":"","_et_gb_content_width":""},"pwb-brand":[1577],"product_brand":[],"product_cat":[322],"product_tag":[],"class_list":{"0":"post-68010","1":"product","2":"type-product","3":"status-publish","4":"has-post-thumbnail","6":"pwb-brand-bartscher","7":"product_cat-ekspresy-automatyczne","9":"first","10":"instock","11":"taxable","12":"shipping-taxable","13":"purchasable","14":"product-type-simple"},"brands":[{"id":1577,"name":"Bartscher","slug":"bartscher"}],"_links":{"self":[{"href":"https:\/\/www.multifrigo.pl\/sklep\/wp-json\/wp\/v2\/product\/68010","targetHints":{"allow":["GET"]}}],"collection":[{"href":"https:\/\/www.multifrigo.pl\/sklep\/wp-json\/wp\/v2\/product"}],"about":[{"href":"https:\/\/www.multifrigo.pl\/sklep\/wp-json\/wp\/v2\/types\/product"}],"wp:featuredmedia":[{"embeddable":true,"href":"https:\/\/www.multifrigo.pl\/sklep\/wp-json\/wp\/v2\/media\/70328"}],"wp:attachment":[{"href":"https:\/\/www.multifrigo.pl\/sklep\/wp-json\/wp\/v2\/media?parent=68010"}],"wp:term":[{"taxonomy":"pwb-brand","embeddable":true,"href":"https:\/\/www.multifrigo.pl\/sklep\/wp-json\/wp\/v2\/pwb-brand?post=68010"},{"taxonomy":"product_brand","embeddable":true,"href":"https:\/\/www.multifrigo.pl\/sklep\/wp-json\/wp\/v2\/product_brand?post=68010"},{"taxonomy":"product_cat","embeddable":true,"href":"https:\/\/www.multifrigo.pl\/sklep\/wp-json\/wp\/v2\/product_cat?post=68010"},{"taxonomy":"product_tag","embeddable":true,"href":"https:\/\/www.multifrigo.pl\/sklep\/wp-json\/wp\/v2\/product_tag?post=68010"}],"curies":[{"name":"wp","href":"https:\/\/api.w.org\/{rel}","templated":true}]}}