{"id":68058,"date":"2025-06-02T08:33:33","date_gmt":"2025-06-02T08:33:33","guid":{"rendered":"https:\/\/www.multifrigo.pl\/sklep\/produkt\/chlodziarka-do-wina-4fls-10-bartscher-700143\/"},"modified":"2025-07-17T10:08:39","modified_gmt":"2025-07-17T10:08:39","slug":"chlodziarka-do-wina-4fls-10-bartscher-700143","status":"publish","type":"product","link":"https:\/\/www.multifrigo.pl\/sklep\/produkt\/chlodziarka-do-wina-4fls-10-bartscher-700143\/","title":{"rendered":"Ch\u0142odziarka do wina 4FLS-10 | Bartscher 700143"},"content":{"rendered":"<p><b>Ch\u0142odziarka do wina 4FLS-10<\/b><\/p>\n<p>Ch\u0142odziarka do wina z o\u015bwietleniem LED oferuje miejsce na cztery do pi\u0119ciu butelek wina. W strefie temperaturowej mo\u017cna bez problemu ch\u0142odzi\u0107 tak\u017ce szampana i Bordeaux. Dzi\u0119ki prostemu i nowoczesnemu designowi idealnie nadaje si\u0119 do restauracji, bar\u00f3w i bufet\u00f3w.<\/p>\n","protected":false},"excerpt":{"rendered":"<p>Ch\u0142odziarka do wina 4FLS-10 Ch\u0142odziarka do wina z o\u015bwietleniem LED oferuje miejsce na cztery do pi\u0119ciu butelek wina. W strefie temperaturowej mo\u017cna bez problemu ch\u0142odzi\u0107 tak\u017ce szampana i Bordeaux. Dzi\u0119ki prostemu i nowoczesnemu designowi idealnie nadaje si\u0119 do restauracji, bar\u00f3w i bufet\u00f3w.<\/p>\n","protected":false},"featured_media":70336,"template":"","meta":{"_et_pb_use_builder":"","_et_pb_old_content":"","_et_gb_content_width":""},"pwb-brand":[1577],"product_brand":[],"product_cat":[1726],"product_tag":[],"class_list":{"0":"post-68058","1":"product","2":"type-product","3":"status-publish","4":"has-post-thumbnail","6":"pwb-brand-bartscher","7":"product_cat-chlodziarki-na-wino","9":"first","10":"instock","11":"taxable","12":"shipping-taxable","13":"purchasable","14":"product-type-simple"},"brands":[{"id":1577,"name":"Bartscher","slug":"bartscher"}],"_links":{"self":[{"href":"https:\/\/www.multifrigo.pl\/sklep\/wp-json\/wp\/v2\/product\/68058","targetHints":{"allow":["GET"]}}],"collection":[{"href":"https:\/\/www.multifrigo.pl\/sklep\/wp-json\/wp\/v2\/product"}],"about":[{"href":"https:\/\/www.multifrigo.pl\/sklep\/wp-json\/wp\/v2\/types\/product"}],"wp:featuredmedia":[{"embeddable":true,"href":"https:\/\/www.multifrigo.pl\/sklep\/wp-json\/wp\/v2\/media\/70336"}],"wp:attachment":[{"href":"https:\/\/www.multifrigo.pl\/sklep\/wp-json\/wp\/v2\/media?parent=68058"}],"wp:term":[{"taxonomy":"pwb-brand","embeddable":true,"href":"https:\/\/www.multifrigo.pl\/sklep\/wp-json\/wp\/v2\/pwb-brand?post=68058"},{"taxonomy":"product_brand","embeddable":true,"href":"https:\/\/www.multifrigo.pl\/sklep\/wp-json\/wp\/v2\/product_brand?post=68058"},{"taxonomy":"product_cat","embeddable":true,"href":"https:\/\/www.multifrigo.pl\/sklep\/wp-json\/wp\/v2\/product_cat?post=68058"},{"taxonomy":"product_tag","embeddable":true,"href":"https:\/\/www.multifrigo.pl\/sklep\/wp-json\/wp\/v2\/product_tag?post=68058"}],"curies":[{"name":"wp","href":"https:\/\/api.w.org\/{rel}","templated":true}]}}