{"id":68105,"date":"2025-06-02T08:36:44","date_gmt":"2025-06-02T08:36:44","guid":{"rendered":"https:\/\/www.multifrigo.pl\/sklep\/produkt\/plyta-grillowa-dwustronna-egr60400-bartscher-100437\/"},"modified":"2025-07-17T10:08:46","modified_gmt":"2025-07-17T10:08:46","slug":"plyta-grillowa-dwustronna-egr60400-bartscher-100437","status":"publish","type":"product","link":"https:\/\/www.multifrigo.pl\/sklep\/produkt\/plyta-grillowa-dwustronna-egr60400-bartscher-100437\/","title":{"rendered":"P\u0142yta grillowa dwustronna EGR60400 | Bartscher 100437"},"content":{"rendered":"<p><b>P\u0142yta grillowa dwustronna EGR60400<\/b><\/p>\n<p>Dwustronna p\u0142yta grillowa jest idealnym uzupe\u0142nieniem do piec\u00f3w konwekcyjno-parowych lub piekarnik\u00f3w z miejscem na prowadnice o wymiarach 600 x 400 mm. G\u0142adka strona umo\u017cliwia pieczenie cudownie chrupi\u0105cej pizzy, natomiast na stronie rowkowanej grillowane warzywa lub mi\u0119so zyskuj\u0105 typowy grillowy wz\u00f3r i mocny aromat pieczonej potrawy.<\/p>\n","protected":false},"excerpt":{"rendered":"<p>P\u0142yta grillowa dwustronna EGR60400 Dwustronna p\u0142yta grillowa jest idealnym uzupe\u0142nieniem do piec\u00f3w konwekcyjno-parowych lub piekarnik\u00f3w z miejscem na prowadnice o wymiarach 600 x 400 mm. G\u0142adka strona umo\u017cliwia pieczenie cudownie chrupi\u0105cej pizzy, natomiast na stronie rowkowanej grillowane warzywa lub mi\u0119so zyskuj\u0105 typowy grillowy wz\u00f3r i mocny aromat pieczonej potrawy.<\/p>\n","protected":false},"featured_media":70340,"template":"","meta":{"_et_pb_use_builder":"","_et_pb_old_content":"","_et_gb_content_width":""},"pwb-brand":[1577],"product_brand":[],"product_cat":[446],"product_tag":[],"class_list":{"0":"post-68105","1":"product","2":"type-product","3":"status-publish","4":"has-post-thumbnail","6":"pwb-brand-bartscher","7":"product_cat-plyty-grillowe","9":"first","10":"instock","11":"taxable","12":"shipping-taxable","13":"purchasable","14":"product-type-simple"},"brands":[{"id":1577,"name":"Bartscher","slug":"bartscher"}],"_links":{"self":[{"href":"https:\/\/www.multifrigo.pl\/sklep\/wp-json\/wp\/v2\/product\/68105","targetHints":{"allow":["GET"]}}],"collection":[{"href":"https:\/\/www.multifrigo.pl\/sklep\/wp-json\/wp\/v2\/product"}],"about":[{"href":"https:\/\/www.multifrigo.pl\/sklep\/wp-json\/wp\/v2\/types\/product"}],"wp:featuredmedia":[{"embeddable":true,"href":"https:\/\/www.multifrigo.pl\/sklep\/wp-json\/wp\/v2\/media\/70340"}],"wp:attachment":[{"href":"https:\/\/www.multifrigo.pl\/sklep\/wp-json\/wp\/v2\/media?parent=68105"}],"wp:term":[{"taxonomy":"pwb-brand","embeddable":true,"href":"https:\/\/www.multifrigo.pl\/sklep\/wp-json\/wp\/v2\/pwb-brand?post=68105"},{"taxonomy":"product_brand","embeddable":true,"href":"https:\/\/www.multifrigo.pl\/sklep\/wp-json\/wp\/v2\/product_brand?post=68105"},{"taxonomy":"product_cat","embeddable":true,"href":"https:\/\/www.multifrigo.pl\/sklep\/wp-json\/wp\/v2\/product_cat?post=68105"},{"taxonomy":"product_tag","embeddable":true,"href":"https:\/\/www.multifrigo.pl\/sklep\/wp-json\/wp\/v2\/product_tag?post=68105"}],"curies":[{"name":"wp","href":"https:\/\/api.w.org\/{rel}","templated":true}]}}