{"id":68183,"date":"2025-06-02T08:42:15","date_gmt":"2025-06-02T08:42:15","guid":{"rendered":"https:\/\/www.multifrigo.pl\/sklep\/produkt\/piec-konwekcyjno-parowy-silversteam2-p-7110d-bartscher-117792\/"},"modified":"2025-07-17T10:09:02","modified_gmt":"2025-07-17T10:09:02","slug":"piec-konwekcyjno-parowy-silversteam2-p-7110d-bartscher-117792","status":"publish","type":"product","link":"https:\/\/www.multifrigo.pl\/sklep\/produkt\/piec-konwekcyjno-parowy-silversteam2-p-7110d-bartscher-117792\/","title":{"rendered":"Piec konwekcyjno-parowy Silversteam2 P-7110D | Bartscher 117792"},"content":{"rendered":"<p><b>Piec konwekcyjno-parowy Silversteam2 P-7110D<\/b><\/p>\n<p>Wi\u0119ksza wydajno\u015b\u0107 i oszcz\u0119dno\u015b\u0107 czasu dzi\u0119ki piecowi konwekcyjno-parowemu Silversteam2 P 7 x 1\/1 GN dzi\u0119ki dodatkowej mocy. W pe\u0142ni wyposa\u017cone komory nie stanowi\u0105 problemu dzi\u0119ki wysokiej wydajno\u015bci i funkcji Rack Control. Kr\u00f3tszy czas obr\u00f3bki termicznej, kr\u00f3tszy czas nagrzewania i \u0142atwa obs\u0142uga m\u00f3wi\u0105 same za siebie.<\/p>\n","protected":false},"excerpt":{"rendered":"<p>Piec konwekcyjno-parowy Silversteam2 P-7110D Wi\u0119ksza wydajno\u015b\u0107 i oszcz\u0119dno\u015b\u0107 czasu dzi\u0119ki piecowi konwekcyjno-parowemu Silversteam2 P 7 x 1\/1 GN dzi\u0119ki dodatkowej mocy. W pe\u0142ni wyposa\u017cone komory nie stanowi\u0105 problemu dzi\u0119ki wysokiej wydajno\u015bci i funkcji Rack Control. Kr\u00f3tszy czas obr\u00f3bki termicznej, kr\u00f3tszy czas nagrzewania i \u0142atwa obs\u0142uga m\u00f3wi\u0105 same za siebie.<\/p>\n","protected":false},"featured_media":70350,"template":"","meta":{"_et_pb_use_builder":"","_et_pb_old_content":"","_et_gb_content_width":""},"pwb-brand":[1577],"product_brand":[],"product_cat":[541],"product_tag":[],"class_list":{"0":"post-68183","1":"product","2":"type-product","3":"status-publish","4":"has-post-thumbnail","6":"pwb-brand-bartscher","7":"product_cat-piece-konwekcyjno-parowe","9":"first","10":"instock","11":"taxable","12":"shipping-taxable","13":"purchasable","14":"product-type-simple"},"brands":[{"id":1577,"name":"Bartscher","slug":"bartscher"}],"_links":{"self":[{"href":"https:\/\/www.multifrigo.pl\/sklep\/wp-json\/wp\/v2\/product\/68183","targetHints":{"allow":["GET"]}}],"collection":[{"href":"https:\/\/www.multifrigo.pl\/sklep\/wp-json\/wp\/v2\/product"}],"about":[{"href":"https:\/\/www.multifrigo.pl\/sklep\/wp-json\/wp\/v2\/types\/product"}],"wp:featuredmedia":[{"embeddable":true,"href":"https:\/\/www.multifrigo.pl\/sklep\/wp-json\/wp\/v2\/media\/70350"}],"wp:attachment":[{"href":"https:\/\/www.multifrigo.pl\/sklep\/wp-json\/wp\/v2\/media?parent=68183"}],"wp:term":[{"taxonomy":"pwb-brand","embeddable":true,"href":"https:\/\/www.multifrigo.pl\/sklep\/wp-json\/wp\/v2\/pwb-brand?post=68183"},{"taxonomy":"product_brand","embeddable":true,"href":"https:\/\/www.multifrigo.pl\/sklep\/wp-json\/wp\/v2\/product_brand?post=68183"},{"taxonomy":"product_cat","embeddable":true,"href":"https:\/\/www.multifrigo.pl\/sklep\/wp-json\/wp\/v2\/product_cat?post=68183"},{"taxonomy":"product_tag","embeddable":true,"href":"https:\/\/www.multifrigo.pl\/sklep\/wp-json\/wp\/v2\/product_tag?post=68183"}],"curies":[{"name":"wp","href":"https:\/\/api.w.org\/{rel}","templated":true}]}}