{"id":68313,"date":"2025-06-02T09:56:37","date_gmt":"2025-06-02T09:56:37","guid":{"rendered":"https:\/\/www.multifrigo.pl\/sklep\/produkt\/okap-kondensacyjny-silversteam2-bartscher-116119\/"},"modified":"2025-07-17T10:09:47","modified_gmt":"2025-07-17T10:09:47","slug":"okap-kondensacyjny-silversteam2-bartscher-116119","status":"publish","type":"product","link":"https:\/\/www.multifrigo.pl\/sklep\/produkt\/okap-kondensacyjny-silversteam2-bartscher-116119\/","title":{"rendered":"Okap kondensacyjny Silversteam2 | Bartscher 116119"},"content":{"rendered":"<p><b>Okap kondensacyjny Silversteam2<\/b><\/p>\n<p>W przypadku zastosowania piec\u00f3w konwekcyjno-parowych z serii Silversteam2 razem z okapem kondensacyjnym instalacja wyci\u0105gowa nie jest wymagana. Opary towarzysz\u0105ce gotowaniu s\u0105 wychwytywane przez dwa filtry zintegrowane w okapie kondensacyjnym.<\/p>\n","protected":false},"excerpt":{"rendered":"<p>Okap kondensacyjny Silversteam2 W przypadku zastosowania piec\u00f3w konwekcyjno-parowych z serii Silversteam2 razem z okapem kondensacyjnym instalacja wyci\u0105gowa nie jest wymagana. Opary towarzysz\u0105ce gotowaniu s\u0105 wychwytywane przez dwa filtry zintegrowane w okapie kondensacyjnym.<\/p>\n","protected":false},"featured_media":70375,"template":"","meta":{"_et_pb_use_builder":"","_et_pb_old_content":"","_et_gb_content_width":""},"pwb-brand":[1577],"product_brand":[],"product_cat":[549],"product_tag":[],"class_list":{"0":"post-68313","1":"product","2":"type-product","3":"status-publish","4":"has-post-thumbnail","6":"pwb-brand-bartscher","7":"product_cat-okapy-do-piecow","9":"first","10":"instock","11":"taxable","12":"shipping-taxable","13":"purchasable","14":"product-type-simple"},"brands":[{"id":1577,"name":"Bartscher","slug":"bartscher"}],"_links":{"self":[{"href":"https:\/\/www.multifrigo.pl\/sklep\/wp-json\/wp\/v2\/product\/68313","targetHints":{"allow":["GET"]}}],"collection":[{"href":"https:\/\/www.multifrigo.pl\/sklep\/wp-json\/wp\/v2\/product"}],"about":[{"href":"https:\/\/www.multifrigo.pl\/sklep\/wp-json\/wp\/v2\/types\/product"}],"wp:featuredmedia":[{"embeddable":true,"href":"https:\/\/www.multifrigo.pl\/sklep\/wp-json\/wp\/v2\/media\/70375"}],"wp:attachment":[{"href":"https:\/\/www.multifrigo.pl\/sklep\/wp-json\/wp\/v2\/media?parent=68313"}],"wp:term":[{"taxonomy":"pwb-brand","embeddable":true,"href":"https:\/\/www.multifrigo.pl\/sklep\/wp-json\/wp\/v2\/pwb-brand?post=68313"},{"taxonomy":"product_brand","embeddable":true,"href":"https:\/\/www.multifrigo.pl\/sklep\/wp-json\/wp\/v2\/product_brand?post=68313"},{"taxonomy":"product_cat","embeddable":true,"href":"https:\/\/www.multifrigo.pl\/sklep\/wp-json\/wp\/v2\/product_cat?post=68313"},{"taxonomy":"product_tag","embeddable":true,"href":"https:\/\/www.multifrigo.pl\/sklep\/wp-json\/wp\/v2\/product_tag?post=68313"}],"curies":[{"name":"wp","href":"https:\/\/api.w.org\/{rel}","templated":true}]}}