{"id":68321,"date":"2025-06-02T09:57:39","date_gmt":"2025-06-02T09:57:39","guid":{"rendered":"https:\/\/www.multifrigo.pl\/sklep\/produkt\/minibar-k1-111-bartscher-700118v1\/"},"modified":"2025-07-17T10:09:57","modified_gmt":"2025-07-17T10:09:57","slug":"minibar-k1-111-bartscher-700118v1","status":"publish","type":"product","link":"https:\/\/www.multifrigo.pl\/sklep\/produkt\/minibar-k1-111-bartscher-700118v1\/","title":{"rendered":"Minibar K1-111 | Bartscher 700118V1"},"content":{"rendered":"<p><b>Minibar K1-111<\/b><\/p>\n<p>Ch\u0142odne napoje, przek\u0105ski lub owoce \u2013 przystosowany do zabudowy minibar z o\u015bwietleniem, bezstopniow\u0105 regulacj\u0105 temperatury i dodatkowymi p\u00f3\u0142kami w drzwiach oferuje wystarczaj\u0105co du\u017co miejsca, aby zadowoli\u0107 hotelowych go\u015bci.<\/p>\n","protected":false},"excerpt":{"rendered":"<p>Minibar K1-111 Ch\u0142odne napoje, przek\u0105ski lub owoce \u2013 przystosowany do zabudowy minibar z o\u015bwietleniem, bezstopniow\u0105 regulacj\u0105 temperatury i dodatkowymi p\u00f3\u0142kami w drzwiach oferuje wystarczaj\u0105co du\u017co miejsca, aby zadowoli\u0107 hotelowych go\u015bci.<\/p>\n","protected":false},"featured_media":70380,"template":"","meta":{"_et_pb_use_builder":"","_et_pb_old_content":"","_et_gb_content_width":""},"pwb-brand":[1577],"product_brand":[],"product_cat":[1346],"product_tag":[],"class_list":{"0":"post-68321","1":"product","2":"type-product","3":"status-publish","4":"has-post-thumbnail","6":"pwb-brand-bartscher","7":"product_cat-chlodziarki","9":"first","10":"instock","11":"taxable","12":"shipping-taxable","13":"purchasable","14":"product-type-simple"},"brands":[{"id":1577,"name":"Bartscher","slug":"bartscher"}],"_links":{"self":[{"href":"https:\/\/www.multifrigo.pl\/sklep\/wp-json\/wp\/v2\/product\/68321","targetHints":{"allow":["GET"]}}],"collection":[{"href":"https:\/\/www.multifrigo.pl\/sklep\/wp-json\/wp\/v2\/product"}],"about":[{"href":"https:\/\/www.multifrigo.pl\/sklep\/wp-json\/wp\/v2\/types\/product"}],"wp:featuredmedia":[{"embeddable":true,"href":"https:\/\/www.multifrigo.pl\/sklep\/wp-json\/wp\/v2\/media\/70380"}],"wp:attachment":[{"href":"https:\/\/www.multifrigo.pl\/sklep\/wp-json\/wp\/v2\/media?parent=68321"}],"wp:term":[{"taxonomy":"pwb-brand","embeddable":true,"href":"https:\/\/www.multifrigo.pl\/sklep\/wp-json\/wp\/v2\/pwb-brand?post=68321"},{"taxonomy":"product_brand","embeddable":true,"href":"https:\/\/www.multifrigo.pl\/sklep\/wp-json\/wp\/v2\/product_brand?post=68321"},{"taxonomy":"product_cat","embeddable":true,"href":"https:\/\/www.multifrigo.pl\/sklep\/wp-json\/wp\/v2\/product_cat?post=68321"},{"taxonomy":"product_tag","embeddable":true,"href":"https:\/\/www.multifrigo.pl\/sklep\/wp-json\/wp\/v2\/product_tag?post=68321"}],"curies":[{"name":"wp","href":"https:\/\/api.w.org\/{rel}","templated":true}]}}