{"id":68332,"date":"2025-06-02T09:58:50","date_gmt":"2025-06-02T09:58:50","guid":{"rendered":"https:\/\/www.multifrigo.pl\/sklep\/produkt\/plyta-grillowa-650-600g-g-bartscher-1152483\/"},"modified":"2025-07-17T10:10:09","modified_gmt":"2025-07-17T10:10:09","slug":"plyta-grillowa-650-600g-g-bartscher-1152483","status":"publish","type":"product","link":"https:\/\/www.multifrigo.pl\/sklep\/produkt\/plyta-grillowa-650-600g-g-bartscher-1152483\/","title":{"rendered":"P\u0142yta grillowa 650 600G-G | Bartscher 1152483"},"content":{"rendered":"<p><b>P\u0142yta grillowa 650 600G-G<\/b><\/p>\n<p>Seria 650 \u2013 seria artyku\u0142\u00f3w do profesjonalnej kuchni. Charakteryzuje si\u0119 optymalnym wykorzystaniem energii, wydajnymi urz\u0105dzeniami i niesamowit\u0105 \u0142atwo\u015bci\u0105 w czyszczeniu. Dzi\u0119ki modu\u0142owej budowie mo\u017cna j\u0105 \u0142atwo \u0142\u0105czy\u0107 i aran\u017cowa\u0107 w rozmaity spos\u00f3b. Urz\u0105dzenie jest wykonane w ca\u0142o\u015bci ze stali chromowo-niklowej 18\/10. Wysokiej jako\u015bci powierzchnia grzewcza p\u0142yty grillowej jest chromowana, co zapewnia doskona\u0142\u0105 przewodno\u015b\u0107 ciepln\u0105.<\/p>\n","protected":false},"excerpt":{"rendered":"<p>P\u0142yta grillowa 650 600G-G Seria 650 \u2013 seria artyku\u0142\u00f3w do profesjonalnej kuchni. Charakteryzuje si\u0119 optymalnym wykorzystaniem energii, wydajnymi urz\u0105dzeniami i niesamowit\u0105 \u0142atwo\u015bci\u0105 w czyszczeniu. Dzi\u0119ki modu\u0142owej budowie mo\u017cna j\u0105 \u0142atwo \u0142\u0105czy\u0107 i aran\u017cowa\u0107 w rozmaity spos\u00f3b. Urz\u0105dzenie jest wykonane w ca\u0142o\u015bci ze stali chromowo-niklowej 18\/10. Wysokiej jako\u015bci powierzchnia grzewcza p\u0142yty grillowej jest chromowana, co zapewnia [&hellip;]<\/p>\n","protected":false},"featured_media":70387,"template":"","meta":{"_et_pb_use_builder":"","_et_pb_old_content":"","_et_gb_content_width":""},"pwb-brand":[1577],"product_brand":[],"product_cat":[446],"product_tag":[],"class_list":{"0":"post-68332","1":"product","2":"type-product","3":"status-publish","4":"has-post-thumbnail","6":"pwb-brand-bartscher","7":"product_cat-plyty-grillowe","9":"first","10":"instock","11":"taxable","12":"shipping-taxable","13":"purchasable","14":"product-type-simple"},"brands":[{"id":1577,"name":"Bartscher","slug":"bartscher"}],"_links":{"self":[{"href":"https:\/\/www.multifrigo.pl\/sklep\/wp-json\/wp\/v2\/product\/68332","targetHints":{"allow":["GET"]}}],"collection":[{"href":"https:\/\/www.multifrigo.pl\/sklep\/wp-json\/wp\/v2\/product"}],"about":[{"href":"https:\/\/www.multifrigo.pl\/sklep\/wp-json\/wp\/v2\/types\/product"}],"wp:featuredmedia":[{"embeddable":true,"href":"https:\/\/www.multifrigo.pl\/sklep\/wp-json\/wp\/v2\/media\/70387"}],"wp:attachment":[{"href":"https:\/\/www.multifrigo.pl\/sklep\/wp-json\/wp\/v2\/media?parent=68332"}],"wp:term":[{"taxonomy":"pwb-brand","embeddable":true,"href":"https:\/\/www.multifrigo.pl\/sklep\/wp-json\/wp\/v2\/pwb-brand?post=68332"},{"taxonomy":"product_brand","embeddable":true,"href":"https:\/\/www.multifrigo.pl\/sklep\/wp-json\/wp\/v2\/product_brand?post=68332"},{"taxonomy":"product_cat","embeddable":true,"href":"https:\/\/www.multifrigo.pl\/sklep\/wp-json\/wp\/v2\/product_cat?post=68332"},{"taxonomy":"product_tag","embeddable":true,"href":"https:\/\/www.multifrigo.pl\/sklep\/wp-json\/wp\/v2\/product_tag?post=68332"}],"curies":[{"name":"wp","href":"https:\/\/api.w.org\/{rel}","templated":true}]}}