{"id":68336,"date":"2025-06-02T09:59:34","date_gmt":"2025-06-02T09:59:34","guid":{"rendered":"https:\/\/www.multifrigo.pl\/sklep\/produkt\/szafa-chlodnicza-na-butelki-k1-111-bartscher-700473v1\/"},"modified":"2025-09-08T07:59:47","modified_gmt":"2025-09-08T07:59:47","slug":"szafa-chlodnicza-na-butelki-k1-111-bartscher-700473v1","status":"publish","type":"product","link":"https:\/\/www.multifrigo.pl\/sklep\/produkt\/szafa-chlodnicza-na-butelki-k1-111-bartscher-700473v1\/","title":{"rendered":"Szafa ch\u0142odnicza na butelki K1-111 | Bartscher 700473V1"},"content":{"rendered":"<p><b>Szafa ch\u0142odnicza na butelki K1-111<\/b><\/p>\n<p>Du\u017co miejsca do przechowywania zimnych napoj\u00f3w \u2013 prosta sch\u0142adzarka do butelek doskonale integruje si\u0119 z ka\u017cd\u0105 kuchni\u0105 i pomieszczeniem magazynowym. Dzi\u0119ki p\u00f3\u0142kom o regulowanej wysoko\u015bci wn\u0119trze sch\u0142adzarki mo\u017cna wykorzysta\u0107 ca\u0142kowicie w zale\u017cno\u015bci od potrzeb.<\/p>\n","protected":false},"excerpt":{"rendered":"<p>Szafa ch\u0142odnicza na butelki K1-111 Du\u017co miejsca do przechowywania zimnych napoj\u00f3w \u2013 prosta sch\u0142adzarka do butelek doskonale integruje si\u0119 z ka\u017cd\u0105 kuchni\u0105 i pomieszczeniem magazynowym. Dzi\u0119ki p\u00f3\u0142kom o regulowanej wysoko\u015bci wn\u0119trze sch\u0142adzarki mo\u017cna wykorzysta\u0107 ca\u0142kowicie w zale\u017cno\u015bci od potrzeb.<\/p>\n","protected":false},"featured_media":70391,"template":"","meta":{"_et_pb_use_builder":"","_et_pb_old_content":"","_et_gb_content_width":""},"pwb-brand":[1577],"product_brand":[],"product_cat":[518],"product_tag":[],"class_list":{"0":"post-68336","1":"product","2":"type-product","3":"status-publish","4":"has-post-thumbnail","6":"pwb-brand-bartscher","7":"product_cat-szafy-chlodnicze","9":"first","10":"instock","11":"taxable","12":"shipping-taxable","13":"purchasable","14":"product-type-simple"},"brands":[{"id":1577,"name":"Bartscher","slug":"bartscher"}],"_links":{"self":[{"href":"https:\/\/www.multifrigo.pl\/sklep\/wp-json\/wp\/v2\/product\/68336","targetHints":{"allow":["GET"]}}],"collection":[{"href":"https:\/\/www.multifrigo.pl\/sklep\/wp-json\/wp\/v2\/product"}],"about":[{"href":"https:\/\/www.multifrigo.pl\/sklep\/wp-json\/wp\/v2\/types\/product"}],"wp:featuredmedia":[{"embeddable":true,"href":"https:\/\/www.multifrigo.pl\/sklep\/wp-json\/wp\/v2\/media\/70391"}],"wp:attachment":[{"href":"https:\/\/www.multifrigo.pl\/sklep\/wp-json\/wp\/v2\/media?parent=68336"}],"wp:term":[{"taxonomy":"pwb-brand","embeddable":true,"href":"https:\/\/www.multifrigo.pl\/sklep\/wp-json\/wp\/v2\/pwb-brand?post=68336"},{"taxonomy":"product_brand","embeddable":true,"href":"https:\/\/www.multifrigo.pl\/sklep\/wp-json\/wp\/v2\/product_brand?post=68336"},{"taxonomy":"product_cat","embeddable":true,"href":"https:\/\/www.multifrigo.pl\/sklep\/wp-json\/wp\/v2\/product_cat?post=68336"},{"taxonomy":"product_tag","embeddable":true,"href":"https:\/\/www.multifrigo.pl\/sklep\/wp-json\/wp\/v2\/product_tag?post=68336"}],"curies":[{"name":"wp","href":"https:\/\/api.w.org\/{rel}","templated":true}]}}