{"id":68338,"date":"2025-06-02T09:59:54","date_gmt":"2025-06-02T09:59:54","guid":{"rendered":"https:\/\/www.multifrigo.pl\/sklep\/produkt\/zamrazarka-tk1-111-bartscher-700341v1\/"},"modified":"2025-07-17T10:10:20","modified_gmt":"2025-07-17T10:10:20","slug":"zamrazarka-tk1-111-bartscher-700341v1","status":"publish","type":"product","link":"https:\/\/www.multifrigo.pl\/sklep\/produkt\/zamrazarka-tk1-111-bartscher-700341v1\/","title":{"rendered":"Zamra\u017carka TK1-111 | Bartscher 700341V1"},"content":{"rendered":"<p><b>Zamra\u017carka TK1-111<\/b><\/p>\n<p>Zamra\u017carka z 6 szufladami zapewni dobrze posortowane przechowywanie mro\u017conych produkt\u00f3w. Dzi\u0119ki szufladzie Big Box zamra\u017canie i przechowywanie du\u017cych mro\u017conek nie stanowi \u017cadnego problemu. Prosty design w bia\u0142ym kolorze sprawia, \u017ce zamra\u017carka doskonale integruje si\u0119 z ka\u017cd\u0105 kuchni\u0105 i pomieszczeniem magazynowym.<\/p>\n","protected":false},"excerpt":{"rendered":"<p>Zamra\u017carka TK1-111 Zamra\u017carka z 6 szufladami zapewni dobrze posortowane przechowywanie mro\u017conych produkt\u00f3w. Dzi\u0119ki szufladzie Big Box zamra\u017canie i przechowywanie du\u017cych mro\u017conek nie stanowi \u017cadnego problemu. Prosty design w bia\u0142ym kolorze sprawia, \u017ce zamra\u017carka doskonale integruje si\u0119 z ka\u017cd\u0105 kuchni\u0105 i pomieszczeniem magazynowym.<\/p>\n","protected":false},"featured_media":70393,"template":"","meta":{"_et_pb_use_builder":"","_et_pb_old_content":"","_et_gb_content_width":""},"pwb-brand":[1577],"product_brand":[],"product_cat":[520],"product_tag":[],"class_list":{"0":"post-68338","1":"product","2":"type-product","3":"status-publish","4":"has-post-thumbnail","6":"pwb-brand-bartscher","7":"product_cat-szafy-mroznicze","9":"first","10":"instock","11":"taxable","12":"shipping-taxable","13":"purchasable","14":"product-type-simple"},"brands":[{"id":1577,"name":"Bartscher","slug":"bartscher"}],"_links":{"self":[{"href":"https:\/\/www.multifrigo.pl\/sklep\/wp-json\/wp\/v2\/product\/68338","targetHints":{"allow":["GET"]}}],"collection":[{"href":"https:\/\/www.multifrigo.pl\/sklep\/wp-json\/wp\/v2\/product"}],"about":[{"href":"https:\/\/www.multifrigo.pl\/sklep\/wp-json\/wp\/v2\/types\/product"}],"wp:featuredmedia":[{"embeddable":true,"href":"https:\/\/www.multifrigo.pl\/sklep\/wp-json\/wp\/v2\/media\/70393"}],"wp:attachment":[{"href":"https:\/\/www.multifrigo.pl\/sklep\/wp-json\/wp\/v2\/media?parent=68338"}],"wp:term":[{"taxonomy":"pwb-brand","embeddable":true,"href":"https:\/\/www.multifrigo.pl\/sklep\/wp-json\/wp\/v2\/pwb-brand?post=68338"},{"taxonomy":"product_brand","embeddable":true,"href":"https:\/\/www.multifrigo.pl\/sklep\/wp-json\/wp\/v2\/product_brand?post=68338"},{"taxonomy":"product_cat","embeddable":true,"href":"https:\/\/www.multifrigo.pl\/sklep\/wp-json\/wp\/v2\/product_cat?post=68338"},{"taxonomy":"product_tag","embeddable":true,"href":"https:\/\/www.multifrigo.pl\/sklep\/wp-json\/wp\/v2\/product_tag?post=68338"}],"curies":[{"name":"wp","href":"https:\/\/api.w.org\/{rel}","templated":true}]}}