{"id":68410,"date":"2025-06-03T13:32:11","date_gmt":"2025-06-03T13:32:11","guid":{"rendered":"https:\/\/www.multifrigo.pl\/sklep\/produkt\/urzadzenie-wielofunkcyjne-rational-ivario-pro-xl\/"},"modified":"2025-06-03T13:35:50","modified_gmt":"2025-06-03T13:35:50","slug":"urzadzenie-wielofunkcyjne-rational-ivario-pro-xl","status":"publish","type":"product","link":"https:\/\/www.multifrigo.pl\/sklep\/produkt\/urzadzenie-wielofunkcyjne-rational-ivario-pro-xl\/","title":{"rendered":"Urz\u0105dzenie wielofunkcyjne RATIONAL iVario Pro XL"},"content":{"rendered":"<p><LI><b>Pojemno\u015b\u0107:<\/b><Li>Dwie kadzie pracuj\u0105ce niezale\u017cnie od siebie<Li>Pojemno\u015b\u0107 u\u017cytkowa 150 litr\u00f3w<Li>Powierzchnia sma\u017cenia 59 dm\u00b2<LI><b>Tryb r\u0119czny:<\/b><Li>Gotowanie: 30\u00b0C \u2013 temperatura wrzenia<Li>Sma\u017cenie: 30\u00b0C \u2013 250\u00b0C<Li>Frytowanie: 30\u00b0C \u2013 180\u00b0C<LI><b>Inteligentny pomocnik:<\/b><Li>iVarioBoost<Li>iCookingSuite<Li>iZoneControl<Li>Za pomoc\u0105 funkcji zarz\u0105dzania programami mo\u017cna w intuicyjny i inteligentny spos\u00f3b tworzy\u0107 programy r\u0119czne i zapisywa\u0107 \u015bcie\u017cki przyrz\u0105dzania zawieraj\u0105ce indywidualne ustawienia.<LI><b>Inteligentne funkcje:<\/b><Li>Inteligentne zarz\u0105dzanie energi\u0105 i temperatur\u0105 z du\u017cymi rezerwami mocy i precyzyjnym rozprowadzaniem ciep\u0142a na ca\u0142ym obszarze kadzi<Li>Inteligentne sterowanie \u015bcie\u017ckami przyrz\u0105dzania zapewnia automatyczne dostosowanie przebiegu gotowania do okre\u015blonego po\u017c\u0105danego rezultatu, np. przyrumienienia i stopnia dogotowania, aby bezpiecznie i wydajnie zapewnia\u0107 optymalne efekty niezale\u017cnie od operatora, wielko\u015bci potrawy i ilo\u015bci za\u0142adowanej \u017cywno\u015bci<Li>Inteligentne, automatyczne podnoszenie koszy do gotowania i frytowania w celu uzyskania doskona\u0142ych rezultat\u00f3w gotowania, optymalnej ergonomii i wydajno\u015bci zasob\u00f3w<Li>Precyzyjne co do sekundy monitorowanie i obliczenia w celu odtworzenia optymalnych wynik\u00f3w gotowania<Li>Mo\u017cna ingerowa\u0107 w inteligentne \u015bcie\u017cki przyrz\u0105dzania lub prze\u0142\u0105cza\u0107 mi\u0119dzy inteligentnymi procesami przyrz\u0105dzania potraw w trybie \u00e0 la carte, co zapewnia maksymaln\u0105 elastyczno\u015b\u0107<Li>Indywidualne, intuicyjne programowanie nawet 1200 proces\u00f3w gotowania zawieraj\u0105cych maks. 12 krok\u00f3w poprzez przeci\u0105ganie i upuszczanie<Li>\u0141atwe przenoszenie program\u00f3w na inne systemy do gotowania przez bezpieczne po\u0142\u0105czenie chmurowe ConnectedCooking lub pami\u0119\u0107 USB<Li>Panel obs\u0142ugi z funkcj\u0105 samouczenia, kt\u00f3ry dostosowuje si\u0119 do zachowa\u0144 u\u017cytkownika, zapewnia mi\u0119dzy innymi inteligentne sortowanie cz\u0119sto u\u017cywanych przepis\u00f3w<Li>Automatyczne wznawianie i optymalne ko\u0144czenie sekwencji gotowania po awarii zasilania<LI><b>Funkcje gotowania:<\/b><Li>Czujnik temperatury rdzenia z 6 punktami pomiarowymi, magnetyczny uchwyt czujnika temperatury rdzenia oraz uchwyt ergonomiczny, a tak\u017ce funkcja korekty b\u0142\u0119d\u00f3w w razie wykrycia b\u0142\u0119dnego wk\u0142ucia<Li>Automatyczny pob\u00f3r wody z dok\u0142adno\u015bci\u0105 co do litra (jednostk\u0119 mo\u017cna ustawi\u0107 na litry lub galony)<Li>Wylewanie wody u\u017cytej do gotowania albo mycia bezpo\u015brednio przez kad\u017a (bez przechylania kadzi, bez odp\u0142ywu w dnie)<Li>Kad\u017a poruszana jest poprzez cylinder elektryczny, kt\u00f3rym mo\u017cna sterowa\u0107 na wy\u015bwietlaczu<Li>Szybko reaguj\u0105ce, odporne na zarysowania, wysokowydajne dno kadzi<Li>Zintegrowany spryskiwacz r\u0119czny z automatycznym powrotem i funkcj\u0105 prze\u0142\u0105czania mi\u0119dzy strumieniem prysznicowym i punktowym<Li>Zintegrowane gniazdo specyficzne dla kraju (dla napi\u0119\u0107 z przewodem neutralnym)<Li>Tryb Delta-T do przyrz\u0105dzania delikatnych potraw przy minimalnych stratach<Li>Cyfrowe wy\u015bwietlacze temperatury z mo\u017cliwo\u015bci\u0105 regulacji w \u00b0C lub \u00b0F, wy\u015bwietlanie warto\u015bci docelowych i rzeczywistych<Li>24-godzinny zegar czasu rzeczywistego z automatyczn\u0105 zmian\u0105 czasu letniego\/zimowego po po\u0142\u0105czeniu z ConnectedCooking<Li>Mo\u017cliwo\u015b\u0107 ustawienia wy\u015bwietlanego j\u0119zyka<Li>Cyfrowy timer 0-24 h z ustawieniami sta\u0142ymi; dost\u0119pne ustawienia godz.\/min. lub min.\/sek.<Li>Zegar czasu rzeczywistego 24 godz.<Li>Bezp\u0142atna infolinia do zapyta\u0144 technicznych i zwi\u0105zanych z zastosowaniem (ChefLine)<LI><b>Gotowanie pod ci\u015bnieniem (opcjonalne):<\/b><Li>Dzi\u0119ki opcji gotowania pod ci\u015bnieniem mo\u017cliwe jest szybkie przyrz\u0105dzanie r\u00f3\u017cnych delikatnych potraw. Gwarantuje r\u00f3wnomierny, optymalny poziom ci\u015bnienia i zapewnia, \u017ce zachowana zostanie struktura kom\u00f3rkowa \u017cywno\u015bci. Jest to bezpieczny system niewymagaj\u0105cy konserwacji. Maksymalne nadci\u015bnienie: 300 mbar\u00f3w.<LI><b>Pod\u0142\u0105czanie do sieci:<\/b><Li>Zintegrowany interfejs WiFi do bezprzewodowego \u0142\u0105czenia z opartym na chmurze rozwi\u0105zaniem sieciowym ConnectedCooking (zale\u017cnie od regulacji w danym kraju)<Li>Zintegrowany interfejs Ethernet (opcjonalnie) do przewodowego \u0142\u0105czenia z opartym na chmurze rozwi\u0105zaniem sieciowym ConnectedCooking<Li>Zintegrowane z\u0142\u0105cze USB do lokalnej wymiany danych<Li>Centralne zarz\u0105dzanie urz\u0105dzeniami, przepisami, koszykami i programami, danymi HACCP oraz konserwacj\u0105 za po\u015brednictwem ConnectedCooking<Li>Bezpiecze\u0144stwo pracy i eksploatacji:<Li>Wylewanie wody u\u017cytej do gotowania albo mycia bezpo\u015brednio przez kad\u017a (bez przechylania kadzi, bez odp\u0142ywu w dnie)<Li>Wska\u017aniki pracy i ostrzegawcze (np. gor\u0105cy olej podczas frytowania)<Li>Elektroniczny ogranicznik temperatury<Li>Maks. temperatura dotykowa ok\u0142adziny kadzi to 73\u00b0C (163\u00b0F)<Li>Przechowywanie i wysy\u0142anie danych HACCP przez USB oraz opcjonalne przechowywanie i zarz\u0105dzanie w opartym na chmurze rozwi\u0105zaniu sieciowym ConnectedCooking<Li>System do gotowania zatwierdzony do pracy bez nadzoru (np. gotowanie w nocy)<Li>Zintegrowana blokada ekranu, aby zapobiec przypadkowemu uruchomieniu<Li>Dodatkowe bezpiecze\u0144stwo podczas podnoszenia kadzi przez silnik<LI><b>Czyszczenie i piel\u0119gnacja:<\/b><Li>Nierdzewna stal szlachetna wewn\u0105trz i na zewn\u0105trz<Li>Higieniczny monta\u017c na poziomie pod\u0142ogi dla \u0142atwego i bezpiecznego czyszczenia dzi\u0119ki opcjonalnym n\u00f3\u017ckom 45 mm (1,8 cala) z coko\u0142em uszczelniaj\u0105cym<Li>Bezspoinowa, higieniczna kad\u017a z zaokr\u0105glonymi naro\u017cnikami (z dopuszczeniem NSF)<Li>\u0141atwe i bezpieczne czyszczenie powierzchni szklanych i ze stali szlachetnej oraz ochrona przez rozbryzgami i strumieniem wody IPX 5<LI><b>Pod\u0142\u0105czanie do sieci:<\/b><Li>Zintegrowany interfejs WiFi do bezprzewodowego \u0142\u0105czenia z opartym na chmurze rozwi\u0105zaniem sieciowym ConnectedCooking (zale\u017cnie od regulacji w danym kraju)<Li>Zintegrowany interfejs Ethernet (opcjonalnie) do przewodowego \u0142\u0105czenia z opartym na chmurze rozwi\u0105zaniem sieciowym ConnectedCooking<Li>Zintegrowane z\u0142\u0105cze USB do lokalnej wymiany danych<Li>Centralne zarz\u0105dzanie urz\u0105dzeniami, przepisami, koszykami i programami, danymi HACCP oraz konserwacj\u0105 za po\u015brednictwem ConnectedCooking<LI><b>Obs\u0142uga:<\/b><Li>Kolorowy wy\u015bwietlacz TFT o przek\u0105tnej 10,1 cala i wysokiej rozdzielczo\u015bci oraz pojemno\u015bciowy ekran dotykowy z \u0142atwymi do zinterpretowania symbolami dla prostej, intuicyjnej obs\u0142ugi gestami i dotykiem<Li>\u015arodkowe pokr\u0119t\u0142o ustawie\u0144 z funkcj\u0105 \u201epush\u201d umo\u017cliwia intuicyjne wybieranie i potwierdzanie wprowadzonych danych<Li>Sygna\u0142 akustyczny i wizualny w razie konieczno\u015bci podj\u0119cia dzia\u0142ania<Li>Mo\u017cliwo\u015b\u0107 wy\u015bwietlania instrukcji stosowania i obs\u0142ugi na urz\u0105dzeniu w zale\u017cno\u015bci od podejmowanych dzia\u0142a\u0144<Li>Podstaw\u0119 o regulowanej wysoko\u015bci (opcja) mo\u017cna \u0142atwo obs\u0142ugiwa\u0107 na wy\u015bwietlaczu urz\u0105dzenia<Li>Ponad 44 j\u0119zyki dla interfejsu u\u017cytkownika i funkcji pomocy<Li>Specjalnie dostosowane parametry gotowania dla potraw mi\u0119dzynarodowych lub krajowych mo\u017cna wybiera\u0107 i uruchamia\u0107 niezale\u017cnie od ustawionego j\u0119zyka urz\u0105dzenia<Li>Kompleksowa funkcja wyszukiwania z asystentem wyszukiwania we wszystkich tre\u015bciach pomocy<Li>Wy\u015bwietlanie tre\u015bci pomocy z odniesieniem do tre\u015bci, a tak\u017ce w\u0142\u0105czanie przyk\u0142ad\u00f3w z aplikacji bezpo\u015brednio w pomocy<Li>\u0141atwy wyb\u00f3r \u015bcie\u017cek przyrz\u0105dzania w procesach do gotowania<Li>Proste, wieloetapowe programowanie, r\u0119czne parametry gotowania oparte na zasadzie konstruowania poprzez funkcj\u0119 przeci\u0105gnij i upu\u015b\u0107<Li>Funkcja kokpitu do wy\u015bwietlania informacji o przebiegach \u015bcie\u017cek przyrz\u0105dzania<Li>Funkcja indywidualizacji i kontroli profili u\u017cytkownik\u00f3w i praw dost\u0119pu w celu unikni\u0119cia b\u0142\u0119d\u00f3w obs\u0142ugi<\/p>\n","protected":false},"excerpt":{"rendered":"<p>Pojemno\u015b\u0107:Dwie kadzie pracuj\u0105ce niezale\u017cnie od siebiePojemno\u015b\u0107 u\u017cytkowa 150 litr\u00f3wPowierzchnia sma\u017cenia 59 dm\u00b2Tryb r\u0119czny:Gotowanie: 30\u00b0C \u2013 temperatura wrzeniaSma\u017cenie: 30\u00b0C \u2013 250\u00b0CFrytowanie: 30\u00b0C \u2013 180\u00b0CInteligentny pomocnik:iVarioBoostiCookingSuiteiZoneControlZa pomoc\u0105 funkcji zarz\u0105dzania programami mo\u017cna w intuicyjny i inteligentny spos\u00f3b tworzy\u0107 programy r\u0119czne i zapisywa\u0107 \u015bcie\u017cki przyrz\u0105dzania zawieraj\u0105ce indywidualne ustawienia.Inteligentne funkcje:Inteligentne zarz\u0105dzanie energi\u0105 i temperatur\u0105 z du\u017cymi rezerwami mocy i precyzyjnym [&hellip;]<\/p>\n","protected":false},"featured_media":28567,"template":"","meta":{"_et_pb_use_builder":"","_et_pb_old_content":"","_et_gb_content_width":""},"pwb-brand":[1016],"product_brand":[],"product_cat":[1017],"product_tag":[],"class_list":{"0":"post-68410","1":"product","2":"type-product","3":"status-publish","4":"has-post-thumbnail","6":"pwb-brand-rational","7":"product_cat-urzadzenia-wielofunkcyjne","9":"first","10":"instock","11":"taxable","12":"shipping-taxable","13":"purchasable","14":"product-type-simple"},"brands":[{"id":1016,"name":"Rational","slug":"rational"}],"_links":{"self":[{"href":"https:\/\/www.multifrigo.pl\/sklep\/wp-json\/wp\/v2\/product\/68410","targetHints":{"allow":["GET"]}}],"collection":[{"href":"https:\/\/www.multifrigo.pl\/sklep\/wp-json\/wp\/v2\/product"}],"about":[{"href":"https:\/\/www.multifrigo.pl\/sklep\/wp-json\/wp\/v2\/types\/product"}],"wp:featuredmedia":[{"embeddable":true,"href":"https:\/\/www.multifrigo.pl\/sklep\/wp-json\/wp\/v2\/media\/28567"}],"wp:attachment":[{"href":"https:\/\/www.multifrigo.pl\/sklep\/wp-json\/wp\/v2\/media?parent=68410"}],"wp:term":[{"taxonomy":"pwb-brand","embeddable":true,"href":"https:\/\/www.multifrigo.pl\/sklep\/wp-json\/wp\/v2\/pwb-brand?post=68410"},{"taxonomy":"product_brand","embeddable":true,"href":"https:\/\/www.multifrigo.pl\/sklep\/wp-json\/wp\/v2\/product_brand?post=68410"},{"taxonomy":"product_cat","embeddable":true,"href":"https:\/\/www.multifrigo.pl\/sklep\/wp-json\/wp\/v2\/product_cat?post=68410"},{"taxonomy":"product_tag","embeddable":true,"href":"https:\/\/www.multifrigo.pl\/sklep\/wp-json\/wp\/v2\/product_tag?post=68410"}],"curies":[{"name":"wp","href":"https:\/\/api.w.org\/{rel}","templated":true}]}}