{"id":70418,"date":"2025-07-25T12:42:48","date_gmt":"2025-07-25T12:42:48","guid":{"rendered":"https:\/\/www.multifrigo.pl\/sklep\/produkt\/ekspres-do-kawy-przelewowy-aurora-twh-bravilor-bonamat-8-040-170-12004\/"},"modified":"2025-07-25T13:46:06","modified_gmt":"2025-07-25T13:46:06","slug":"ekspres-do-kawy-przelewowy-aurora-twh-bravilor-bonamat-8-040-170-12004","status":"publish","type":"product","link":"https:\/\/www.multifrigo.pl\/sklep\/produkt\/ekspres-do-kawy-przelewowy-aurora-twh-bravilor-bonamat-8-040-170-12004\/","title":{"rendered":"Ekspres do kawy przelewowy Aurora TWH | Bravilor Bonamat 8.040.170.12004"},"content":{"rendered":"<p><b>Ekspres do kawy przelewowy Aurora TWH 400 V<\/b><br \/>\n Z 2 systemami do zaparzania kawy, oddzielnym kranikiem do wrz\u0105tku<\/p>\n<p> <b>Aurora Thermal Brewer<\/b> \u2013 to ekspres przelewowy z bezpo\u015brednim pod\u0142\u0105czeniem do wody z sieci 3\/4\u201d. Zaparza kaw\u0119 bezpo\u015brednio do przeno\u015bnych termos\u00f3w. Jest wyposa\u017cony w sekcj\u0119 gor\u0105cej wody, panel sterowania z ekranem dotykowym, zaprogramowane r\u00f3\u017cne receptury kawy z mo\u017cliwo\u015bci\u0105 zapisywania tak\u017ce w\u0142asnych receptur, zaparzanie pulsacyjne, funkcj\u0119 bypass (z regulacj\u0105 mocy kawy), licznik dzienny i zbiorczy, system odkamieniania, sygnalizacj\u0119 \u201ekawa gotowa\u201d, wbudowany zegar i mechanizmy bezpiecze\u0144stwa. Do ekspresu pasuj\u0105 termosy Aurora (nie ma w zestawie).<\/p>\n","protected":false},"excerpt":{"rendered":"<p>Ekspres do kawy przelewowy Aurora TWH 400 V Z 2 systemami do zaparzania kawy, oddzielnym kranikiem do wrz\u0105tku Aurora Thermal Brewer \u2013 to ekspres przelewowy z bezpo\u015brednim pod\u0142\u0105czeniem do wody z sieci 3\/4\u201d. Zaparza kaw\u0119 bezpo\u015brednio do przeno\u015bnych termos\u00f3w. Jest wyposa\u017cony w sekcj\u0119 gor\u0105cej wody, panel sterowania z ekranem dotykowym, zaprogramowane r\u00f3\u017cne receptury kawy z [&hellip;]<\/p>\n","protected":false},"featured_media":70542,"template":"","meta":{"_et_pb_use_builder":"","_et_pb_old_content":"","_et_gb_content_width":""},"pwb-brand":[4701],"product_brand":[],"product_cat":[4702],"product_tag":[],"class_list":{"0":"post-70418","1":"product","2":"type-product","3":"status-publish","4":"has-post-thumbnail","6":"pwb-brand-bravilor-bonamat","7":"product_cat-ekspresy-przelewowe","9":"first","10":"instock","11":"taxable","12":"shipping-taxable","13":"purchasable","14":"product-type-simple"},"brands":[{"id":4701,"name":"Bravilor Bonamat","slug":"bravilor-bonamat"}],"_links":{"self":[{"href":"https:\/\/www.multifrigo.pl\/sklep\/wp-json\/wp\/v2\/product\/70418","targetHints":{"allow":["GET"]}}],"collection":[{"href":"https:\/\/www.multifrigo.pl\/sklep\/wp-json\/wp\/v2\/product"}],"about":[{"href":"https:\/\/www.multifrigo.pl\/sklep\/wp-json\/wp\/v2\/types\/product"}],"wp:featuredmedia":[{"embeddable":true,"href":"https:\/\/www.multifrigo.pl\/sklep\/wp-json\/wp\/v2\/media\/70542"}],"wp:attachment":[{"href":"https:\/\/www.multifrigo.pl\/sklep\/wp-json\/wp\/v2\/media?parent=70418"}],"wp:term":[{"taxonomy":"pwb-brand","embeddable":true,"href":"https:\/\/www.multifrigo.pl\/sklep\/wp-json\/wp\/v2\/pwb-brand?post=70418"},{"taxonomy":"product_brand","embeddable":true,"href":"https:\/\/www.multifrigo.pl\/sklep\/wp-json\/wp\/v2\/product_brand?post=70418"},{"taxonomy":"product_cat","embeddable":true,"href":"https:\/\/www.multifrigo.pl\/sklep\/wp-json\/wp\/v2\/product_cat?post=70418"},{"taxonomy":"product_tag","embeddable":true,"href":"https:\/\/www.multifrigo.pl\/sklep\/wp-json\/wp\/v2\/product_tag?post=70418"}],"curies":[{"name":"wp","href":"https:\/\/api.w.org\/{rel}","templated":true}]}}