{"id":70436,"date":"2025-07-25T12:43:33","date_gmt":"2025-07-25T12:43:33","guid":{"rendered":"https:\/\/www.multifrigo.pl\/sklep\/produkt\/ekspres-do-kawy-przelewowy-z-filtrem-okraglym-b20-hw-w-bravilor-bonamat-4-327-601-110\/"},"modified":"2025-07-25T13:46:26","modified_gmt":"2025-07-25T13:46:26","slug":"ekspres-do-kawy-przelewowy-z-filtrem-okraglym-b20-hw-w-bravilor-bonamat-4-327-601-110","status":"publish","type":"product","link":"https:\/\/www.multifrigo.pl\/sklep\/produkt\/ekspres-do-kawy-przelewowy-z-filtrem-okraglym-b20-hw-w-bravilor-bonamat-4-327-601-110\/","title":{"rendered":"Ekspres do kawy przelewowy z filtrem okr\u0105g\u0142ym B20 HW W | Bravilor Bonamat 4.327.601.110"},"content":{"rendered":"<p><b>Ekspres do kawy przelewowy B20 HW W<\/b><br \/>\nZ 1 systemem do zaparzania kawy oraz 2 termosami po 20 litr\u00f3w.<\/p>\n<p><b>Seria B HW \u015aciana<\/b> ekspresy przelewowe z filtrem okr\u0105g\u0142ym z pod\u0142\u0105czeniem do wody z sieci 3\/4 cala do montowania na \u015bcianie. Z wbudowanym warnikiem w kolumnie g\u0142\u00f3wnej. Zaparza kaw\u0119 bezpo\u015brednio do przeno\u015bnych termos\u00f3w. Z wy\u015bwietlaczem LCD, systemem do odkamieniania, licznikiem dziennym oraz zbiorczym, sygna\u0142em \u201ckawa jest gotowa\u201d, wbudowanym zegarem\/timerem oraz optymalnymi mechanizmami bezpiecze\u0144stwa. W zestaw wchodz\u0105: kolumna zaparzaj\u0105ca, termos(y) ze stali nierdzewnej model VHG, koszyk(i) do filtr\u00f3w, konsola do monta\u017cu \u015bciennego. Dopasowany wielko\u015bci\u0105 do naszych w\u00f3zk\u00f3w. Metoda parzenia zapewniaj\u0105ca uzyskanie najwi\u0119kszej zawarto\u015bci kofeiny.<\/p>\n","protected":false},"excerpt":{"rendered":"<p>Ekspres do kawy przelewowy B20 HW W Z 1 systemem do zaparzania kawy oraz 2 termosami po 20 litr\u00f3w. Seria B HW \u015aciana ekspresy przelewowe z filtrem okr\u0105g\u0142ym z pod\u0142\u0105czeniem do wody z sieci 3\/4 cala do montowania na \u015bcianie. Z wbudowanym warnikiem w kolumnie g\u0142\u00f3wnej. Zaparza kaw\u0119 bezpo\u015brednio do przeno\u015bnych termos\u00f3w. Z wy\u015bwietlaczem LCD, [&hellip;]<\/p>\n","protected":false},"featured_media":70533,"template":"","meta":{"_et_pb_use_builder":"","_et_pb_old_content":"","_et_gb_content_width":""},"pwb-brand":[4701],"product_brand":[],"product_cat":[4702],"product_tag":[],"class_list":{"0":"post-70436","1":"product","2":"type-product","3":"status-publish","4":"has-post-thumbnail","6":"pwb-brand-bravilor-bonamat","7":"product_cat-ekspresy-przelewowe","9":"first","10":"instock","11":"taxable","12":"shipping-taxable","13":"purchasable","14":"product-type-simple"},"brands":[{"id":4701,"name":"Bravilor Bonamat","slug":"bravilor-bonamat"}],"_links":{"self":[{"href":"https:\/\/www.multifrigo.pl\/sklep\/wp-json\/wp\/v2\/product\/70436","targetHints":{"allow":["GET"]}}],"collection":[{"href":"https:\/\/www.multifrigo.pl\/sklep\/wp-json\/wp\/v2\/product"}],"about":[{"href":"https:\/\/www.multifrigo.pl\/sklep\/wp-json\/wp\/v2\/types\/product"}],"wp:featuredmedia":[{"embeddable":true,"href":"https:\/\/www.multifrigo.pl\/sklep\/wp-json\/wp\/v2\/media\/70533"}],"wp:attachment":[{"href":"https:\/\/www.multifrigo.pl\/sklep\/wp-json\/wp\/v2\/media?parent=70436"}],"wp:term":[{"taxonomy":"pwb-brand","embeddable":true,"href":"https:\/\/www.multifrigo.pl\/sklep\/wp-json\/wp\/v2\/pwb-brand?post=70436"},{"taxonomy":"product_brand","embeddable":true,"href":"https:\/\/www.multifrigo.pl\/sklep\/wp-json\/wp\/v2\/product_brand?post=70436"},{"taxonomy":"product_cat","embeddable":true,"href":"https:\/\/www.multifrigo.pl\/sklep\/wp-json\/wp\/v2\/product_cat?post=70436"},{"taxonomy":"product_tag","embeddable":true,"href":"https:\/\/www.multifrigo.pl\/sklep\/wp-json\/wp\/v2\/product_tag?post=70436"}],"curies":[{"name":"wp","href":"https:\/\/api.w.org\/{rel}","templated":true}]}}