{"id":70438,"date":"2025-07-25T12:43:37","date_gmt":"2025-07-25T12:43:37","guid":{"rendered":"https:\/\/www.multifrigo.pl\/sklep\/produkt\/ekspres-do-kawy-przelewowy-z-filtrem-okraglym-b10-hw-bravilor-bonamat-4-251-141-110\/"},"modified":"2025-07-25T13:46:27","modified_gmt":"2025-07-25T13:46:27","slug":"ekspres-do-kawy-przelewowy-z-filtrem-okraglym-b10-hw-bravilor-bonamat-4-251-141-110","status":"publish","type":"product","link":"https:\/\/www.multifrigo.pl\/sklep\/produkt\/ekspres-do-kawy-przelewowy-z-filtrem-okraglym-b10-hw-bravilor-bonamat-4-251-141-110\/","title":{"rendered":"Ekspres do kawy przelewowy z filtrem okr\u0105g\u0142ym B10 HW | Bravilor Bonamat 4.251.141.110"},"content":{"rendered":"<p><b>Ekspres do kawy przelewowy B10 HW<\/b><br \/>\nZ 1 systemem do zaparzania kawy oraz 2 termosami po 10 litr\u00f3w. Z oddzielnym kranikiem do wrz\u0105tku.<\/p>\n<p><b>Wersja morska<\/b> specjalnie do u\u017cytkowania na statkach. Z pod\u0142\u0105czeniem do wody z sieci 3\/4 cala. Z zestawem do zamontowania wszystkich element\u00f3w. Zaparza bezpo\u015brednio do termosu przeno\u015bnego. Z wy\u015bwietlaczem LCD, systemem do odkamieniania, licznikiem dziennym oraz zbiorczym. Z sygna\u0142em \u201ckawa jest gotowa\u201d, wbudowanym zegarem oraz optymalnymi mechanizmami bezpiecze\u0144stwa. W sk\u0142ad zestawu wchodz\u0105: kolumna zaparzaj\u0105ca, termos(y), koszyk(i) do filtr\u00f3w, podstawa, ociekacz.<\/p>\n","protected":false},"excerpt":{"rendered":"<p>Ekspres do kawy przelewowy B10 HW Z 1 systemem do zaparzania kawy oraz 2 termosami po 10 litr\u00f3w. Z oddzielnym kranikiem do wrz\u0105tku. Wersja morska specjalnie do u\u017cytkowania na statkach. Z pod\u0142\u0105czeniem do wody z sieci 3\/4 cala. Z zestawem do zamontowania wszystkich element\u00f3w. Zaparza bezpo\u015brednio do termosu przeno\u015bnego. Z wy\u015bwietlaczem LCD, systemem do odkamieniania, [&hellip;]<\/p>\n","protected":false},"featured_media":70532,"template":"","meta":{"_et_pb_use_builder":"","_et_pb_old_content":"","_et_gb_content_width":""},"pwb-brand":[4701],"product_brand":[],"product_cat":[4702],"product_tag":[],"class_list":{"0":"post-70438","1":"product","2":"type-product","3":"status-publish","4":"has-post-thumbnail","6":"pwb-brand-bravilor-bonamat","7":"product_cat-ekspresy-przelewowe","9":"first","10":"instock","11":"taxable","12":"shipping-taxable","13":"purchasable","14":"product-type-simple"},"brands":[{"id":4701,"name":"Bravilor Bonamat","slug":"bravilor-bonamat"}],"_links":{"self":[{"href":"https:\/\/www.multifrigo.pl\/sklep\/wp-json\/wp\/v2\/product\/70438","targetHints":{"allow":["GET"]}}],"collection":[{"href":"https:\/\/www.multifrigo.pl\/sklep\/wp-json\/wp\/v2\/product"}],"about":[{"href":"https:\/\/www.multifrigo.pl\/sklep\/wp-json\/wp\/v2\/types\/product"}],"wp:featuredmedia":[{"embeddable":true,"href":"https:\/\/www.multifrigo.pl\/sklep\/wp-json\/wp\/v2\/media\/70532"}],"wp:attachment":[{"href":"https:\/\/www.multifrigo.pl\/sklep\/wp-json\/wp\/v2\/media?parent=70438"}],"wp:term":[{"taxonomy":"pwb-brand","embeddable":true,"href":"https:\/\/www.multifrigo.pl\/sklep\/wp-json\/wp\/v2\/pwb-brand?post=70438"},{"taxonomy":"product_brand","embeddable":true,"href":"https:\/\/www.multifrigo.pl\/sklep\/wp-json\/wp\/v2\/product_brand?post=70438"},{"taxonomy":"product_cat","embeddable":true,"href":"https:\/\/www.multifrigo.pl\/sklep\/wp-json\/wp\/v2\/product_cat?post=70438"},{"taxonomy":"product_tag","embeddable":true,"href":"https:\/\/www.multifrigo.pl\/sklep\/wp-json\/wp\/v2\/product_tag?post=70438"}],"curies":[{"name":"wp","href":"https:\/\/api.w.org\/{rel}","templated":true}]}}