{"id":70440,"date":"2025-07-25T12:43:41","date_gmt":"2025-07-25T12:43:41","guid":{"rendered":"https:\/\/www.multifrigo.pl\/sklep\/produkt\/termos-dwuscienny-v-5-l-bravilor-bonamat-8-411-001-520\/"},"modified":"2025-07-25T13:46:29","modified_gmt":"2025-07-25T13:46:29","slug":"termos-dwuscienny-v-5-l-bravilor-bonamat-8-411-001-520","status":"publish","type":"product","link":"https:\/\/www.multifrigo.pl\/sklep\/produkt\/termos-dwuscienny-v-5-l-bravilor-bonamat-8-411-001-520\/","title":{"rendered":"Termos dwu\u015bcienny V 5 l | Bravilor Bonamat 8.411.001.520"},"content":{"rendered":"<p><b>Termos dwu\u015bcienny V<\/b><br \/>\nTermos ca\u0142kowicie izolowany. Do napoj\u00f3w zimnych lub gor\u0105cych. Bez wska\u017anika do sprawdzania zawarto\u015bci.<\/p>\n<p><LI>z pokrywk\u0105<LI>blach\u0105 przeciw falowaniu<LI>z niekapi\u0105cym kranikiem<\/p>\n","protected":false},"excerpt":{"rendered":"<p>Termos dwu\u015bcienny V Termos ca\u0142kowicie izolowany. Do napoj\u00f3w zimnych lub gor\u0105cych. Bez wska\u017anika do sprawdzania zawarto\u015bci. z pokrywk\u0105blach\u0105 przeciw falowaniuz niekapi\u0105cym kranikiem<\/p>\n","protected":false},"featured_media":70531,"template":"","meta":{"_et_pb_use_builder":"","_et_pb_old_content":"","_et_gb_content_width":""},"pwb-brand":[4701],"product_brand":[],"product_cat":[5842],"product_tag":[],"class_list":{"0":"post-70440","1":"product","2":"type-product","3":"status-publish","4":"has-post-thumbnail","6":"pwb-brand-bravilor-bonamat","7":"product_cat-termosy-z-kranem","9":"first","10":"instock","11":"taxable","12":"shipping-taxable","13":"purchasable","14":"product-type-simple"},"brands":[{"id":4701,"name":"Bravilor Bonamat","slug":"bravilor-bonamat"}],"_links":{"self":[{"href":"https:\/\/www.multifrigo.pl\/sklep\/wp-json\/wp\/v2\/product\/70440","targetHints":{"allow":["GET"]}}],"collection":[{"href":"https:\/\/www.multifrigo.pl\/sklep\/wp-json\/wp\/v2\/product"}],"about":[{"href":"https:\/\/www.multifrigo.pl\/sklep\/wp-json\/wp\/v2\/types\/product"}],"wp:featuredmedia":[{"embeddable":true,"href":"https:\/\/www.multifrigo.pl\/sklep\/wp-json\/wp\/v2\/media\/70531"}],"wp:attachment":[{"href":"https:\/\/www.multifrigo.pl\/sklep\/wp-json\/wp\/v2\/media?parent=70440"}],"wp:term":[{"taxonomy":"pwb-brand","embeddable":true,"href":"https:\/\/www.multifrigo.pl\/sklep\/wp-json\/wp\/v2\/pwb-brand?post=70440"},{"taxonomy":"product_brand","embeddable":true,"href":"https:\/\/www.multifrigo.pl\/sklep\/wp-json\/wp\/v2\/product_brand?post=70440"},{"taxonomy":"product_cat","embeddable":true,"href":"https:\/\/www.multifrigo.pl\/sklep\/wp-json\/wp\/v2\/product_cat?post=70440"},{"taxonomy":"product_tag","embeddable":true,"href":"https:\/\/www.multifrigo.pl\/sklep\/wp-json\/wp\/v2\/product_tag?post=70440"}],"curies":[{"name":"wp","href":"https:\/\/api.w.org\/{rel}","templated":true}]}}