{"id":70450,"date":"2025-07-25T12:44:04","date_gmt":"2025-07-25T12:44:04","guid":{"rendered":"https:\/\/www.multifrigo.pl\/sklep\/produkt\/termos-dwuscienny-vhg-5-l-bravilor-bonamat-8-410-101-720\/"},"modified":"2025-07-25T13:46:38","modified_gmt":"2025-07-25T13:46:38","slug":"termos-dwuscienny-vhg-5-l-bravilor-bonamat-8-410-101-720","status":"publish","type":"product","link":"https:\/\/www.multifrigo.pl\/sklep\/produkt\/termos-dwuscienny-vhg-5-l-bravilor-bonamat-8-410-101-720\/","title":{"rendered":"Termos dwu\u015bcienny VHG 5 l | Bravilor Bonamat 8.410.101.720"},"content":{"rendered":"<p><b>Termos dwu\u015bcienny VHG<\/b><br \/>\nTermos podgrzewany ze wska\u017anikiem do sprawdzania zawarto\u015bci.<\/p>\n<p><LI>z pokrywk\u0105<LI>blach\u0105 przeciw falowaniu<LI>z niekapi\u0105cym kranikiem<\/p>\n","protected":false},"excerpt":{"rendered":"<p>Termos dwu\u015bcienny VHG Termos podgrzewany ze wska\u017anikiem do sprawdzania zawarto\u015bci. z pokrywk\u0105blach\u0105 przeciw falowaniuz niekapi\u0105cym kranikiem<\/p>\n","protected":false},"featured_media":70529,"template":"","meta":{"_et_pb_use_builder":"","_et_pb_old_content":"","_et_gb_content_width":""},"pwb-brand":[4701],"product_brand":[],"product_cat":[5842],"product_tag":[],"class_list":{"0":"post-70450","1":"product","2":"type-product","3":"status-publish","4":"has-post-thumbnail","6":"pwb-brand-bravilor-bonamat","7":"product_cat-termosy-z-kranem","9":"first","10":"instock","11":"taxable","12":"shipping-taxable","13":"purchasable","14":"product-type-simple"},"brands":[{"id":4701,"name":"Bravilor Bonamat","slug":"bravilor-bonamat"}],"_links":{"self":[{"href":"https:\/\/www.multifrigo.pl\/sklep\/wp-json\/wp\/v2\/product\/70450","targetHints":{"allow":["GET"]}}],"collection":[{"href":"https:\/\/www.multifrigo.pl\/sklep\/wp-json\/wp\/v2\/product"}],"about":[{"href":"https:\/\/www.multifrigo.pl\/sklep\/wp-json\/wp\/v2\/types\/product"}],"wp:featuredmedia":[{"embeddable":true,"href":"https:\/\/www.multifrigo.pl\/sklep\/wp-json\/wp\/v2\/media\/70529"}],"wp:attachment":[{"href":"https:\/\/www.multifrigo.pl\/sklep\/wp-json\/wp\/v2\/media?parent=70450"}],"wp:term":[{"taxonomy":"pwb-brand","embeddable":true,"href":"https:\/\/www.multifrigo.pl\/sklep\/wp-json\/wp\/v2\/pwb-brand?post=70450"},{"taxonomy":"product_brand","embeddable":true,"href":"https:\/\/www.multifrigo.pl\/sklep\/wp-json\/wp\/v2\/product_brand?post=70450"},{"taxonomy":"product_cat","embeddable":true,"href":"https:\/\/www.multifrigo.pl\/sklep\/wp-json\/wp\/v2\/product_cat?post=70450"},{"taxonomy":"product_tag","embeddable":true,"href":"https:\/\/www.multifrigo.pl\/sklep\/wp-json\/wp\/v2\/product_tag?post=70450"}],"curies":[{"name":"wp","href":"https:\/\/api.w.org\/{rel}","templated":true}]}}