{"id":70454,"date":"2025-07-25T12:44:17","date_gmt":"2025-07-25T12:44:17","guid":{"rendered":"https:\/\/www.multifrigo.pl\/sklep\/produkt\/termos-dwuscienny-nak-5-l-bravilor-bonamat-4-141-403-110\/"},"modified":"2025-07-25T13:46:42","modified_gmt":"2025-07-25T13:46:42","slug":"termos-dwuscienny-nak-5-l-bravilor-bonamat-4-141-403-110","status":"publish","type":"product","link":"https:\/\/www.multifrigo.pl\/sklep\/produkt\/termos-dwuscienny-nak-5-l-bravilor-bonamat-4-141-403-110\/","title":{"rendered":"Termos dwu\u015bcienny NAK 5 l | Bravilor Bonamat 4.141.403.110"},"content":{"rendered":"<p><b>Termos dwu\u015bcienny NAK<\/b><br \/>\nZestaw: termos VHG, koszyk do filtr\u00f3w, dzielnik wody oraz mikser (BB = ze sto\u017ckiem do filtr\u00f3w papierowych).<\/p>\n<p><LI>z pokrywk\u0105<LI>blach\u0105 przeciw falowaniu<LI>z niekapi\u0105cym kranikiem<\/p>\n","protected":false},"excerpt":{"rendered":"<p>Termos dwu\u015bcienny NAK Zestaw: termos VHG, koszyk do filtr\u00f3w, dzielnik wody oraz mikser (BB = ze sto\u017ckiem do filtr\u00f3w papierowych). z pokrywk\u0105blach\u0105 przeciw falowaniuz niekapi\u0105cym kranikiem<\/p>\n","protected":false},"featured_media":70547,"template":"","meta":{"_et_pb_use_builder":"","_et_pb_old_content":"","_et_gb_content_width":""},"pwb-brand":[4701],"product_brand":[],"product_cat":[5842],"product_tag":[],"class_list":{"0":"post-70454","1":"product","2":"type-product","3":"status-publish","4":"has-post-thumbnail","6":"pwb-brand-bravilor-bonamat","7":"product_cat-termosy-z-kranem","9":"first","10":"instock","11":"taxable","12":"shipping-taxable","13":"purchasable","14":"product-type-simple"},"brands":[{"id":4701,"name":"Bravilor Bonamat","slug":"bravilor-bonamat"}],"_links":{"self":[{"href":"https:\/\/www.multifrigo.pl\/sklep\/wp-json\/wp\/v2\/product\/70454","targetHints":{"allow":["GET"]}}],"collection":[{"href":"https:\/\/www.multifrigo.pl\/sklep\/wp-json\/wp\/v2\/product"}],"about":[{"href":"https:\/\/www.multifrigo.pl\/sklep\/wp-json\/wp\/v2\/types\/product"}],"wp:featuredmedia":[{"embeddable":true,"href":"https:\/\/www.multifrigo.pl\/sklep\/wp-json\/wp\/v2\/media\/70547"}],"wp:attachment":[{"href":"https:\/\/www.multifrigo.pl\/sklep\/wp-json\/wp\/v2\/media?parent=70454"}],"wp:term":[{"taxonomy":"pwb-brand","embeddable":true,"href":"https:\/\/www.multifrigo.pl\/sklep\/wp-json\/wp\/v2\/pwb-brand?post=70454"},{"taxonomy":"product_brand","embeddable":true,"href":"https:\/\/www.multifrigo.pl\/sklep\/wp-json\/wp\/v2\/product_brand?post=70454"},{"taxonomy":"product_cat","embeddable":true,"href":"https:\/\/www.multifrigo.pl\/sklep\/wp-json\/wp\/v2\/product_cat?post=70454"},{"taxonomy":"product_tag","embeddable":true,"href":"https:\/\/www.multifrigo.pl\/sklep\/wp-json\/wp\/v2\/product_tag?post=70454"}],"curies":[{"name":"wp","href":"https:\/\/api.w.org\/{rel}","templated":true}]}}