{"id":72932,"date":"2025-09-23T07:23:14","date_gmt":"2025-09-23T07:23:14","guid":{"rendered":"https:\/\/www.multifrigo.pl\/sklep\/produkt\/automatyczny-zmiekczacz-do-wody-f-soft-5-fagor\/"},"modified":"2025-10-09T11:45:36","modified_gmt":"2025-10-09T11:45:36","slug":"automatyczny-zmiekczacz-do-wody-f-soft-5-fagor","status":"publish","type":"product","link":"https:\/\/www.multifrigo.pl\/sklep\/produkt\/automatyczny-zmiekczacz-do-wody-f-soft-5-fagor\/","title":{"rendered":"Automatyczny zmi\u0119kczacz do wody F-SOFT-5 | Fagor"},"content":{"rendered":"<p>Elektroniczna g\u0142owica. Podczas regeneracji dost\u0119pna jest twarda woda. Mieszacz wody \u2013 \u200aSTANDARD<\/p>\n","protected":false},"excerpt":{"rendered":"<p>Elektroniczna g\u0142owica. Podczas regeneracji dost\u0119pna jest twarda woda. Mieszacz wody \u2013 \u200aSTANDARD<\/p>\n","protected":false},"featured_media":73243,"template":"","meta":{"_et_pb_use_builder":"","_et_pb_old_content":"","_et_gb_content_width":""},"pwb-brand":[1343],"product_brand":[],"product_cat":[515],"product_tag":[],"class_list":{"0":"post-72932","1":"product","2":"type-product","3":"status-publish","4":"has-post-thumbnail","6":"pwb-brand-fagor","7":"product_cat-automatyczne","9":"first","10":"instock","11":"taxable","12":"shipping-taxable","13":"purchasable","14":"product-type-simple"},"brands":[{"id":1343,"name":"Fagor","slug":"fagor"}],"_links":{"self":[{"href":"https:\/\/www.multifrigo.pl\/sklep\/wp-json\/wp\/v2\/product\/72932","targetHints":{"allow":["GET"]}}],"collection":[{"href":"https:\/\/www.multifrigo.pl\/sklep\/wp-json\/wp\/v2\/product"}],"about":[{"href":"https:\/\/www.multifrigo.pl\/sklep\/wp-json\/wp\/v2\/types\/product"}],"wp:featuredmedia":[{"embeddable":true,"href":"https:\/\/www.multifrigo.pl\/sklep\/wp-json\/wp\/v2\/media\/73243"}],"wp:attachment":[{"href":"https:\/\/www.multifrigo.pl\/sklep\/wp-json\/wp\/v2\/media?parent=72932"}],"wp:term":[{"taxonomy":"pwb-brand","embeddable":true,"href":"https:\/\/www.multifrigo.pl\/sklep\/wp-json\/wp\/v2\/pwb-brand?post=72932"},{"taxonomy":"product_brand","embeddable":true,"href":"https:\/\/www.multifrigo.pl\/sklep\/wp-json\/wp\/v2\/product_brand?post=72932"},{"taxonomy":"product_cat","embeddable":true,"href":"https:\/\/www.multifrigo.pl\/sklep\/wp-json\/wp\/v2\/product_cat?post=72932"},{"taxonomy":"product_tag","embeddable":true,"href":"https:\/\/www.multifrigo.pl\/sklep\/wp-json\/wp\/v2\/product_tag?post=72932"}],"curies":[{"name":"wp","href":"https:\/\/api.w.org\/{rel}","templated":true}]}}