{"id":72934,"date":"2025-09-23T07:23:24","date_gmt":"2025-09-23T07:23:24","guid":{"rendered":"https:\/\/www.multifrigo.pl\/sklep\/produkt\/system-odwroconej-osmozy-rox-2-0-fagor\/"},"modified":"2025-10-09T11:45:36","modified_gmt":"2025-10-09T11:45:36","slug":"system-odwroconej-osmozy-rox-2-0-fagor","status":"publish","type":"product","link":"https:\/\/www.multifrigo.pl\/sklep\/produkt\/system-odwroconej-osmozy-rox-2-0-fagor\/","title":{"rendered":"System odwr\u00f3conej osmozy ROX 2.0 | Fagor"},"content":{"rendered":"<p>Wysokiej jako\u015bci i wydajno\u015bci system osmotyczny ca\u0142kowicie demineralizuje wod\u0119 i dzi\u0119ki temu zabezpiecza wszystkiepowierzchnie przed osadami pochodz\u0105cymi z wody. Wydajno\u015b\u0107 : 2 litry\/ min <\/p>\n","protected":false},"excerpt":{"rendered":"<p>Wysokiej jako\u015bci i wydajno\u015bci system osmotyczny ca\u0142kowicie demineralizuje wod\u0119 i dzi\u0119ki temu zabezpiecza wszystkiepowierzchnie przed osadami pochodz\u0105cymi z wody. Wydajno\u015b\u0107 : 2 litry\/ min<\/p>\n","protected":false},"featured_media":73244,"template":"","meta":{"_et_pb_use_builder":"","_et_pb_old_content":"","_et_gb_content_width":""},"pwb-brand":[1343],"product_brand":[],"product_cat":[4446],"product_tag":[],"class_list":{"0":"post-72934","1":"product","2":"type-product","3":"status-publish","4":"has-post-thumbnail","6":"pwb-brand-fagor","7":"product_cat-odwrocona-osmoza","9":"first","10":"instock","11":"taxable","12":"shipping-taxable","13":"purchasable","14":"product-type-simple"},"brands":[{"id":1343,"name":"Fagor","slug":"fagor"}],"_links":{"self":[{"href":"https:\/\/www.multifrigo.pl\/sklep\/wp-json\/wp\/v2\/product\/72934","targetHints":{"allow":["GET"]}}],"collection":[{"href":"https:\/\/www.multifrigo.pl\/sklep\/wp-json\/wp\/v2\/product"}],"about":[{"href":"https:\/\/www.multifrigo.pl\/sklep\/wp-json\/wp\/v2\/types\/product"}],"wp:featuredmedia":[{"embeddable":true,"href":"https:\/\/www.multifrigo.pl\/sklep\/wp-json\/wp\/v2\/media\/73244"}],"wp:attachment":[{"href":"https:\/\/www.multifrigo.pl\/sklep\/wp-json\/wp\/v2\/media?parent=72934"}],"wp:term":[{"taxonomy":"pwb-brand","embeddable":true,"href":"https:\/\/www.multifrigo.pl\/sklep\/wp-json\/wp\/v2\/pwb-brand?post=72934"},{"taxonomy":"product_brand","embeddable":true,"href":"https:\/\/www.multifrigo.pl\/sklep\/wp-json\/wp\/v2\/product_brand?post=72934"},{"taxonomy":"product_cat","embeddable":true,"href":"https:\/\/www.multifrigo.pl\/sklep\/wp-json\/wp\/v2\/product_cat?post=72934"},{"taxonomy":"product_tag","embeddable":true,"href":"https:\/\/www.multifrigo.pl\/sklep\/wp-json\/wp\/v2\/product_tag?post=72934"}],"curies":[{"name":"wp","href":"https:\/\/api.w.org\/{rel}","templated":true}]}}