{"id":72948,"date":"2025-09-23T07:24:40","date_gmt":"2025-09-23T07:24:40","guid":{"rendered":"https:\/\/www.multifrigo.pl\/sklep\/produkt\/zmywarka-do-szkla-400x400-concept-z-pompa-pluczaca-fagor-wgp-401-d\/"},"modified":"2025-10-09T11:45:38","modified_gmt":"2025-10-09T11:45:38","slug":"zmywarka-do-szkla-400x400-concept-z-pompa-pluczaca-fagor-wgp-401-d","status":"publish","type":"product","link":"https:\/\/www.multifrigo.pl\/sklep\/produkt\/zmywarka-do-szkla-400x400-concept-z-pompa-pluczaca-fagor-wgp-401-d\/","title":{"rendered":"Zmywarka do szk\u0142a 400&#215;400 Concept + z pomp\u0105 p\u0142ucz\u0105c\u0105 | Fagor WGP-401 D"},"content":{"rendered":"<p>Pod\u015bwietlany, kolorowy wy\u015bwietlacz ciek\u0142okrystaliczny (TFT) o\u00a0przek\u0105tnej 2,8&#8243; oraz klawiatura membranowa z\u00a0pi\u0119cioma przyciskami. T\u0142oczony zbiornik ze spadem zapewniaj\u0105cym pe\u0142ne sp\u0142ywanie. T\u0142oczone prowadnice kosza. Boki komory myj\u0105cej z\u00a0cz\u0119\u015bciow\u0105 podw\u00f3jn\u0105 \u015bciank\u0105 drzwi. Dwustopniowy system filtracji. Filtry powierzchniowe zbiornika z\u00a0kompozytu w\u00a0standardzie. Pompa myj\u0105ca z\u00a0podw\u00f3jnym przep\u0142ywem i\u00a0\u0142agodnym rozruchem. G\u00f3rne i\u00a0dolne ramiona myj\u0105co-p\u0142ucz\u0105ce Duo-KLIP wykonane z\u00a0materia\u0142u kompozytowego. Standardowy dozownik \u015brodka nab\u0142yszczaj\u0105cego: hydrauliczny (w\u00a0modelach z\u00a0ci\u015bnieniem sieciowym WGP-400) lub perystaltyczny (w\u00a0modelach z\u00a0pomp\u0105 p\u0142ucz\u0105c\u0105 WGP-401). Thermostop w\u00a0modelach z\u00a0pomp\u0105 p\u0142ucz\u0105c\u0105 (WGP-401). Maksymalna teoretyczna wydajno\u015b\u0107: 40 koszy\/godzin\u0119. Model z pomp\u0105 p\u0142ucz\u0105c\u0105. <\/p>\n","protected":false},"excerpt":{"rendered":"<p>Pod\u015bwietlany, kolorowy wy\u015bwietlacz ciek\u0142okrystaliczny (TFT) o\u00a0przek\u0105tnej 2,8&#8243; oraz klawiatura membranowa z\u00a0pi\u0119cioma przyciskami. T\u0142oczony zbiornik ze spadem zapewniaj\u0105cym pe\u0142ne sp\u0142ywanie. T\u0142oczone prowadnice kosza. Boki komory myj\u0105cej z\u00a0cz\u0119\u015bciow\u0105 podw\u00f3jn\u0105 \u015bciank\u0105 drzwi. Dwustopniowy system filtracji. Filtry powierzchniowe zbiornika z\u00a0kompozytu w\u00a0standardzie. Pompa myj\u0105ca z\u00a0podw\u00f3jnym przep\u0142ywem i\u00a0\u0142agodnym rozruchem. G\u00f3rne i\u00a0dolne ramiona myj\u0105co-p\u0142ucz\u0105ce Duo-KLIP wykonane z\u00a0materia\u0142u kompozytowego. Standardowy dozownik \u015brodka nab\u0142yszczaj\u0105cego: [&hellip;]<\/p>\n","protected":false},"featured_media":73251,"template":"","meta":{"_et_pb_use_builder":"","_et_pb_old_content":"","_et_gb_content_width":""},"pwb-brand":[1343],"product_brand":[],"product_cat":[492],"product_tag":[],"class_list":{"0":"post-72948","1":"product","2":"type-product","3":"status-publish","4":"has-post-thumbnail","6":"pwb-brand-fagor","7":"product_cat-zmywarki-do-szkla-barowe","9":"first","10":"instock","11":"taxable","12":"shipping-taxable","13":"purchasable","14":"product-type-simple"},"brands":[{"id":1343,"name":"Fagor","slug":"fagor"}],"_links":{"self":[{"href":"https:\/\/www.multifrigo.pl\/sklep\/wp-json\/wp\/v2\/product\/72948","targetHints":{"allow":["GET"]}}],"collection":[{"href":"https:\/\/www.multifrigo.pl\/sklep\/wp-json\/wp\/v2\/product"}],"about":[{"href":"https:\/\/www.multifrigo.pl\/sklep\/wp-json\/wp\/v2\/types\/product"}],"wp:featuredmedia":[{"embeddable":true,"href":"https:\/\/www.multifrigo.pl\/sklep\/wp-json\/wp\/v2\/media\/73251"}],"wp:attachment":[{"href":"https:\/\/www.multifrigo.pl\/sklep\/wp-json\/wp\/v2\/media?parent=72948"}],"wp:term":[{"taxonomy":"pwb-brand","embeddable":true,"href":"https:\/\/www.multifrigo.pl\/sklep\/wp-json\/wp\/v2\/pwb-brand?post=72948"},{"taxonomy":"product_brand","embeddable":true,"href":"https:\/\/www.multifrigo.pl\/sklep\/wp-json\/wp\/v2\/product_brand?post=72948"},{"taxonomy":"product_cat","embeddable":true,"href":"https:\/\/www.multifrigo.pl\/sklep\/wp-json\/wp\/v2\/product_cat?post=72948"},{"taxonomy":"product_tag","embeddable":true,"href":"https:\/\/www.multifrigo.pl\/sklep\/wp-json\/wp\/v2\/product_tag?post=72948"}],"curies":[{"name":"wp","href":"https:\/\/api.w.org\/{rel}","templated":true}]}}