{"id":72974,"date":"2025-09-23T07:27:15","date_gmt":"2025-09-23T07:27:15","guid":{"rendered":"https:\/\/www.multifrigo.pl\/sklep\/produkt\/zmywarka-podblatowa-500x500-advance-z-inteligentnym-zmiekczaczem-fagor-wua-503-s-d\/"},"modified":"2025-10-09T11:45:42","modified_gmt":"2025-10-09T11:45:42","slug":"zmywarka-podblatowa-500x500-advance-z-inteligentnym-zmiekczaczem-fagor-wua-503-s-d","status":"publish","type":"product","link":"https:\/\/www.multifrigo.pl\/sklep\/produkt\/zmywarka-podblatowa-500x500-advance-z-inteligentnym-zmiekczaczem-fagor-wua-503-s-d\/","title":{"rendered":"Zmywarka podblatowa 500&#215;500 Advance z inteligentnym zmi\u0119kczaczem | Fagor WUA-503 S D"},"content":{"rendered":"<p>Pod\u015bwietlany, kolorowy wy\u015bwietlacz ciek\u0142okrystaliczny (TFT) o\u00a0przek\u0105tnej 2,8&#8243; oraz wy\u015bwietlacz dotykowy pojemno\u015bciowy. Zbiornik, tylne drzwi i\u00a0prowadnice kosza s\u0105 t\u0142oczone, a\u00a0wszystkie kraw\u0119dzie, w\u00a0tym pionowe, s\u0105 zaokr\u0105glone, aby u\u0142atwi\u0107 odprowadzanie zanieczyszcze\u0144. Nie ma punkt\u00f3w, w\u00a0kt\u00f3rych gromadzi\u0142by si\u0119 brud. Maszyna jest zbudowana ze zintegrowan\u0105 podw\u00f3jn\u0105 \u015bciank\u0105. Wyciszone i\u00a0odporne na ciep\u0142o drzwi podw\u00f3jnej \u015bcianki. Amortyzowane, zr\u00f3wnowa\u017cone drzwi. Higieniczna grza\u0142ka zbiornika. Trzystopniowy system filtracji. Standardowy stalowy filtr powierzchniowy zbiornika oraz koszyk na odpady. Bojler z\u00a0izolacj\u0105. Pompa myj\u0105ca z\u00a0podw\u00f3jnym przep\u0142ywem i\u00a0\u0142agodnym rozruchem. G\u00f3rne i\u00a0dolne ramiona myj\u0105co-p\u0142ucz\u0105ce Duo-KLIP wykonane z\u00a0materia\u0142u kompozytowego. Standardowo wyposa\u017cona w\u00a0pomp\u0119 p\u0142ucz\u0105c\u0105, pomp\u0119 odp\u0142ywow\u0105 i\u00a0perystaltyczny dozownik \u015brodka nab\u0142yszczaj\u0105cego. Thermostop. Multipower w\u00a0standardzie. Maksymalna teoretyczna wydajno\u015b\u0107 40 koszy\/godzin\u0119. Model z pomp\u0105 p\u0142ucz\u0105c\u0105, pomp\u0105 spustow\u0105 i inteligentnym zmi\u0119kczaczem. <\/p>\n","protected":false},"excerpt":{"rendered":"<p>Pod\u015bwietlany, kolorowy wy\u015bwietlacz ciek\u0142okrystaliczny (TFT) o\u00a0przek\u0105tnej 2,8&#8243; oraz wy\u015bwietlacz dotykowy pojemno\u015bciowy. Zbiornik, tylne drzwi i\u00a0prowadnice kosza s\u0105 t\u0142oczone, a\u00a0wszystkie kraw\u0119dzie, w\u00a0tym pionowe, s\u0105 zaokr\u0105glone, aby u\u0142atwi\u0107 odprowadzanie zanieczyszcze\u0144. Nie ma punkt\u00f3w, w\u00a0kt\u00f3rych gromadzi\u0142by si\u0119 brud. Maszyna jest zbudowana ze zintegrowan\u0105 podw\u00f3jn\u0105 \u015bciank\u0105. Wyciszone i\u00a0odporne na ciep\u0142o drzwi podw\u00f3jnej \u015bcianki. Amortyzowane, zr\u00f3wnowa\u017cone drzwi. Higieniczna grza\u0142ka zbiornika. [&hellip;]<\/p>\n","protected":false},"featured_media":73264,"template":"","meta":{"_et_pb_use_builder":"","_et_pb_old_content":"","_et_gb_content_width":""},"pwb-brand":[1343],"product_brand":[],"product_cat":[493],"product_tag":[],"class_list":{"0":"post-72974","1":"product","2":"type-product","3":"status-publish","4":"has-post-thumbnail","6":"pwb-brand-fagor","7":"product_cat-zmywarki-uniwersalne","9":"first","10":"instock","11":"taxable","12":"shipping-taxable","13":"purchasable","14":"product-type-simple"},"brands":[{"id":1343,"name":"Fagor","slug":"fagor"}],"_links":{"self":[{"href":"https:\/\/www.multifrigo.pl\/sklep\/wp-json\/wp\/v2\/product\/72974","targetHints":{"allow":["GET"]}}],"collection":[{"href":"https:\/\/www.multifrigo.pl\/sklep\/wp-json\/wp\/v2\/product"}],"about":[{"href":"https:\/\/www.multifrigo.pl\/sklep\/wp-json\/wp\/v2\/types\/product"}],"wp:featuredmedia":[{"embeddable":true,"href":"https:\/\/www.multifrigo.pl\/sklep\/wp-json\/wp\/v2\/media\/73264"}],"wp:attachment":[{"href":"https:\/\/www.multifrigo.pl\/sklep\/wp-json\/wp\/v2\/media?parent=72974"}],"wp:term":[{"taxonomy":"pwb-brand","embeddable":true,"href":"https:\/\/www.multifrigo.pl\/sklep\/wp-json\/wp\/v2\/pwb-brand?post=72974"},{"taxonomy":"product_brand","embeddable":true,"href":"https:\/\/www.multifrigo.pl\/sklep\/wp-json\/wp\/v2\/product_brand?post=72974"},{"taxonomy":"product_cat","embeddable":true,"href":"https:\/\/www.multifrigo.pl\/sklep\/wp-json\/wp\/v2\/product_cat?post=72974"},{"taxonomy":"product_tag","embeddable":true,"href":"https:\/\/www.multifrigo.pl\/sklep\/wp-json\/wp\/v2\/product_tag?post=72974"}],"curies":[{"name":"wp","href":"https:\/\/api.w.org\/{rel}","templated":true}]}}