{"id":72996,"date":"2025-09-23T07:29:10","date_gmt":"2025-09-23T07:29:10","guid":{"rendered":"https:\/\/www.multifrigo.pl\/sklep\/produkt\/zmywarka-podblatowa-500x500-concept-fagor-wuc-502-d\/"},"modified":"2025-10-09T11:46:42","modified_gmt":"2025-10-09T11:46:42","slug":"zmywarka-podblatowa-500x500-concept-fagor-wuc-502-d","status":"publish","type":"product","link":"https:\/\/www.multifrigo.pl\/sklep\/produkt\/zmywarka-podblatowa-500x500-concept-fagor-wuc-502-d\/","title":{"rendered":"Zmywarka podblatowa 500&#215;500 Concept | Fagor WUC-502 D"},"content":{"rendered":"<p>Interfejs elektromechaniczny z\u00a0wytrzyma\u0142ymi, pod\u015bwietlanymi przyciskami. Modele \u201eT\u201d z\u00a0dwucyfrowymi wy\u015bwietlaczami LED. T\u0142oczony zbiornik ze spadem zapewniaj\u0105cym pe\u0142ne sp\u0142ywanie. T\u0142oczone prowadnice kosza. Boki komory myj\u0105cej z\u00a0cz\u0119\u015bciow\u0105 podw\u00f3jn\u0105 \u015bciank\u0105 drzwi. Trzystopniowy system filtracji. Filtry powierzchniowe zbiornika z\u00a0kompozytu w\u00a0standardzie. Pompa myj\u0105ca z\u00a0podw\u00f3jnym przep\u0142ywem i\u00a0\u0142agodnym rozruchem. G\u00f3rne i\u00a0dolne ramiona myj\u0105co-p\u0142ucz\u0105ce Duo-KLIP wykonane z\u00a0materia\u0142u kompozytowego. P\u0142ukanie ci\u015bnieniem wody z\u00a0sieci. Hydrauliczne dozowanie \u015brodka nab\u0142yszczaj\u0105cego w\u00a0standardzie. Multipower w\u00a0standardzie. Maksymalna teoretyczna wydajno\u015b\u0107 40 koszy\/godzin\u0119. 3 programy. <\/p>\n","protected":false},"excerpt":{"rendered":"<p>Interfejs elektromechaniczny z\u00a0wytrzyma\u0142ymi, pod\u015bwietlanymi przyciskami. Modele \u201eT\u201d z\u00a0dwucyfrowymi wy\u015bwietlaczami LED. T\u0142oczony zbiornik ze spadem zapewniaj\u0105cym pe\u0142ne sp\u0142ywanie. T\u0142oczone prowadnice kosza. Boki komory myj\u0105cej z\u00a0cz\u0119\u015bciow\u0105 podw\u00f3jn\u0105 \u015bciank\u0105 drzwi. Trzystopniowy system filtracji. Filtry powierzchniowe zbiornika z\u00a0kompozytu w\u00a0standardzie. Pompa myj\u0105ca z\u00a0podw\u00f3jnym przep\u0142ywem i\u00a0\u0142agodnym rozruchem. G\u00f3rne i\u00a0dolne ramiona myj\u0105co-p\u0142ucz\u0105ce Duo-KLIP wykonane z\u00a0materia\u0142u kompozytowego. P\u0142ukanie ci\u015bnieniem wody z\u00a0sieci. Hydrauliczne dozowanie [&hellip;]<\/p>\n","protected":false},"featured_media":73272,"template":"","meta":{"_et_pb_use_builder":"","_et_pb_old_content":"","_et_gb_content_width":""},"pwb-brand":[1343],"product_brand":[],"product_cat":[493],"product_tag":[],"class_list":{"0":"post-72996","1":"product","2":"type-product","3":"status-publish","4":"has-post-thumbnail","6":"pwb-brand-fagor","7":"product_cat-zmywarki-uniwersalne","9":"first","10":"instock","11":"taxable","12":"shipping-taxable","13":"purchasable","14":"product-type-simple"},"brands":[{"id":1343,"name":"Fagor","slug":"fagor"}],"_links":{"self":[{"href":"https:\/\/www.multifrigo.pl\/sklep\/wp-json\/wp\/v2\/product\/72996","targetHints":{"allow":["GET"]}}],"collection":[{"href":"https:\/\/www.multifrigo.pl\/sklep\/wp-json\/wp\/v2\/product"}],"about":[{"href":"https:\/\/www.multifrigo.pl\/sklep\/wp-json\/wp\/v2\/types\/product"}],"wp:featuredmedia":[{"embeddable":true,"href":"https:\/\/www.multifrigo.pl\/sklep\/wp-json\/wp\/v2\/media\/73272"}],"wp:attachment":[{"href":"https:\/\/www.multifrigo.pl\/sklep\/wp-json\/wp\/v2\/media?parent=72996"}],"wp:term":[{"taxonomy":"pwb-brand","embeddable":true,"href":"https:\/\/www.multifrigo.pl\/sklep\/wp-json\/wp\/v2\/pwb-brand?post=72996"},{"taxonomy":"product_brand","embeddable":true,"href":"https:\/\/www.multifrigo.pl\/sklep\/wp-json\/wp\/v2\/product_brand?post=72996"},{"taxonomy":"product_cat","embeddable":true,"href":"https:\/\/www.multifrigo.pl\/sklep\/wp-json\/wp\/v2\/product_cat?post=72996"},{"taxonomy":"product_tag","embeddable":true,"href":"https:\/\/www.multifrigo.pl\/sklep\/wp-json\/wp\/v2\/product_tag?post=72996"}],"curies":[{"name":"wp","href":"https:\/\/api.w.org\/{rel}","templated":true}]}}