{"id":73022,"date":"2025-09-23T07:31:46","date_gmt":"2025-09-23T07:31:46","guid":{"rendered":"https:\/\/www.multifrigo.pl\/sklep\/produkt\/zmywarka-kapturowa-500x500-advance-z-inteligentnym-zmiekczaczem-i-odzyskiwaniem-ciepla-fagor-wha-503-s-rc-d\/"},"modified":"2025-10-09T11:46:47","modified_gmt":"2025-10-09T11:46:47","slug":"zmywarka-kapturowa-500x500-advance-z-inteligentnym-zmiekczaczem-i-odzyskiwaniem-ciepla-fagor-wha-503-s-rc-d","status":"publish","type":"product","link":"https:\/\/www.multifrigo.pl\/sklep\/produkt\/zmywarka-kapturowa-500x500-advance-z-inteligentnym-zmiekczaczem-i-odzyskiwaniem-ciepla-fagor-wha-503-s-rc-d\/","title":{"rendered":"Zmywarka kapturowa 500&#215;500 Advance z inteligentnym zmi\u0119kczaczem i odzyskiwaniem ciep\u0142a | Fagor WHA-503 S RC D"},"content":{"rendered":"<p>Pod\u015bwietlany, kolorowy wy\u015bwietlacz ciek\u0142okrystaliczny (TFT) o\u00a0przek\u0105tnej 2,8&#8243; oraz wy\u015bwietlacz dotykowy pojemno\u015bciowy. W\u00a0pe\u0142ni t\u0142oczony zbiornik bez spoin i\u00a0ostrych kraw\u0119dzi. Kaptur podw\u00f3jnej \u015bcianki z\u00a0izolacj\u0105 termo-akustyczn\u0105 i\u00a0metalowymi prowadnicami, kt\u00f3re redukuj\u0105 wysi\u0142ek przy podnoszeniu i\u00a0poziom ha\u0142asu. Maksymalna widoczno\u015b\u0107 dzi\u0119ki g\u00f3rnej pozycji panelu sterowania. Trzystopniowy system filtracji. Standardowy kompozytowy filtr powierzchniowy zbiornika oraz koszyk na odpady. Bojler z\u00a0izolacj\u0105. Pompa myj\u0105ca z\u00a0podw\u00f3jnym przep\u0142ywem i\u00a0\u0142agodnym rozruchem. G\u00f3rne i\u00a0dolne ramiona myj\u0105co-p\u0142ucz\u0105ce Duo-KLIP wykonane z\u00a0materia\u0142u kompozytowego. Standardowo wyposa\u017cona w\u00a0pomp\u0119 p\u0142ucz\u0105c\u0105, pomp\u0119 odp\u0142ywow\u0105 i\u00a0perystaltyczny dozownik \u015brodka nab\u0142yszczaj\u0105cego. Thermostop. Multipower w\u00a0standardzie. Maksymalna teoretyczna wydajno\u015b\u0107: 60 koszy\/godzin\u0119. Model z pomp\u0105 p\u0142ucz\u0105c\u0105, pomp\u0105 spustow\u0105, inteligentnym zmi\u0119kczaczem i odzyskiem ciep\u0142a. <\/p>\n","protected":false},"excerpt":{"rendered":"<p>Pod\u015bwietlany, kolorowy wy\u015bwietlacz ciek\u0142okrystaliczny (TFT) o\u00a0przek\u0105tnej 2,8&#8243; oraz wy\u015bwietlacz dotykowy pojemno\u015bciowy. W\u00a0pe\u0142ni t\u0142oczony zbiornik bez spoin i\u00a0ostrych kraw\u0119dzi. Kaptur podw\u00f3jnej \u015bcianki z\u00a0izolacj\u0105 termo-akustyczn\u0105 i\u00a0metalowymi prowadnicami, kt\u00f3re redukuj\u0105 wysi\u0142ek przy podnoszeniu i\u00a0poziom ha\u0142asu. Maksymalna widoczno\u015b\u0107 dzi\u0119ki g\u00f3rnej pozycji panelu sterowania. Trzystopniowy system filtracji. Standardowy kompozytowy filtr powierzchniowy zbiornika oraz koszyk na odpady. Bojler z\u00a0izolacj\u0105. Pompa myj\u0105ca [&hellip;]<\/p>\n","protected":false},"featured_media":73285,"template":"","meta":{"_et_pb_use_builder":"","_et_pb_old_content":"","_et_gb_content_width":""},"pwb-brand":[1343],"product_brand":[],"product_cat":[496],"product_tag":[],"class_list":{"0":"post-73022","1":"product","2":"type-product","3":"status-publish","4":"has-post-thumbnail","6":"pwb-brand-fagor","7":"product_cat-zmywarki-kapturowe","9":"first","10":"instock","11":"taxable","12":"shipping-taxable","13":"purchasable","14":"product-type-simple"},"brands":[{"id":1343,"name":"Fagor","slug":"fagor"}],"_links":{"self":[{"href":"https:\/\/www.multifrigo.pl\/sklep\/wp-json\/wp\/v2\/product\/73022","targetHints":{"allow":["GET"]}}],"collection":[{"href":"https:\/\/www.multifrigo.pl\/sklep\/wp-json\/wp\/v2\/product"}],"about":[{"href":"https:\/\/www.multifrigo.pl\/sklep\/wp-json\/wp\/v2\/types\/product"}],"wp:featuredmedia":[{"embeddable":true,"href":"https:\/\/www.multifrigo.pl\/sklep\/wp-json\/wp\/v2\/media\/73285"}],"wp:attachment":[{"href":"https:\/\/www.multifrigo.pl\/sklep\/wp-json\/wp\/v2\/media?parent=73022"}],"wp:term":[{"taxonomy":"pwb-brand","embeddable":true,"href":"https:\/\/www.multifrigo.pl\/sklep\/wp-json\/wp\/v2\/pwb-brand?post=73022"},{"taxonomy":"product_brand","embeddable":true,"href":"https:\/\/www.multifrigo.pl\/sklep\/wp-json\/wp\/v2\/product_brand?post=73022"},{"taxonomy":"product_cat","embeddable":true,"href":"https:\/\/www.multifrigo.pl\/sklep\/wp-json\/wp\/v2\/product_cat?post=73022"},{"taxonomy":"product_tag","embeddable":true,"href":"https:\/\/www.multifrigo.pl\/sklep\/wp-json\/wp\/v2\/product_tag?post=73022"}],"curies":[{"name":"wp","href":"https:\/\/api.w.org\/{rel}","templated":true}]}}