{"id":73038,"date":"2025-09-23T07:33:07","date_gmt":"2025-09-23T07:33:07","guid":{"rendered":"https:\/\/www.multifrigo.pl\/sklep\/produkt\/zmywarka-kapturowa-500x500-concept-z-pompa-pluczaca-i-pompa-spustowa-fagor-whp-503-b-d\/"},"modified":"2025-10-09T11:46:50","modified_gmt":"2025-10-09T11:46:50","slug":"zmywarka-kapturowa-500x500-concept-z-pompa-pluczaca-i-pompa-spustowa-fagor-whp-503-b-d","status":"publish","type":"product","link":"https:\/\/www.multifrigo.pl\/sklep\/produkt\/zmywarka-kapturowa-500x500-concept-z-pompa-pluczaca-i-pompa-spustowa-fagor-whp-503-b-d\/","title":{"rendered":"Zmywarka kapturowa 500&#215;500 Concept + z pomp\u0105 p\u0142ucz\u0105c\u0105 i pomp\u0105 spustow\u0105 | Fagor WHP-503 B D"},"content":{"rendered":"<p>Pod\u015bwietlany, kolorowy wy\u015bwietlacz ciek\u0142okrystaliczny (TFT) o\u00a0przek\u0105tnej 2,8&#8243; oraz klawiatura membranowa z\u00a0pi\u0119cioma przyciskami. W\u00a0pe\u0142ni t\u0142oczony zbiornik bez spoin i\u00a0ostrych kraw\u0119dzi. Kaptur o\u00a0pojedynczej \u015bciance, kt\u00f3ry p\u0142ynnie przesuwa si\u0119 po metalowych prowadnicach, redukuj\u0105c wysi\u0142ek przy podnoszeniu i\u00a0poziom ha\u0142asu. Dwustopniowy system filtracji. Filtr powierzchniowy zbiornika z\u00a0kompozytu w\u00a0standardzie. Bojler z\u00a0izolacj\u0105. Pompa myj\u0105ca z\u00a0podw\u00f3jnym przep\u0142ywem i\u00a0\u0142agodnym rozruchem. G\u00f3rne i\u00a0dolne ramiona myj\u0105co-p\u0142ucz\u0105ce Duo-KLIP wykonane z\u00a0materia\u0142u kompozytowego. Standardowy dozownik \u015brodka nab\u0142yszczaj\u0105cego: hydrauliczny (w\u00a0modelach z\u00a0ci\u015bnieniem sieciowym WHP-502) lub perystaltyczny (w\u00a0modelach z\u00a0pomp\u0105 p\u0142ucz\u0105c\u0105 WHP-503). Thermostop w\u00a0modelach z\u00a0pomp\u0105 p\u0142ucz\u0105c\u0105 (WHP-503). Multipower w\u00a0standardzie. Maksymalna teoretyczna wydajno\u015b\u0107: 60 koszy\/godzin\u0119. Model z pomp\u0105 p\u0142ucz\u0105c\u0105 i pomp\u0105 spustow\u0105. <\/p>\n","protected":false},"excerpt":{"rendered":"<p>Pod\u015bwietlany, kolorowy wy\u015bwietlacz ciek\u0142okrystaliczny (TFT) o\u00a0przek\u0105tnej 2,8&#8243; oraz klawiatura membranowa z\u00a0pi\u0119cioma przyciskami. W\u00a0pe\u0142ni t\u0142oczony zbiornik bez spoin i\u00a0ostrych kraw\u0119dzi. Kaptur o\u00a0pojedynczej \u015bciance, kt\u00f3ry p\u0142ynnie przesuwa si\u0119 po metalowych prowadnicach, redukuj\u0105c wysi\u0142ek przy podnoszeniu i\u00a0poziom ha\u0142asu. Dwustopniowy system filtracji. Filtr powierzchniowy zbiornika z\u00a0kompozytu w\u00a0standardzie. Bojler z\u00a0izolacj\u0105. Pompa myj\u0105ca z\u00a0podw\u00f3jnym przep\u0142ywem i\u00a0\u0142agodnym rozruchem. G\u00f3rne i\u00a0dolne ramiona myj\u0105co-p\u0142ucz\u0105ce [&hellip;]<\/p>\n","protected":false},"featured_media":73293,"template":"","meta":{"_et_pb_use_builder":"","_et_pb_old_content":"","_et_gb_content_width":""},"pwb-brand":[1343],"product_brand":[],"product_cat":[496],"product_tag":[],"class_list":{"0":"post-73038","1":"product","2":"type-product","3":"status-publish","4":"has-post-thumbnail","6":"pwb-brand-fagor","7":"product_cat-zmywarki-kapturowe","9":"first","10":"instock","11":"taxable","12":"shipping-taxable","13":"purchasable","14":"product-type-simple"},"brands":[{"id":1343,"name":"Fagor","slug":"fagor"}],"_links":{"self":[{"href":"https:\/\/www.multifrigo.pl\/sklep\/wp-json\/wp\/v2\/product\/73038","targetHints":{"allow":["GET"]}}],"collection":[{"href":"https:\/\/www.multifrigo.pl\/sklep\/wp-json\/wp\/v2\/product"}],"about":[{"href":"https:\/\/www.multifrigo.pl\/sklep\/wp-json\/wp\/v2\/types\/product"}],"wp:featuredmedia":[{"embeddable":true,"href":"https:\/\/www.multifrigo.pl\/sklep\/wp-json\/wp\/v2\/media\/73293"}],"wp:attachment":[{"href":"https:\/\/www.multifrigo.pl\/sklep\/wp-json\/wp\/v2\/media?parent=73038"}],"wp:term":[{"taxonomy":"pwb-brand","embeddable":true,"href":"https:\/\/www.multifrigo.pl\/sklep\/wp-json\/wp\/v2\/pwb-brand?post=73038"},{"taxonomy":"product_brand","embeddable":true,"href":"https:\/\/www.multifrigo.pl\/sklep\/wp-json\/wp\/v2\/product_brand?post=73038"},{"taxonomy":"product_cat","embeddable":true,"href":"https:\/\/www.multifrigo.pl\/sklep\/wp-json\/wp\/v2\/product_cat?post=73038"},{"taxonomy":"product_tag","embeddable":true,"href":"https:\/\/www.multifrigo.pl\/sklep\/wp-json\/wp\/v2\/product_tag?post=73038"}],"curies":[{"name":"wp","href":"https:\/\/api.w.org\/{rel}","templated":true}]}}