{"id":73060,"date":"2025-09-23T07:35:14","date_gmt":"2025-09-23T07:35:14","guid":{"rendered":"https:\/\/www.multifrigo.pl\/sklep\/produkt\/stol-do-zmywarki-kapturowej-fagor-whtc-70\/"},"modified":"2025-10-09T11:47:49","modified_gmt":"2025-10-09T11:47:49","slug":"stol-do-zmywarki-kapturowej-fagor-whtc-70","status":"publish","type":"product","link":"https:\/\/www.multifrigo.pl\/sklep\/produkt\/stol-do-zmywarki-kapturowej-fagor-whtc-70\/","title":{"rendered":"St\u00f3\u0142 do zmywarki kapturowej  | Fagor WHTC-70"},"content":{"rendered":"<p>Blat roboczy wykonany ze stali nierdzewnej z\u00a0wyko\u0144czeniem satynowym. Spawany zlew 450 x 450 x 250 mm. Bateria nie jest do\u0142\u0105czona, ale st\u00f3\u0142 posiada otw\u00f3r do jej zamontowania. Otw\u00f3r do sortowania z\u00a0czarnym pier\u015bcieniem gumowym na poziomie blatu roboczego do usuwania odpad\u00f3w do kosza na \u015bmieci (nie do\u0142\u0105czony). Rant 100 x 15 mm. Kwadratowe nogi ze stali nierdzewnej 40 x 40 mm. Wysoko\u015b\u0107 ramy 850 mm z\u00a0regulowanymi nogami ze stali nierdzewnej (-10 mm \/ + 50 mm). Dostarczane w\u00a0stanie rozmontowanym. St\u00f3\u0142 bez zlewu i bez rantu. <\/p>\n","protected":false},"excerpt":{"rendered":"<p>Blat roboczy wykonany ze stali nierdzewnej z\u00a0wyko\u0144czeniem satynowym. Spawany zlew 450 x 450 x 250 mm. Bateria nie jest do\u0142\u0105czona, ale st\u00f3\u0142 posiada otw\u00f3r do jej zamontowania. Otw\u00f3r do sortowania z\u00a0czarnym pier\u015bcieniem gumowym na poziomie blatu roboczego do usuwania odpad\u00f3w do kosza na \u015bmieci (nie do\u0142\u0105czony). Rant 100 x 15 mm. Kwadratowe nogi ze stali [&hellip;]<\/p>\n","protected":false},"featured_media":61818,"template":"","meta":{"_et_pb_use_builder":"","_et_pb_old_content":"","_et_gb_content_width":""},"pwb-brand":[1343],"product_brand":[],"product_cat":[142],"product_tag":[],"class_list":{"0":"post-73060","1":"product","2":"type-product","3":"status-publish","4":"has-post-thumbnail","6":"pwb-brand-fagor","7":"product_cat-stoly-zaladowcze","9":"first","10":"instock","11":"taxable","12":"shipping-taxable","13":"purchasable","14":"product-type-simple"},"brands":[{"id":1343,"name":"Fagor","slug":"fagor"}],"_links":{"self":[{"href":"https:\/\/www.multifrigo.pl\/sklep\/wp-json\/wp\/v2\/product\/73060","targetHints":{"allow":["GET"]}}],"collection":[{"href":"https:\/\/www.multifrigo.pl\/sklep\/wp-json\/wp\/v2\/product"}],"about":[{"href":"https:\/\/www.multifrigo.pl\/sklep\/wp-json\/wp\/v2\/types\/product"}],"wp:featuredmedia":[{"embeddable":true,"href":"https:\/\/www.multifrigo.pl\/sklep\/wp-json\/wp\/v2\/media\/61818"}],"wp:attachment":[{"href":"https:\/\/www.multifrigo.pl\/sklep\/wp-json\/wp\/v2\/media?parent=73060"}],"wp:term":[{"taxonomy":"pwb-brand","embeddable":true,"href":"https:\/\/www.multifrigo.pl\/sklep\/wp-json\/wp\/v2\/pwb-brand?post=73060"},{"taxonomy":"product_brand","embeddable":true,"href":"https:\/\/www.multifrigo.pl\/sklep\/wp-json\/wp\/v2\/product_brand?post=73060"},{"taxonomy":"product_cat","embeddable":true,"href":"https:\/\/www.multifrigo.pl\/sklep\/wp-json\/wp\/v2\/product_cat?post=73060"},{"taxonomy":"product_tag","embeddable":true,"href":"https:\/\/www.multifrigo.pl\/sklep\/wp-json\/wp\/v2\/product_tag?post=73060"}],"curies":[{"name":"wp","href":"https:\/\/api.w.org\/{rel}","templated":true}]}}