{"id":73088,"date":"2025-09-23T07:38:00","date_gmt":"2025-09-23T07:38:00","guid":{"rendered":"https:\/\/www.multifrigo.pl\/sklep\/produkt\/zmywarka-podblatowa-500x500-sanitarna-fagor-wup-503-sn-d\/"},"modified":"2025-10-09T11:47:54","modified_gmt":"2025-10-09T11:47:54","slug":"zmywarka-podblatowa-500x500-sanitarna-fagor-wup-503-sn-d","status":"publish","type":"product","link":"https:\/\/www.multifrigo.pl\/sklep\/produkt\/zmywarka-podblatowa-500x500-sanitarna-fagor-wup-503-sn-d\/","title":{"rendered":"Zmywarka podblatowa 500&#215;500 Sanitarna | Fagor WUP-503 SN D"},"content":{"rendered":"<p>Pod\u015bwietlany, kolorowy wy\u015bwietlacz ciek\u0142okrystaliczny (TFT) o\u00a0przek\u0105tnej 2,8&#8243; oraz klawiatura membranowa z\u00a0pi\u0119cioma przyciskami. T\u0142oczony zbiornik ze spadem zapewniaj\u0105cym pe\u0142ne sp\u0142ywanie. T\u0142oczone prowadnice kosza. Maszyna jest zbudowana ze zintegrowan\u0105 podw\u00f3jn\u0105 \u015bciank\u0105. Trzystopniowy system filtracji. Standardowe stalowe filtry powierzchniowe zbiornika. Bojler z\u00a0izolacj\u0105. Pompa myj\u0105ca z\u00a0podw\u00f3jnym przep\u0142ywem i\u00a0\u0142agodnym rozruchem. Stalowe ramiona myj\u0105co-p\u0142ucz\u0105ce Duo-KLIP, g\u00f3rne i\u00a0dolne. Standardowo wyposa\u017cona w\u00a0pomp\u0119 p\u0142ucz\u0105c\u0105 i\u00a0perystaltyczny dozownik \u015brodka nab\u0142yszczaj\u0105cego. Thermostop. Maksymalna teoretyczna wydajno\u015b\u0107: 40 koszy\/godzin\u0119. Model z pomp\u0105 p\u0142ucz\u0105c\u0105. <\/p>\n","protected":false},"excerpt":{"rendered":"<p>Pod\u015bwietlany, kolorowy wy\u015bwietlacz ciek\u0142okrystaliczny (TFT) o\u00a0przek\u0105tnej 2,8&#8243; oraz klawiatura membranowa z\u00a0pi\u0119cioma przyciskami. T\u0142oczony zbiornik ze spadem zapewniaj\u0105cym pe\u0142ne sp\u0142ywanie. T\u0142oczone prowadnice kosza. Maszyna jest zbudowana ze zintegrowan\u0105 podw\u00f3jn\u0105 \u015bciank\u0105. Trzystopniowy system filtracji. Standardowe stalowe filtry powierzchniowe zbiornika. Bojler z\u00a0izolacj\u0105. Pompa myj\u0105ca z\u00a0podw\u00f3jnym przep\u0142ywem i\u00a0\u0142agodnym rozruchem. Stalowe ramiona myj\u0105co-p\u0142ucz\u0105ce Duo-KLIP, g\u00f3rne i\u00a0dolne. Standardowo wyposa\u017cona w\u00a0pomp\u0119 p\u0142ucz\u0105c\u0105 [&hellip;]<\/p>\n","protected":false},"featured_media":73271,"template":"","meta":{"_et_pb_use_builder":"","_et_pb_old_content":"","_et_gb_content_width":""},"pwb-brand":[1343],"product_brand":[],"product_cat":[493],"product_tag":[],"class_list":{"0":"post-73088","1":"product","2":"type-product","3":"status-publish","4":"has-post-thumbnail","6":"pwb-brand-fagor","7":"product_cat-zmywarki-uniwersalne","9":"first","10":"instock","11":"taxable","12":"shipping-taxable","13":"purchasable","14":"product-type-simple"},"brands":[{"id":1343,"name":"Fagor","slug":"fagor"}],"_links":{"self":[{"href":"https:\/\/www.multifrigo.pl\/sklep\/wp-json\/wp\/v2\/product\/73088","targetHints":{"allow":["GET"]}}],"collection":[{"href":"https:\/\/www.multifrigo.pl\/sklep\/wp-json\/wp\/v2\/product"}],"about":[{"href":"https:\/\/www.multifrigo.pl\/sklep\/wp-json\/wp\/v2\/types\/product"}],"wp:featuredmedia":[{"embeddable":true,"href":"https:\/\/www.multifrigo.pl\/sklep\/wp-json\/wp\/v2\/media\/73271"}],"wp:attachment":[{"href":"https:\/\/www.multifrigo.pl\/sklep\/wp-json\/wp\/v2\/media?parent=73088"}],"wp:term":[{"taxonomy":"pwb-brand","embeddable":true,"href":"https:\/\/www.multifrigo.pl\/sklep\/wp-json\/wp\/v2\/pwb-brand?post=73088"},{"taxonomy":"product_brand","embeddable":true,"href":"https:\/\/www.multifrigo.pl\/sklep\/wp-json\/wp\/v2\/product_brand?post=73088"},{"taxonomy":"product_cat","embeddable":true,"href":"https:\/\/www.multifrigo.pl\/sklep\/wp-json\/wp\/v2\/product_cat?post=73088"},{"taxonomy":"product_tag","embeddable":true,"href":"https:\/\/www.multifrigo.pl\/sklep\/wp-json\/wp\/v2\/product_tag?post=73088"}],"curies":[{"name":"wp","href":"https:\/\/api.w.org\/{rel}","templated":true}]}}