{"id":73114,"date":"2025-09-23T07:40:29","date_gmt":"2025-09-23T07:40:29","guid":{"rendered":"https:\/\/www.multifrigo.pl\/sklep\/produkt\/zmywarka-do-naczyn-kuchennych-z-pompa-pluczaca-i-pompa-spustowa-fagor-wlp-130\/"},"modified":"2025-10-09T11:48:56","modified_gmt":"2025-10-09T11:48:56","slug":"zmywarka-do-naczyn-kuchennych-z-pompa-pluczaca-i-pompa-spustowa-fagor-wlp-130","status":"publish","type":"product","link":"https:\/\/www.multifrigo.pl\/sklep\/produkt\/zmywarka-do-naczyn-kuchennych-z-pompa-pluczaca-i-pompa-spustowa-fagor-wlp-130\/","title":{"rendered":"Zmywarka do naczy\u0144 kuchennych z pomp\u0105 p\u0142ucz\u0105c\u0105 i pomp\u0105 spustow\u0105 | Fagor WLP-130"},"content":{"rendered":"<p>5&#8243; pod\u015bwietlany wy\u015bwietlacz LCD w kolorze. Maszyna posiada zintegrowan\u0105 podw\u00f3jn\u0105 \u015bciank\u0119. Wyciszone i odporne na ciep\u0142o drzwi z podw\u00f3jn\u0105 \u015bciank\u0105. Filtr powierzchniowy zbiornika ze stali nierdzewnej, zatrzymuj\u0105cy grubsze zanieczyszczenia. Filtr ss\u0105cy pompy z polipropylenu, kt\u00f3ry zatrzymuje najl\u017cejsze zanieczyszczenia, chroni pomp\u0119 myj\u0105c\u0105. Dwie pompy myj\u0105ce z podw\u00f3jnym przep\u0142ywem. Druciany koszyk w wyposa\u017ceniu standardowym.  Maksymalna teoretyczna wydajno\u015b\u0107: 30 koszy\/godzin\u0119.  Pompa p\u0142ucz\u0105ca, Pompa spustowa, dozownik detergentu. Rozmiar koszy: 1320x700mm. Wysoko\u015b\u0107 u\u017cytkowa: 850mm.<\/p>\n","protected":false},"excerpt":{"rendered":"<p>5&#8243; pod\u015bwietlany wy\u015bwietlacz LCD w kolorze. Maszyna posiada zintegrowan\u0105 podw\u00f3jn\u0105 \u015bciank\u0119. Wyciszone i odporne na ciep\u0142o drzwi z podw\u00f3jn\u0105 \u015bciank\u0105. Filtr powierzchniowy zbiornika ze stali nierdzewnej, zatrzymuj\u0105cy grubsze zanieczyszczenia. Filtr ss\u0105cy pompy z polipropylenu, kt\u00f3ry zatrzymuje najl\u017cejsze zanieczyszczenia, chroni pomp\u0119 myj\u0105c\u0105. Dwie pompy myj\u0105ce z podw\u00f3jnym przep\u0142ywem. Druciany koszyk w wyposa\u017ceniu standardowym. Maksymalna teoretyczna wydajno\u015b\u0107: [&hellip;]<\/p>\n","protected":false},"featured_media":73311,"template":"","meta":{"_et_pb_use_builder":"","_et_pb_old_content":"","_et_gb_content_width":""},"pwb-brand":[1343],"product_brand":[],"product_cat":[497],"product_tag":[],"class_list":{"0":"post-73114","1":"product","2":"type-product","3":"status-publish","4":"has-post-thumbnail","6":"pwb-brand-fagor","7":"product_cat-zmywarki-do-garnkow-i-naczyn","9":"first","10":"instock","11":"taxable","12":"shipping-taxable","13":"purchasable","14":"product-type-simple"},"brands":[{"id":1343,"name":"Fagor","slug":"fagor"}],"_links":{"self":[{"href":"https:\/\/www.multifrigo.pl\/sklep\/wp-json\/wp\/v2\/product\/73114","targetHints":{"allow":["GET"]}}],"collection":[{"href":"https:\/\/www.multifrigo.pl\/sklep\/wp-json\/wp\/v2\/product"}],"about":[{"href":"https:\/\/www.multifrigo.pl\/sklep\/wp-json\/wp\/v2\/types\/product"}],"wp:featuredmedia":[{"embeddable":true,"href":"https:\/\/www.multifrigo.pl\/sklep\/wp-json\/wp\/v2\/media\/73311"}],"wp:attachment":[{"href":"https:\/\/www.multifrigo.pl\/sklep\/wp-json\/wp\/v2\/media?parent=73114"}],"wp:term":[{"taxonomy":"pwb-brand","embeddable":true,"href":"https:\/\/www.multifrigo.pl\/sklep\/wp-json\/wp\/v2\/pwb-brand?post=73114"},{"taxonomy":"product_brand","embeddable":true,"href":"https:\/\/www.multifrigo.pl\/sklep\/wp-json\/wp\/v2\/product_brand?post=73114"},{"taxonomy":"product_cat","embeddable":true,"href":"https:\/\/www.multifrigo.pl\/sklep\/wp-json\/wp\/v2\/product_cat?post=73114"},{"taxonomy":"product_tag","embeddable":true,"href":"https:\/\/www.multifrigo.pl\/sklep\/wp-json\/wp\/v2\/product_tag?post=73114"}],"curies":[{"name":"wp","href":"https:\/\/api.w.org\/{rel}","templated":true}]}}