{"id":73128,"date":"2025-09-23T07:41:46","date_gmt":"2025-09-23T07:41:46","guid":{"rendered":"https:\/\/www.multifrigo.pl\/sklep\/produkt\/zmywarka-tunelowa-concept-elektryczna-fagor-cco-160-r-hw\/"},"modified":"2025-10-09T11:48:59","modified_gmt":"2025-10-09T11:48:59","slug":"zmywarka-tunelowa-concept-elektryczna-fagor-cco-160-r-hw","status":"publish","type":"product","link":"https:\/\/www.multifrigo.pl\/sklep\/produkt\/zmywarka-tunelowa-concept-elektryczna-fagor-cco-160-r-hw\/","title":{"rendered":"Zmywarka tunelowa CONCEPT &#8211;  ELEKTRYCZNA | Fagor CCO-160-R-HW"},"content":{"rendered":"<p> Wszystkie g\u0142\u00f3wnie elementy ( zbiorniki, ramiona myj\u0105ce i p\u0142ucz\u0105ce, drzwi, prowadnice systemu koszowego, bojler i wewn. instalacja rur oraz filtry komory ) wykonane ze stali nierdzewnej AISI-304. Panel zaprojektowany do pod\u0142\u0105czenia dozownik\u00f3w chemii.  Regulator sta\u0142ego ci\u015bnienia przep\u0142ywu wody.  Wydajno\u015b\u0107: 3 programy 100, 130 i 160 koszy\/ godz.,  Kierunek przesuwu koszy z  prawej do lewej strony. Modu\u0142 mycia g\u0142\u00f3wnego z podw\u00f3jnym p\u0142ukaniem w bardzo wydajnym systemem mycia 5&#215;5 ( pi\u0119cio segmentowe ramiona myj\u0105ce i p\u0142ucz\u0105ce).  Modu\u0142 antyrozbryzgowy na wej\u015bciu jako dodatkowa opcja rekomendowana ( AS-260). Przes\u0142ony rozdzielaj\u0105ce komory o wysokiej odporno\u015bci na \u015brodki chemiczne oraz wysokie temperatury. Zbiornik komory mycia o pojemno\u015bci 50 litr\u00f3w.Tace \ufb01ltruj\u0105ce wyjmowalne do mycia. Zbiornik komory mycia grzany przez grza\u0142ki o mocy 9 kW. Wbudowany bojler wodny do p\u0142ukania przy zasilaniu ciep\u0142\u0105 wod\u0105 &#8211; 21 kW. Kontrolowane termostatem temperatury: mycia 60\u00b0C, wyparzania 80-85\u00b0C. max. zu\u017cycie wody: 240 litr\u00f3w\/godzin\u0119. Wysoko\u015b\u0107 za\u0142adunku 390 mm. Termometry na panelu  podaj\u0105ce temperatur\u0119 wody mycia i p\u0142ukania. Czujniki magnetyczne funkcji mycia, p\u0142ukania oraz otwarcia drzwi. System oszcz\u0119dzania energii. Standardowe wyposa\u017cenie w kosze: 2xCT-10, 2xCP-16\/18, 1xCV-16\/105 i 10 pojemnik\u00f3w na sztu\u0107ce.Zasilanie 400 V<\/p>\n","protected":false},"excerpt":{"rendered":"<p>Wszystkie g\u0142\u00f3wnie elementy ( zbiorniki, ramiona myj\u0105ce i p\u0142ucz\u0105ce, drzwi, prowadnice systemu koszowego, bojler i wewn. instalacja rur oraz filtry komory ) wykonane ze stali nierdzewnej AISI-304. Panel zaprojektowany do pod\u0142\u0105czenia dozownik\u00f3w chemii. Regulator sta\u0142ego ci\u015bnienia przep\u0142ywu wody. Wydajno\u015b\u0107: 3 programy 100, 130 i 160 koszy\/ godz., Kierunek przesuwu koszy z prawej do lewej strony. [&hellip;]<\/p>\n","protected":false},"featured_media":73316,"template":"","meta":{"_et_pb_use_builder":"","_et_pb_old_content":"","_et_gb_content_width":""},"pwb-brand":[1343],"product_brand":[],"product_cat":[5909],"product_tag":[],"class_list":{"0":"post-73128","1":"product","2":"type-product","3":"status-publish","4":"has-post-thumbnail","6":"pwb-brand-fagor","7":"product_cat-zmywarki-tunelowe","9":"first","10":"instock","11":"taxable","12":"shipping-taxable","13":"purchasable","14":"product-type-simple"},"brands":[{"id":1343,"name":"Fagor","slug":"fagor"}],"_links":{"self":[{"href":"https:\/\/www.multifrigo.pl\/sklep\/wp-json\/wp\/v2\/product\/73128","targetHints":{"allow":["GET"]}}],"collection":[{"href":"https:\/\/www.multifrigo.pl\/sklep\/wp-json\/wp\/v2\/product"}],"about":[{"href":"https:\/\/www.multifrigo.pl\/sklep\/wp-json\/wp\/v2\/types\/product"}],"wp:featuredmedia":[{"embeddable":true,"href":"https:\/\/www.multifrigo.pl\/sklep\/wp-json\/wp\/v2\/media\/73316"}],"wp:attachment":[{"href":"https:\/\/www.multifrigo.pl\/sklep\/wp-json\/wp\/v2\/media?parent=73128"}],"wp:term":[{"taxonomy":"pwb-brand","embeddable":true,"href":"https:\/\/www.multifrigo.pl\/sklep\/wp-json\/wp\/v2\/pwb-brand?post=73128"},{"taxonomy":"product_brand","embeddable":true,"href":"https:\/\/www.multifrigo.pl\/sklep\/wp-json\/wp\/v2\/product_brand?post=73128"},{"taxonomy":"product_cat","embeddable":true,"href":"https:\/\/www.multifrigo.pl\/sklep\/wp-json\/wp\/v2\/product_cat?post=73128"},{"taxonomy":"product_tag","embeddable":true,"href":"https:\/\/www.multifrigo.pl\/sklep\/wp-json\/wp\/v2\/product_tag?post=73128"}],"curies":[{"name":"wp","href":"https:\/\/api.w.org\/{rel}","templated":true}]}}