{"id":73146,"date":"2025-09-23T07:43:31","date_gmt":"2025-09-23T07:43:31","guid":{"rendered":"https:\/\/www.multifrigo.pl\/sklep\/produkt\/gotowy-zestaw-zmywarek-tunelowych-kompaktowych-fagor-cco-160-pack-l-cw\/"},"modified":"2025-10-09T11:49:02","modified_gmt":"2025-10-09T11:49:02","slug":"gotowy-zestaw-zmywarek-tunelowych-kompaktowych-fagor-cco-160-pack-l-cw","status":"publish","type":"product","link":"https:\/\/www.multifrigo.pl\/sklep\/produkt\/gotowy-zestaw-zmywarek-tunelowych-kompaktowych-fagor-cco-160-pack-l-cw\/","title":{"rendered":"Gotowy zestaw zmywarek tunelowych kompaktowych  | Fagor CCO-160 PACK L CW"},"content":{"rendered":"<p>Zestaw sk\u0142adaj\u0105cy si\u0119 z: Zmywarka CCO-160-I-CW + modu\u0142 antyrozbryzgowy AS-260 + tunel susz\u0105cy CDT-600. Kierunek za\u0142adunku: OD LEWEJ STRONY. <\/p>\n","protected":false},"excerpt":{"rendered":"<p>Zestaw sk\u0142adaj\u0105cy si\u0119 z: Zmywarka CCO-160-I-CW + modu\u0142 antyrozbryzgowy AS-260 + tunel susz\u0105cy CDT-600. Kierunek za\u0142adunku: OD LEWEJ STRONY.<\/p>\n","protected":false},"featured_media":73323,"template":"","meta":{"_et_pb_use_builder":"","_et_pb_old_content":"","_et_gb_content_width":""},"pwb-brand":[1343],"product_brand":[],"product_cat":[5909],"product_tag":[],"class_list":{"0":"post-73146","1":"product","2":"type-product","3":"status-publish","4":"has-post-thumbnail","6":"pwb-brand-fagor","7":"product_cat-zmywarki-tunelowe","9":"first","10":"instock","11":"taxable","12":"shipping-taxable","13":"purchasable","14":"product-type-simple"},"brands":[{"id":1343,"name":"Fagor","slug":"fagor"}],"_links":{"self":[{"href":"https:\/\/www.multifrigo.pl\/sklep\/wp-json\/wp\/v2\/product\/73146","targetHints":{"allow":["GET"]}}],"collection":[{"href":"https:\/\/www.multifrigo.pl\/sklep\/wp-json\/wp\/v2\/product"}],"about":[{"href":"https:\/\/www.multifrigo.pl\/sklep\/wp-json\/wp\/v2\/types\/product"}],"wp:featuredmedia":[{"embeddable":true,"href":"https:\/\/www.multifrigo.pl\/sklep\/wp-json\/wp\/v2\/media\/73323"}],"wp:attachment":[{"href":"https:\/\/www.multifrigo.pl\/sklep\/wp-json\/wp\/v2\/media?parent=73146"}],"wp:term":[{"taxonomy":"pwb-brand","embeddable":true,"href":"https:\/\/www.multifrigo.pl\/sklep\/wp-json\/wp\/v2\/pwb-brand?post=73146"},{"taxonomy":"product_brand","embeddable":true,"href":"https:\/\/www.multifrigo.pl\/sklep\/wp-json\/wp\/v2\/product_brand?post=73146"},{"taxonomy":"product_cat","embeddable":true,"href":"https:\/\/www.multifrigo.pl\/sklep\/wp-json\/wp\/v2\/product_cat?post=73146"},{"taxonomy":"product_tag","embeddable":true,"href":"https:\/\/www.multifrigo.pl\/sklep\/wp-json\/wp\/v2\/product_tag?post=73146"}],"curies":[{"name":"wp","href":"https:\/\/api.w.org\/{rel}","templated":true}]}}