{"id":73192,"date":"2025-09-23T07:48:00","date_gmt":"2025-09-23T07:48:00","guid":{"rendered":"https:\/\/www.multifrigo.pl\/sklep\/produkt\/zmywarka-tunelowa-concept-gazowa-fagor-cco-270-r-eco\/"},"modified":"2025-10-09T11:50:06","modified_gmt":"2025-10-09T11:50:06","slug":"zmywarka-tunelowa-concept-gazowa-fagor-cco-270-r-eco","status":"publish","type":"product","link":"https:\/\/www.multifrigo.pl\/sklep\/produkt\/zmywarka-tunelowa-concept-gazowa-fagor-cco-270-r-eco\/","title":{"rendered":"Zmywarka tunelowa CONCEPT &#8211;  GAZOWA | Fagor CCO-270-R-ECO"},"content":{"rendered":"<p>  Zmywarki tunelowe gazowe wyposa\u017cone s\u0105 w zewn\u0119trzny generator gazowy GWB-40 o wymiarach 470x 730 x1.040. Generator zest\u0119puje elektryczny bojler i powoduje znaczne oszcz\u0119dno\u015bci energii elektrycznej. Zmywarka ECO wyposa\u017cona jest w pomp\u0119, kt\u00f3ra przekazuje wod\u0119 z generatora do dysz myj\u0105cych.Wszystkie g\u0142\u00f3wnie elementy ( zbiorniki, ramiona myj\u0105ce i p\u0142ucz\u0105ce, drzwi, prowadnice systemu koszowego, bojler i wewn. instalacja rur oraz filtry komory ) wykonane ze stali nierdzewnej AISI-304. Panel zaprojektowany do pod\u0142\u0105czenia dozownik\u00f3w chemii.  Regulator sta\u0142ego ci\u015bnienia przep\u0142ywu wody.  Wydajno\u015b\u0107: 3 programy 140, 205 i 270 koszy\/ godz.,  Kierunek przesuwu koszy z l prawej do lewej strony. Modu\u0142 intensywnego mycia wst\u0119pnego, mycia g\u0142\u00f3wnego z podw\u00f3jnym p\u0142ukaniem wstp\u0119pnym i podw\u00f3jnym p\u0142ukaniem ko\u0144cowym z bardzo wydajnym systemem mycia 5&#215;5 ( pi\u0119cio segmentowe ramiona myj\u0105ce i p\u0142ucz\u0105ce).  Modu\u0142 antyrozbryzgowy na wej\u015bciu jako dodatkowa opcja rekomendowana ( AS-260). Przes\u0142ony rozdzielaj\u0105ce komory o wysokiej odporno\u015bci na \u015brodki chemiczne oraz wysokie temperatury. Zbiornik komory mycia o pojemno\u015bci 50 litr\u00f3w.Tace \ufb01ltruj\u0105ce wyjmowalne do mycia. Zbiornik komory mycia grzany przez grza\u0142ki o mocy 9 kW.Kontrolowane termostatem temperatury: mycia 60\u00b0C, wyparzania 80-85\u00b0C. max. zu\u017cycie wody: 240 litr\u00f3w\/godzin\u0119. Wysoko\u015b\u0107 za\u0142adunku 390 mm. Termometry na panelu  podaj\u0105ce temperatur\u0119 wody mycia i p\u0142ukania. Czujniki magnetyczne funkcji mycia, p\u0142ukania oraz otwarcia drzwi. System oszcz\u0119dzania energii. Standardowe wyposa\u017cenie w kosze: 2xCT-10, 2xCP-16\/18, 1xCV-16\/105 i 10 pojemnik\u00f3w na sztu\u0107ce.Zasilanie 400 V.<\/p>\n","protected":false},"excerpt":{"rendered":"<p>Zmywarki tunelowe gazowe wyposa\u017cone s\u0105 w zewn\u0119trzny generator gazowy GWB-40 o wymiarach 470x 730 x1.040. Generator zest\u0119puje elektryczny bojler i powoduje znaczne oszcz\u0119dno\u015bci energii elektrycznej. Zmywarka ECO wyposa\u017cona jest w pomp\u0119, kt\u00f3ra przekazuje wod\u0119 z generatora do dysz myj\u0105cych.Wszystkie g\u0142\u00f3wnie elementy ( zbiorniki, ramiona myj\u0105ce i p\u0142ucz\u0105ce, drzwi, prowadnice systemu koszowego, bojler i wewn. instalacja [&hellip;]<\/p>\n","protected":false},"featured_media":73344,"template":"","meta":{"_et_pb_use_builder":"","_et_pb_old_content":"","_et_gb_content_width":""},"pwb-brand":[1343],"product_brand":[],"product_cat":[5909],"product_tag":[],"class_list":{"0":"post-73192","1":"product","2":"type-product","3":"status-publish","4":"has-post-thumbnail","6":"pwb-brand-fagor","7":"product_cat-zmywarki-tunelowe","9":"first","10":"instock","11":"taxable","12":"shipping-taxable","13":"purchasable","14":"product-type-simple"},"brands":[{"id":1343,"name":"Fagor","slug":"fagor"}],"_links":{"self":[{"href":"https:\/\/www.multifrigo.pl\/sklep\/wp-json\/wp\/v2\/product\/73192","targetHints":{"allow":["GET"]}}],"collection":[{"href":"https:\/\/www.multifrigo.pl\/sklep\/wp-json\/wp\/v2\/product"}],"about":[{"href":"https:\/\/www.multifrigo.pl\/sklep\/wp-json\/wp\/v2\/types\/product"}],"wp:featuredmedia":[{"embeddable":true,"href":"https:\/\/www.multifrigo.pl\/sklep\/wp-json\/wp\/v2\/media\/73344"}],"wp:attachment":[{"href":"https:\/\/www.multifrigo.pl\/sklep\/wp-json\/wp\/v2\/media?parent=73192"}],"wp:term":[{"taxonomy":"pwb-brand","embeddable":true,"href":"https:\/\/www.multifrigo.pl\/sklep\/wp-json\/wp\/v2\/pwb-brand?post=73192"},{"taxonomy":"product_brand","embeddable":true,"href":"https:\/\/www.multifrigo.pl\/sklep\/wp-json\/wp\/v2\/product_brand?post=73192"},{"taxonomy":"product_cat","embeddable":true,"href":"https:\/\/www.multifrigo.pl\/sklep\/wp-json\/wp\/v2\/product_cat?post=73192"},{"taxonomy":"product_tag","embeddable":true,"href":"https:\/\/www.multifrigo.pl\/sklep\/wp-json\/wp\/v2\/product_tag?post=73192"}],"curies":[{"name":"wp","href":"https:\/\/api.w.org\/{rel}","templated":true}]}}