{"id":73200,"date":"2025-09-23T07:48:41","date_gmt":"2025-09-23T07:48:41","guid":{"rendered":"https:\/\/www.multifrigo.pl\/sklep\/produkt\/zmywarka-tunelowa-tasmowa-elektryczna-fagor-fco-w4-rd-l\/"},"modified":"2025-10-09T11:50:07","modified_gmt":"2025-10-09T11:50:07","slug":"zmywarka-tunelowa-tasmowa-elektryczna-fagor-fco-w4-rd-l","status":"publish","type":"product","link":"https:\/\/www.multifrigo.pl\/sklep\/produkt\/zmywarka-tunelowa-tasmowa-elektryczna-fagor-fco-w4-rd-l\/","title":{"rendered":"Zmywarka tunelowa ta\u015bmowa elektryczna | Fagor FCO-W4-RD L"},"content":{"rendered":"<p>Wymiary u\u017cytkowego otworu wej\u015bciowego 630 x 440 mm. Modu\u0142 antyrozbryzgowy na wej\u015bciu. Sekcja za\u0142adunku (1.2 m) i\u00a0sekcja roz\u0142adunku (2.2 m), o\u00a0wysoko\u015bci 900 mm, ze standardow\u0105 ta\u015bm\u0105 na naczynia i\u00a0tace o\u00a0szeroko\u015bci 600 mm. Standardowo tunel susz\u0105cy o\u00a0du\u017cej mocy z\u00a0mo\u017cliwo\u015bci\u0105 dodania do 2 modu\u0142\u00f3w EXTRA. Adaptacyjny system p\u0142ukania ko\u0144cowego z\u00a0pomp\u0105 p\u0142ucz\u0105c\u0105 i\u00a0zbiornikiem, kt\u00f3ry dostosowuje si\u0119 do wszystkich pr\u0119dko\u015bci. Otwarty bezci\u015bnieniowy bojler z\u00a0zastosowan\u0105 pomp\u0105 p\u0142ucz\u0105c\u0105 zapewnia sta\u0142e ci\u015bnienie wody przy p\u0142ukaniu. Modu\u0142 podw\u00f3jnego p\u0142ukania ze zbiornikiem p\u0142ukania wst\u0119pnego i\u00a0zasadniczego z\u00a0bojlera. Automatyczne wykrywanie naczy\u0144 za pomoc\u0105 fotokom\u00f3rki. Regulowany system odsysania pary zmniejszaj\u0105cy wydostawanie si\u0119 pary. Kurtyny oddzielaj\u0105ce poszczeg\u00f3lne sekcje myj\u0105ce wykonane s\u0105 z\u00a0materia\u0142u o\u00a0wysokiejwytrzyma\u0142o\u015bci na oddzia\u0142ywanie \u015brodk\u00f3w chemicznych i\u00a0wysokich temperatur. W\u0142\u0105czniki stop \/ start na wej\u015bciu i\u00a0wyj\u015bciu. Ramiona mycia wst\u0119pnego i\u00a0mycia w\u0142a\u015bciwego wykonane s\u0105 ze stali nierdzewnej o\u00a0konstrukcji \u0142atwej do zdemontowania i\u00a0mycia. Potr\u00f3jna filtracja w\u00a0modu\u0142ach myj\u0105cych. Profilowane dno zbiornika gwarantuje ca\u0142kowite opr\u00f3\u017cnienie i\u00a0umo\u017cliwia czyszczenie. Standardowy system odzyskiwania energii, redukuje zu\u017cyt\u0105 energi\u0119 o\u00a0oko\u0142o 9 kWh. Automatyczny system podgrzewu wst\u0119pnego. Modu\u0142 p\u0142ukania ze zbiornikiem do p\u0142ukania wst\u0119pnego i\u00a0bojlerem do p\u0142ukania ko\u0144cowego. Elektroniczna kontrola temperatury wody mycia, mycia wst\u0119pnego i\u00a0p\u0142ukania. Termostat bezpiecze\u0144stwa. 3 programy mycia. Spe\u0142nia norm\u0119 DIN 10534 (progr. 1). System ANTI-BLOCK z\u00a0odwr\u00f3ceniem kierunku ruchu ta\u015bmy transportowej. Czujnik wykrywaj\u0105cy naczynia, powoduj\u0105cy zatrzymanie ta\u015bmy i\u00a0ponowny start po odbiorze naczy\u0144. Drzwi z\u00a0czujnikami otwarcia zatrzymuj\u0105cymi urz\u0105dzenie. Nap\u0119d ta\u015bmy silnikiem z\u00a0motoreduktorem o\u00a0mocy 0,25 kW sterowany falownikiem. Standardowe wyposa\u017cenie: 2 x CT-10, 2 x CV -16\/105 i\u00a01 kosz do sztu\u0107c\u00f3w.ZA\u0141ADUNEK Z LEWEJ STRONY URZ\u0104DZENIA.<\/p>\n","protected":false},"excerpt":{"rendered":"<p>Wymiary u\u017cytkowego otworu wej\u015bciowego 630 x 440 mm. Modu\u0142 antyrozbryzgowy na wej\u015bciu. Sekcja za\u0142adunku (1.2 m) i\u00a0sekcja roz\u0142adunku (2.2 m), o\u00a0wysoko\u015bci 900 mm, ze standardow\u0105 ta\u015bm\u0105 na naczynia i\u00a0tace o\u00a0szeroko\u015bci 600 mm. Standardowo tunel susz\u0105cy o\u00a0du\u017cej mocy z\u00a0mo\u017cliwo\u015bci\u0105 dodania do 2 modu\u0142\u00f3w EXTRA. Adaptacyjny system p\u0142ukania ko\u0144cowego z\u00a0pomp\u0105 p\u0142ucz\u0105c\u0105 i\u00a0zbiornikiem, kt\u00f3ry dostosowuje si\u0119 do wszystkich [&hellip;]<\/p>\n","protected":false},"featured_media":73348,"template":"","meta":{"_et_pb_use_builder":"","_et_pb_old_content":"","_et_gb_content_width":""},"pwb-brand":[1343],"product_brand":[],"product_cat":[5909],"product_tag":[],"class_list":{"0":"post-73200","1":"product","2":"type-product","3":"status-publish","4":"has-post-thumbnail","6":"pwb-brand-fagor","7":"product_cat-zmywarki-tunelowe","9":"first","10":"instock","11":"taxable","12":"shipping-taxable","13":"purchasable","14":"product-type-simple"},"brands":[{"id":1343,"name":"Fagor","slug":"fagor"}],"_links":{"self":[{"href":"https:\/\/www.multifrigo.pl\/sklep\/wp-json\/wp\/v2\/product\/73200","targetHints":{"allow":["GET"]}}],"collection":[{"href":"https:\/\/www.multifrigo.pl\/sklep\/wp-json\/wp\/v2\/product"}],"about":[{"href":"https:\/\/www.multifrigo.pl\/sklep\/wp-json\/wp\/v2\/types\/product"}],"wp:featuredmedia":[{"embeddable":true,"href":"https:\/\/www.multifrigo.pl\/sklep\/wp-json\/wp\/v2\/media\/73348"}],"wp:attachment":[{"href":"https:\/\/www.multifrigo.pl\/sklep\/wp-json\/wp\/v2\/media?parent=73200"}],"wp:term":[{"taxonomy":"pwb-brand","embeddable":true,"href":"https:\/\/www.multifrigo.pl\/sklep\/wp-json\/wp\/v2\/pwb-brand?post=73200"},{"taxonomy":"product_brand","embeddable":true,"href":"https:\/\/www.multifrigo.pl\/sklep\/wp-json\/wp\/v2\/product_brand?post=73200"},{"taxonomy":"product_cat","embeddable":true,"href":"https:\/\/www.multifrigo.pl\/sklep\/wp-json\/wp\/v2\/product_cat?post=73200"},{"taxonomy":"product_tag","embeddable":true,"href":"https:\/\/www.multifrigo.pl\/sklep\/wp-json\/wp\/v2\/product_tag?post=73200"}],"curies":[{"name":"wp","href":"https:\/\/api.w.org\/{rel}","templated":true}]}}