{"id":73210,"date":"2025-09-23T07:49:42","date_gmt":"2025-09-23T07:49:42","guid":{"rendered":"https:\/\/www.multifrigo.pl\/sklep\/produkt\/zmywarka-tunelowa-tasmowa-elektryczna-fagor-fco-p3w4-rdd-r\/"},"modified":"2025-10-09T11:50:09","modified_gmt":"2025-10-09T11:50:09","slug":"zmywarka-tunelowa-tasmowa-elektryczna-fagor-fco-p3w4-rdd-r","status":"publish","type":"product","link":"https:\/\/www.multifrigo.pl\/sklep\/produkt\/zmywarka-tunelowa-tasmowa-elektryczna-fagor-fco-p3w4-rdd-r\/","title":{"rendered":"Zmywarka tunelowa ta\u015bmowa elektryczna | Fagor FCO-P3W4-RDD R"},"content":{"rendered":"<p>Prze\u0142\u0105cznik elektromechaniczny umo\u017cliwiaj\u0105cy wyb\u00f3r spo\u015br\u00f3d 3 program\u00f3w oraz dwa wy\u015bwietlacze cyfrowe do kontroli i wizualizacji temperatury mycia i p\u0142ukania. Modu\u0142 os\u0142ony antyrozbryzgowej (AS). Mycie wst\u0119pne (P): Sk\u0142ada si\u0119 z 6 g\u00f3rnych ramion i 5 dolnych ramion. Ci\u0105g\u0142a wymiana wody wst\u0119pnego mycia z sta\u0142\u0105 ilo\u015bci\u0105  wody do p\u0142ukania wst\u0119pnego, odprowadzaj\u0105c nadmiar przez pomp\u0119 recyrkulacyjn\u0105. Mycie wst\u0119pne i zasadnicze (3W). Wst\u0119pne p\u0142ukanie \/ P\u0142ukanie (4). Wst\u0119pne p\u0142ukanie: Sk\u0142ada si\u0119 z 3 g\u00f3rnych i 1 dolnego ramienia do wst\u0119pnego p\u0142ukania. P\u0142ukanie: Z jedn\u0105 pomp\u0105 p\u0142ucz\u0105c\u0105. Urz\u0105dzenie zwrotne typu. A zgodne z norm\u0105 EN 1717. Sk\u0142ada si\u0119 z 1 g\u00f3rnych i 1 dolnego<br \/>\nramienia p\u0142ucz\u0105cego. U\u017cywa falownika dla pompy p\u0142ucz\u0105cej, kt\u00f3ry umo\u017cliwia zmian\u0119 ilo\u015bci wody p\u0142ucz\u0105cej poprzez automatyczne dopasowanie jej do wybranej pr\u0119dko\u015bci przeno\u015bnika. Odzysk energii w standardzie (R). Standardowo dwa tunele susz\u0105ce (D) do optymalnego suszenia naczy\u0144 ceramicznych. Mo\u017cliwo\u015b\u0107 dodania jednego dodatkowego<br \/>\nmodu\u0142u do suszenia naczy\u0144 plastikowych lub ze stali nierdzewnej..ZA\u0141ADUNEK Z PRAWEJ STRONY URZ\u0104DZENIA.<\/p>\n","protected":false},"excerpt":{"rendered":"<p>Prze\u0142\u0105cznik elektromechaniczny umo\u017cliwiaj\u0105cy wyb\u00f3r spo\u015br\u00f3d 3 program\u00f3w oraz dwa wy\u015bwietlacze cyfrowe do kontroli i wizualizacji temperatury mycia i p\u0142ukania. Modu\u0142 os\u0142ony antyrozbryzgowej (AS). Mycie wst\u0119pne (P): Sk\u0142ada si\u0119 z 6 g\u00f3rnych ramion i 5 dolnych ramion. Ci\u0105g\u0142a wymiana wody wst\u0119pnego mycia z sta\u0142\u0105 ilo\u015bci\u0105 wody do p\u0142ukania wst\u0119pnego, odprowadzaj\u0105c nadmiar przez pomp\u0119 recyrkulacyjn\u0105. Mycie wst\u0119pne [&hellip;]<\/p>\n","protected":false},"featured_media":73352,"template":"","meta":{"_et_pb_use_builder":"","_et_pb_old_content":"","_et_gb_content_width":""},"pwb-brand":[1343],"product_brand":[],"product_cat":[5909],"product_tag":[],"class_list":{"0":"post-73210","1":"product","2":"type-product","3":"status-publish","4":"has-post-thumbnail","6":"pwb-brand-fagor","7":"product_cat-zmywarki-tunelowe","9":"first","10":"instock","11":"taxable","12":"shipping-taxable","13":"purchasable","14":"product-type-simple"},"brands":[{"id":1343,"name":"Fagor","slug":"fagor"}],"_links":{"self":[{"href":"https:\/\/www.multifrigo.pl\/sklep\/wp-json\/wp\/v2\/product\/73210","targetHints":{"allow":["GET"]}}],"collection":[{"href":"https:\/\/www.multifrigo.pl\/sklep\/wp-json\/wp\/v2\/product"}],"about":[{"href":"https:\/\/www.multifrigo.pl\/sklep\/wp-json\/wp\/v2\/types\/product"}],"wp:featuredmedia":[{"embeddable":true,"href":"https:\/\/www.multifrigo.pl\/sklep\/wp-json\/wp\/v2\/media\/73352"}],"wp:attachment":[{"href":"https:\/\/www.multifrigo.pl\/sklep\/wp-json\/wp\/v2\/media?parent=73210"}],"wp:term":[{"taxonomy":"pwb-brand","embeddable":true,"href":"https:\/\/www.multifrigo.pl\/sklep\/wp-json\/wp\/v2\/pwb-brand?post=73210"},{"taxonomy":"product_brand","embeddable":true,"href":"https:\/\/www.multifrigo.pl\/sklep\/wp-json\/wp\/v2\/product_brand?post=73210"},{"taxonomy":"product_cat","embeddable":true,"href":"https:\/\/www.multifrigo.pl\/sklep\/wp-json\/wp\/v2\/product_cat?post=73210"},{"taxonomy":"product_tag","embeddable":true,"href":"https:\/\/www.multifrigo.pl\/sklep\/wp-json\/wp\/v2\/product_tag?post=73210"}],"curies":[{"name":"wp","href":"https:\/\/api.w.org\/{rel}","templated":true}]}}