{"id":73365,"date":"2025-09-25T12:30:19","date_gmt":"2025-09-25T12:30:19","guid":{"rendered":"https:\/\/www.multifrigo.pl\/sklep\/produkt\/krajalnica-reczna-do-sera-teflon-212t-ma-ga\/"},"modified":"2026-04-01T13:00:26","modified_gmt":"2026-04-01T13:00:26","slug":"krajalnica-reczna-do-sera-teflon-212t-ma-ga","status":"publish","type":"product","link":"https:\/\/www.multifrigo.pl\/sklep\/produkt\/krajalnica-reczna-do-sera-teflon-212t-ma-ga\/","title":{"rendered":"Krajalnica r\u0119czna do w\u0119dlin i sera 212T (teflon) | Ma-Ga"},"content":{"rendered":"<p><b>Krajalnica r\u0119czna do w\u0119dlin i sera 212T (teflon)<\/b><br \/>\n<br \/>To elektryczna krajalnica z no\u017cem teflonowym o \u015brednicy 300 mm, idealna do krojenia zar\u00f3wno w\u0119dlin, jak i ser\u00f3w. Teflonowa pow\u0142oka zapobiega przywieraniu ser\u00f3w, co u\u0142atwia i przyspiesza prac\u0119. Mocny silnik w po\u0142\u0105czeniu z kompaktowymi wymiarami sprawia, \u017ce urz\u0105dzenie \u015bwietnie sprawdzi si\u0119 w mniejszych i du\u017cych kuchniach gastronomicznych oraz sklepach spo\u017cywczo\u2011w\u0119dliniarskich. Konstrukcja z anodyzowanego aluminium zapewnia trwa\u0142o\u015b\u0107, bezpiecze\u0144stwo i \u0142atwo\u015b\u0107 czyszczenia. Wbudowana ostrzarka pozwala utrzyma\u0107 n\u00f3\u017c w idealnej ostro\u015bci. Szeroka dost\u0119pno\u015b\u0107 cz\u0119\u015bci zamiennych i profesjonalny serwis w ca\u0142ej Polsce gwarantuj\u0105 d\u0142ug\u0105 \u017cywotno\u015b\u0107 sprz\u0119tu.<\/p>\n<p> \u2022 przeznaczona do u\u017cytku w sklepach, cateringu i gastronomii<br \/>\n \u2022 idealna do krojenia sera<br \/>\n \u2022 wykonana z materia\u0142\u00f3w nierdzewnych<br \/>\n \u2022 pochylone ostrze o \u015brednicy 300 mm<br \/>\n \u2022 idealne pochylenie sto\u0142u podawczego do no\u017ca 45\u00b0<br \/>\n \u2022 maksymalne gabaryty krojonego produktu: 240&#215;180 mm dla przekroju prostok\u0105tnego oraz 200 mm dla przekroju okr\u0105g\u0142ego<br \/>\n \u2022 grubo\u015b\u0107 krojonego plastra 0 &#8211; 15 mm<br \/>\n \u2022 wbudowana ostrzarka<br \/>\n \u2022 cicha praca nap\u0119du<br \/>\n \u2022 Zasilanie: 230 V \/ 50 Hz \/ 1 faza<br \/>\n \u2022 Waga: 25 kg<\/p>\n","protected":false},"excerpt":{"rendered":"<p>Krajalnica r\u0119czna do w\u0119dlin i sera 212T (teflon) To elektryczna krajalnica z no\u017cem teflonowym o \u015brednicy 300 mm, idealna do krojenia zar\u00f3wno w\u0119dlin, jak i ser\u00f3w. Teflonowa pow\u0142oka zapobiega przywieraniu ser\u00f3w, co u\u0142atwia i przyspiesza prac\u0119. Mocny silnik w po\u0142\u0105czeniu z kompaktowymi wymiarami sprawia, \u017ce urz\u0105dzenie \u015bwietnie sprawdzi si\u0119 w mniejszych i du\u017cych kuchniach gastronomicznych [&hellip;]<\/p>\n","protected":false},"featured_media":73378,"template":"","meta":{"_et_pb_use_builder":"","_et_pb_old_content":"","_et_gb_content_width":""},"pwb-brand":[1110],"product_brand":[],"product_cat":[433],"product_tag":[],"class_list":{"0":"post-73365","1":"product","2":"type-product","3":"status-publish","4":"has-post-thumbnail","6":"pwb-brand-ma-ga","7":"product_cat-krajalnice-grawitacyjne","9":"first","10":"instock","11":"taxable","12":"shipping-taxable","13":"purchasable","14":"product-type-simple"},"brands":[{"id":1110,"name":"Ma-Ga","slug":"ma-ga"}],"_links":{"self":[{"href":"https:\/\/www.multifrigo.pl\/sklep\/wp-json\/wp\/v2\/product\/73365","targetHints":{"allow":["GET"]}}],"collection":[{"href":"https:\/\/www.multifrigo.pl\/sklep\/wp-json\/wp\/v2\/product"}],"about":[{"href":"https:\/\/www.multifrigo.pl\/sklep\/wp-json\/wp\/v2\/types\/product"}],"wp:featuredmedia":[{"embeddable":true,"href":"https:\/\/www.multifrigo.pl\/sklep\/wp-json\/wp\/v2\/media\/73378"}],"wp:attachment":[{"href":"https:\/\/www.multifrigo.pl\/sklep\/wp-json\/wp\/v2\/media?parent=73365"}],"wp:term":[{"taxonomy":"pwb-brand","embeddable":true,"href":"https:\/\/www.multifrigo.pl\/sklep\/wp-json\/wp\/v2\/pwb-brand?post=73365"},{"taxonomy":"product_brand","embeddable":true,"href":"https:\/\/www.multifrigo.pl\/sklep\/wp-json\/wp\/v2\/product_brand?post=73365"},{"taxonomy":"product_cat","embeddable":true,"href":"https:\/\/www.multifrigo.pl\/sklep\/wp-json\/wp\/v2\/product_cat?post=73365"},{"taxonomy":"product_tag","embeddable":true,"href":"https:\/\/www.multifrigo.pl\/sklep\/wp-json\/wp\/v2\/product_tag?post=73365"}],"curies":[{"name":"wp","href":"https:\/\/api.w.org\/{rel}","templated":true}]}}