{"id":73369,"date":"2025-09-25T12:30:42","date_gmt":"2025-09-25T12:30:42","guid":{"rendered":"https:\/\/www.multifrigo.pl\/sklep\/produkt\/krajalnica-reczna-do-sera-teflon-213t-ma-ga\/"},"modified":"2026-04-01T12:57:04","modified_gmt":"2026-04-01T12:57:04","slug":"krajalnica-reczna-do-sera-teflon-213t-ma-ga","status":"publish","type":"product","link":"https:\/\/www.multifrigo.pl\/sklep\/produkt\/krajalnica-reczna-do-sera-teflon-213t-ma-ga\/","title":{"rendered":"Krajalnica r\u0119czna do w\u0119dlin i sera 213T (teflon) | Ma-Ga"},"content":{"rendered":"<p><b>Krajalnica r\u0119czna do w\u0119dlin i sera 213T (teflon)<\/b><\/p>\n<p> \u2022 przeznaczona do u\u017cytku w sklepach, cateringu i gastronomii<br \/>\n \u2022 idealna do krojenia sera<br \/>\n \u2022 wykonana z materia\u0142\u00f3w nierdzewnych<br \/>\n \u2022 pochylone ostrze o \u015brednicy 330 mm<br \/>\n \u2022 idealne pochylenie sto\u0142u podawczego do no\u017ca 45\u00b0<br \/>\n \u2022 maksymalne gabaryty krojonego produktu: 290&#215;195 mm dla przekroju prostok\u0105tnego oraz 240 mm dla przekroju okr\u0105g\u0142ego<br \/>\n \u2022 grubo\u015b\u0107 krojonego plastra 0 &#8211; 15 mm<br \/>\n \u2022 wbudowana ostrzarka<br \/>\n \u2022 cicha praca nap\u0119du<br \/>\n \u2022 Zasilanie: 230 V \/ 50 Hz \/ 1 faza<br \/>\n \u2022 Waga: 28 kg<\/p>\n","protected":false},"excerpt":{"rendered":"<p>Krajalnica r\u0119czna do w\u0119dlin i sera 213T (teflon) \u2022 przeznaczona do u\u017cytku w sklepach, cateringu i gastronomii \u2022 idealna do krojenia sera \u2022 wykonana z materia\u0142\u00f3w nierdzewnych \u2022 pochylone ostrze o \u015brednicy 330 mm \u2022 idealne pochylenie sto\u0142u podawczego do no\u017ca 45\u00b0 \u2022 maksymalne gabaryty krojonego produktu: 290&#215;195 mm dla przekroju prostok\u0105tnego oraz 240 mm [&hellip;]<\/p>\n","protected":false},"featured_media":73380,"template":"","meta":{"_et_pb_use_builder":"","_et_pb_old_content":"","_et_gb_content_width":""},"pwb-brand":[1110],"product_brand":[],"product_cat":[433],"product_tag":[],"class_list":{"0":"post-73369","1":"product","2":"type-product","3":"status-publish","4":"has-post-thumbnail","6":"pwb-brand-ma-ga","7":"product_cat-krajalnice-grawitacyjne","9":"first","10":"instock","11":"taxable","12":"shipping-taxable","13":"purchasable","14":"product-type-simple"},"brands":[{"id":1110,"name":"Ma-Ga","slug":"ma-ga"}],"_links":{"self":[{"href":"https:\/\/www.multifrigo.pl\/sklep\/wp-json\/wp\/v2\/product\/73369","targetHints":{"allow":["GET"]}}],"collection":[{"href":"https:\/\/www.multifrigo.pl\/sklep\/wp-json\/wp\/v2\/product"}],"about":[{"href":"https:\/\/www.multifrigo.pl\/sklep\/wp-json\/wp\/v2\/types\/product"}],"wp:featuredmedia":[{"embeddable":true,"href":"https:\/\/www.multifrigo.pl\/sklep\/wp-json\/wp\/v2\/media\/73380"}],"wp:attachment":[{"href":"https:\/\/www.multifrigo.pl\/sklep\/wp-json\/wp\/v2\/media?parent=73369"}],"wp:term":[{"taxonomy":"pwb-brand","embeddable":true,"href":"https:\/\/www.multifrigo.pl\/sklep\/wp-json\/wp\/v2\/pwb-brand?post=73369"},{"taxonomy":"product_brand","embeddable":true,"href":"https:\/\/www.multifrigo.pl\/sklep\/wp-json\/wp\/v2\/product_brand?post=73369"},{"taxonomy":"product_cat","embeddable":true,"href":"https:\/\/www.multifrigo.pl\/sklep\/wp-json\/wp\/v2\/product_cat?post=73369"},{"taxonomy":"product_tag","embeddable":true,"href":"https:\/\/www.multifrigo.pl\/sklep\/wp-json\/wp\/v2\/product_tag?post=73369"}],"curies":[{"name":"wp","href":"https:\/\/api.w.org\/{rel}","templated":true}]}}