{"id":73398,"date":"2025-09-26T08:02:55","date_gmt":"2025-09-26T08:02:55","guid":{"rendered":"https:\/\/www.multifrigo.pl\/sklep\/produkt\/bemar-2-komorowy-jezdny-elektryczny-kromet-000-bs-2\/"},"modified":"2025-09-29T09:34:53","modified_gmt":"2025-09-29T09:34:53","slug":"bemar-2-komorowy-jezdny-elektryczny-kromet-000-bs-2","status":"publish","type":"product","link":"https:\/\/www.multifrigo.pl\/sklep\/produkt\/bemar-2-komorowy-jezdny-elektryczny-kromet-000-bs-2\/","title":{"rendered":"Bemar 2-komorowy jezdny elektryczny | Kromet 000.BS-2"},"content":{"rendered":"<p><b>Bemar 2-komorowy jezdny elektryczny<\/b><br \/>Mobilne rozwi\u0105zanie z wygodnymi ko\u0142ami obrotowymi (dwa z hamulcem). Idealne do cateringu i obs\u0142ugi bufetowej.<br \/>Bemary jezdne elektryczne wykonane s\u0105 z wysokogatunkowych stali nierdzewnych. P\u0142yta robocza wykonana ze stali kwasoodpornej AISI 304. Zbiorniki posiadaj\u0105 wymiary umo\u017cliwiaj\u0105ce umieszczenie pojemnik\u00f3w GN 1\/1 o g\u0142\u0119boko\u015bci h=200mm. Ka\u017cda z kom\u00f3r mo\u017ce by\u0107 niezale\u017cnie sterowana w zakresie od 300 do 900 C. Zbiorniki wyposa\u017cone s\u0105 w zawory spustowe wody.  Z jednej strony bemaru zamontowany jest uchwyt rurowy.<\/p>\n","protected":false},"excerpt":{"rendered":"<p>Bemar 2-komorowy jezdny elektrycznyMobilne rozwi\u0105zanie z wygodnymi ko\u0142ami obrotowymi (dwa z hamulcem). Idealne do cateringu i obs\u0142ugi bufetowej.Bemary jezdne elektryczne wykonane s\u0105 z wysokogatunkowych stali nierdzewnych. P\u0142yta robocza wykonana ze stali kwasoodpornej AISI 304. Zbiorniki posiadaj\u0105 wymiary umo\u017cliwiaj\u0105ce umieszczenie pojemnik\u00f3w GN 1\/1 o g\u0142\u0119boko\u015bci h=200mm. Ka\u017cda z kom\u00f3r mo\u017ce by\u0107 niezale\u017cnie sterowana w zakresie od [&hellip;]<\/p>\n","protected":false},"featured_media":73388,"template":"","meta":{"_et_pb_use_builder":"","_et_pb_old_content":"","_et_gb_content_width":""},"pwb-brand":[1000],"product_brand":[],"product_cat":[635,1102],"product_tag":[],"class_list":{"0":"post-73398","1":"product","2":"type-product","3":"status-publish","4":"has-post-thumbnail","6":"pwb-brand-kromet","7":"product_cat-sterowanie-niezalezne","8":"product_cat-nowosci","10":"first","11":"instock","12":"taxable","13":"shipping-taxable","14":"purchasable","15":"product-type-simple"},"brands":[{"id":1000,"name":"Kromet","slug":"kromet"}],"_links":{"self":[{"href":"https:\/\/www.multifrigo.pl\/sklep\/wp-json\/wp\/v2\/product\/73398","targetHints":{"allow":["GET"]}}],"collection":[{"href":"https:\/\/www.multifrigo.pl\/sklep\/wp-json\/wp\/v2\/product"}],"about":[{"href":"https:\/\/www.multifrigo.pl\/sklep\/wp-json\/wp\/v2\/types\/product"}],"wp:featuredmedia":[{"embeddable":true,"href":"https:\/\/www.multifrigo.pl\/sklep\/wp-json\/wp\/v2\/media\/73388"}],"wp:attachment":[{"href":"https:\/\/www.multifrigo.pl\/sklep\/wp-json\/wp\/v2\/media?parent=73398"}],"wp:term":[{"taxonomy":"pwb-brand","embeddable":true,"href":"https:\/\/www.multifrigo.pl\/sklep\/wp-json\/wp\/v2\/pwb-brand?post=73398"},{"taxonomy":"product_brand","embeddable":true,"href":"https:\/\/www.multifrigo.pl\/sklep\/wp-json\/wp\/v2\/product_brand?post=73398"},{"taxonomy":"product_cat","embeddable":true,"href":"https:\/\/www.multifrigo.pl\/sklep\/wp-json\/wp\/v2\/product_cat?post=73398"},{"taxonomy":"product_tag","embeddable":true,"href":"https:\/\/www.multifrigo.pl\/sklep\/wp-json\/wp\/v2\/product_tag?post=73398"}],"curies":[{"name":"wp","href":"https:\/\/api.w.org\/{rel}","templated":true}]}}