{"id":73445,"date":"2025-10-02T14:15:39","date_gmt":"2025-10-02T14:15:39","guid":{"rendered":"https:\/\/www.multifrigo.pl\/sklep\/produkt\/zmywarka-do-naczyn-ge-500-cold-b-asber\/"},"modified":"2025-10-09T12:35:28","modified_gmt":"2025-10-09T12:35:28","slug":"zmywarka-do-naczyn-ge-500-cold-b-asber","status":"publish","type":"product","link":"https:\/\/www.multifrigo.pl\/sklep\/produkt\/zmywarka-do-naczyn-ge-500-cold-b-asber\/","title":{"rendered":"Zmywarka do naczy\u0144 GE-500 COLD B | Asber"},"content":{"rendered":"<p><Li>Sterowanie elektromechaniczne.<Li>1 cykl mycia 120 sekund.<Li>Pojemno\u015b\u0107 zbiornika wanny 25 l.\/ Moc grza\u0142ek: 2,8 kW.<Li>Pojemno\u015b\u0107 bojlera: 7 l.\/ Moc grza\u0142ek: 2,8 kW.<Li>Moc pompy myj\u0105cej: 0,6 kW.<Li>Zu\u017cycie wody do p\u0142ukania: 2,6 l\/p\u0142ukanie.<Li>Dolne i g\u00f3rne ramiona myj\u0105ce ze stali nierdzewnej, p\u0142ucz\u0105ce wykonane z plastiku.<Li>Dozownik p\u0142ynu nab\u0142yszczaj\u0105cego.<Li>Elektro-zaw\u00f3r zapobiegaj\u0105cy cofaniu si\u0119 wody.<Li>Termostat bezpiecze\u0144stwa.<Li>Temperatury kontrolowane termostatem: mycie 60 \u00b0C i wyparzanie 85\u00b0C.<Li>Zasilanie: 230V 1N- 50Hz.<Li>Wyposa\u017cenie: 1 kosz CP-16\/18, 1 kosz CT-10 i 1 pojemnik na sztu\u0107ce CU-7.<Li>Regulowane n\u00f3\u017cki<\/p>\n","protected":false},"excerpt":{"rendered":"<p>Sterowanie elektromechaniczne.1 cykl mycia 120 sekund.Pojemno\u015b\u0107 zbiornika wanny 25 l.\/ Moc grza\u0142ek: 2,8 kW.Pojemno\u015b\u0107 bojlera: 7 l.\/ Moc grza\u0142ek: 2,8 kW.Moc pompy myj\u0105cej: 0,6 kW.Zu\u017cycie wody do p\u0142ukania: 2,6 l\/p\u0142ukanie.Dolne i g\u00f3rne ramiona myj\u0105ce ze stali nierdzewnej, p\u0142ucz\u0105ce wykonane z plastiku.Dozownik p\u0142ynu nab\u0142yszczaj\u0105cego.Elektro-zaw\u00f3r zapobiegaj\u0105cy cofaniu si\u0119 wody.Termostat bezpiecze\u0144stwa.Temperatury kontrolowane termostatem: mycie 60 \u00b0C i wyparzanie [&hellip;]<\/p>\n","protected":false},"featured_media":73678,"template":"","meta":{"_et_pb_use_builder":"","_et_pb_old_content":"","_et_gb_content_width":""},"pwb-brand":[5908],"product_brand":[],"product_cat":[493],"product_tag":[],"class_list":{"0":"post-73445","1":"product","2":"type-product","3":"status-publish","4":"has-post-thumbnail","6":"pwb-brand-asber","7":"product_cat-zmywarki-uniwersalne","9":"first","10":"instock","11":"taxable","12":"shipping-taxable","13":"purchasable","14":"product-type-simple"},"brands":[{"id":5908,"name":"Asber","slug":"asber"}],"_links":{"self":[{"href":"https:\/\/www.multifrigo.pl\/sklep\/wp-json\/wp\/v2\/product\/73445","targetHints":{"allow":["GET"]}}],"collection":[{"href":"https:\/\/www.multifrigo.pl\/sklep\/wp-json\/wp\/v2\/product"}],"about":[{"href":"https:\/\/www.multifrigo.pl\/sklep\/wp-json\/wp\/v2\/types\/product"}],"wp:featuredmedia":[{"embeddable":true,"href":"https:\/\/www.multifrigo.pl\/sklep\/wp-json\/wp\/v2\/media\/73678"}],"wp:attachment":[{"href":"https:\/\/www.multifrigo.pl\/sklep\/wp-json\/wp\/v2\/media?parent=73445"}],"wp:term":[{"taxonomy":"pwb-brand","embeddable":true,"href":"https:\/\/www.multifrigo.pl\/sklep\/wp-json\/wp\/v2\/pwb-brand?post=73445"},{"taxonomy":"product_brand","embeddable":true,"href":"https:\/\/www.multifrigo.pl\/sklep\/wp-json\/wp\/v2\/product_brand?post=73445"},{"taxonomy":"product_cat","embeddable":true,"href":"https:\/\/www.multifrigo.pl\/sklep\/wp-json\/wp\/v2\/product_cat?post=73445"},{"taxonomy":"product_tag","embeddable":true,"href":"https:\/\/www.multifrigo.pl\/sklep\/wp-json\/wp\/v2\/product_tag?post=73445"}],"curies":[{"name":"wp","href":"https:\/\/api.w.org\/{rel}","templated":true}]}}