{"id":73573,"date":"2025-10-02T14:25:55","date_gmt":"2025-10-02T14:25:55","guid":{"rendered":"https:\/\/www.multifrigo.pl\/sklep\/produkt\/zmywarka-do-szkla-gt-350-b-asber\/"},"modified":"2025-10-09T10:34:41","modified_gmt":"2025-10-09T10:34:41","slug":"zmywarka-do-szkla-gt-350-b-asber","status":"publish","type":"product","link":"https:\/\/www.multifrigo.pl\/sklep\/produkt\/zmywarka-do-szkla-gt-350-b-asber\/","title":{"rendered":"Zmywarka do szk\u0142a GT-350 B | Asber"},"content":{"rendered":"<p><Li>Sterowanie cyfrowe.<Li>3 cykle mycia 90\/ 120\/ 180 sekund.<Li>Pojemno\u015b\u0107 zbiornika wanny 11 l.\/ Moc grza\u0142ek: 2,0 kW..<Li>Pojemno\u015b\u0107 bojlera: 4 l.\/ Moc grza\u0142ek: 2,4 kW.<Li>Moc pompy myj\u0105cej: 0,3 kW.<Li>Zu\u017cycie wody do p\u0142ukania: 2,2 l\/p\u0142ukanie.<Li>Dolne i g\u00f3rne ramiona myj\u0105ce i p\u0142ucz\u0105ce wykonane z plastiku.<Li>Funkcja Thermostop.<Li>\u0141agodny start.<Li>Wy\u015bwietlacz temperatury mycia i p\u0142ukania.<Li>Dozownik p\u0142ynu nab\u0142yszczaj\u0105cego.<Li>Elektro-zaw\u00f3r zapobiegaj\u0105cy cofaniu si\u0119 wody.<Li>Termostat bezpiecze\u0144stwa.<Li>Temperatury kontrolowane termostatem: mycie 60\u00baC i wyparzanie 85\u00baC.<Li>Zasilanie: 230 V\/ 1N 50\/60 Hz.<Li>Wyposa\u017cenie: 2 kosze 350 x 350 mm i 1 pojemnik na sztu\u0107ce CU.<Li>Regulowane n\u00f3\u017cki.<\/p>\n","protected":false},"excerpt":{"rendered":"<p>Sterowanie cyfrowe.3 cykle mycia 90\/ 120\/ 180 sekund.Pojemno\u015b\u0107 zbiornika wanny 11 l.\/ Moc grza\u0142ek: 2,0 kW..Pojemno\u015b\u0107 bojlera: 4 l.\/ Moc grza\u0142ek: 2,4 kW.Moc pompy myj\u0105cej: 0,3 kW.Zu\u017cycie wody do p\u0142ukania: 2,2 l\/p\u0142ukanie.Dolne i g\u00f3rne ramiona myj\u0105ce i p\u0142ucz\u0105ce wykonane z plastiku.Funkcja Thermostop.\u0141agodny start.Wy\u015bwietlacz temperatury mycia i p\u0142ukania.Dozownik p\u0142ynu nab\u0142yszczaj\u0105cego.Elektro-zaw\u00f3r zapobiegaj\u0105cy cofaniu si\u0119 wody.Termostat bezpiecze\u0144stwa.Temperatury kontrolowane [&hellip;]<\/p>\n","protected":false},"featured_media":73733,"template":"","meta":{"_et_pb_use_builder":"","_et_pb_old_content":"","_et_gb_content_width":""},"pwb-brand":[5908],"product_brand":[],"product_cat":[492],"product_tag":[],"class_list":{"0":"post-73573","1":"product","2":"type-product","3":"status-publish","4":"has-post-thumbnail","6":"pwb-brand-asber","7":"product_cat-zmywarki-do-szkla-barowe","9":"first","10":"instock","11":"taxable","12":"shipping-taxable","13":"purchasable","14":"product-type-simple"},"brands":[{"id":5908,"name":"Asber","slug":"asber"}],"_links":{"self":[{"href":"https:\/\/www.multifrigo.pl\/sklep\/wp-json\/wp\/v2\/product\/73573","targetHints":{"allow":["GET"]}}],"collection":[{"href":"https:\/\/www.multifrigo.pl\/sklep\/wp-json\/wp\/v2\/product"}],"about":[{"href":"https:\/\/www.multifrigo.pl\/sklep\/wp-json\/wp\/v2\/types\/product"}],"wp:featuredmedia":[{"embeddable":true,"href":"https:\/\/www.multifrigo.pl\/sklep\/wp-json\/wp\/v2\/media\/73733"}],"wp:attachment":[{"href":"https:\/\/www.multifrigo.pl\/sklep\/wp-json\/wp\/v2\/media?parent=73573"}],"wp:term":[{"taxonomy":"pwb-brand","embeddable":true,"href":"https:\/\/www.multifrigo.pl\/sklep\/wp-json\/wp\/v2\/pwb-brand?post=73573"},{"taxonomy":"product_brand","embeddable":true,"href":"https:\/\/www.multifrigo.pl\/sklep\/wp-json\/wp\/v2\/product_brand?post=73573"},{"taxonomy":"product_cat","embeddable":true,"href":"https:\/\/www.multifrigo.pl\/sklep\/wp-json\/wp\/v2\/product_cat?post=73573"},{"taxonomy":"product_tag","embeddable":true,"href":"https:\/\/www.multifrigo.pl\/sklep\/wp-json\/wp\/v2\/product_tag?post=73573"}],"curies":[{"name":"wp","href":"https:\/\/api.w.org\/{rel}","templated":true}]}}