{"id":73601,"date":"2025-10-02T14:28:09","date_gmt":"2025-10-02T14:28:09","guid":{"rendered":"https:\/\/www.multifrigo.pl\/sklep\/produkt\/zmywarka-do-naczyn-gt-500-cold-asber\/"},"modified":"2025-10-09T11:57:20","modified_gmt":"2025-10-09T11:57:20","slug":"zmywarka-do-naczyn-gt-500-cold-asber","status":"publish","type":"product","link":"https:\/\/www.multifrigo.pl\/sklep\/produkt\/zmywarka-do-naczyn-gt-500-cold-asber\/","title":{"rendered":"Zmywarka do naczy\u0144 GT-500 COLD | Asber"},"content":{"rendered":"<p><Li>Sterowanie cyfrowe.<Li>3 cykle mycia 90\/ 120\/ 180 sekund.<Li>Pojemno\u015b\u0107 zbiornika wanny 25 l.\/ Moc grza\u0142ek: 2,8 kW..<Li>Pojemno\u015b\u0107 bojlera: 7 l.\/ Moc grza\u0142ek: 2,8 kW.<Li>Moc pompy myj\u0105cej: 0,6 kW.<Li>Zu\u017cycie wody do p\u0142ukania: 2,6 l\/p\u0142ukanie.<Li>Dolne i g\u00f3rne ramiona myj\u0105ce ze stali nierdzewnej, p\u0142ucz\u0105ce wykonane z plastiku.<Li>Modele COLD: niezale\u017cny cykl p\u0142ukania na zimno, przydatny do ch\u0142odzenia szk\u0142a bezpo\u015brednio po myciu.<Li>Funkcja Thermostop.<Li>\u0141agodny start.<Li>Wy\u015bwietlacz temperatury mycia i p\u0142ukania.<Li>Dozownik p\u0142ynu nab\u0142yszczaj\u0105cego.<Li>Elektro-zaw\u00f3r zapobiegaj\u0105cy cofaniu si\u0119 wody.<Li>Termostat bezpiecze\u0144stwa.<Li>Temperatury kontrolowane termostatem: mycie 60\u00baC i wyparzanie 85\u00baC.<Li>Zasilanie: 230 V 1N 50 Hz.<Li>Wyposa\u017cenie: 1 kosz CP-16\/18, 1 kosz CT-10 i 1 pojemnik na sztu\u0107ce CU-7.<Li>Regulowane n\u00f3\u017cki.<\/p>\n","protected":false},"excerpt":{"rendered":"<p>Sterowanie cyfrowe.3 cykle mycia 90\/ 120\/ 180 sekund.Pojemno\u015b\u0107 zbiornika wanny 25 l.\/ Moc grza\u0142ek: 2,8 kW..Pojemno\u015b\u0107 bojlera: 7 l.\/ Moc grza\u0142ek: 2,8 kW.Moc pompy myj\u0105cej: 0,6 kW.Zu\u017cycie wody do p\u0142ukania: 2,6 l\/p\u0142ukanie.Dolne i g\u00f3rne ramiona myj\u0105ce ze stali nierdzewnej, p\u0142ucz\u0105ce wykonane z plastiku.Modele COLD: niezale\u017cny cykl p\u0142ukania na zimno, przydatny do ch\u0142odzenia szk\u0142a bezpo\u015brednio po [&hellip;]<\/p>\n","protected":false},"featured_media":73746,"template":"","meta":{"_et_pb_use_builder":"","_et_pb_old_content":"","_et_gb_content_width":""},"pwb-brand":[5908],"product_brand":[],"product_cat":[1101,493],"product_tag":[],"class_list":{"0":"post-73601","1":"product","2":"type-product","3":"status-publish","4":"has-post-thumbnail","6":"pwb-brand-asber","7":"product_cat-polecane","8":"product_cat-zmywarki-uniwersalne","10":"first","11":"instock","12":"taxable","13":"shipping-taxable","14":"purchasable","15":"product-type-simple"},"brands":[{"id":5908,"name":"Asber","slug":"asber"}],"_links":{"self":[{"href":"https:\/\/www.multifrigo.pl\/sklep\/wp-json\/wp\/v2\/product\/73601","targetHints":{"allow":["GET"]}}],"collection":[{"href":"https:\/\/www.multifrigo.pl\/sklep\/wp-json\/wp\/v2\/product"}],"about":[{"href":"https:\/\/www.multifrigo.pl\/sklep\/wp-json\/wp\/v2\/types\/product"}],"wp:featuredmedia":[{"embeddable":true,"href":"https:\/\/www.multifrigo.pl\/sklep\/wp-json\/wp\/v2\/media\/73746"}],"wp:attachment":[{"href":"https:\/\/www.multifrigo.pl\/sklep\/wp-json\/wp\/v2\/media?parent=73601"}],"wp:term":[{"taxonomy":"pwb-brand","embeddable":true,"href":"https:\/\/www.multifrigo.pl\/sklep\/wp-json\/wp\/v2\/pwb-brand?post=73601"},{"taxonomy":"product_brand","embeddable":true,"href":"https:\/\/www.multifrigo.pl\/sklep\/wp-json\/wp\/v2\/product_brand?post=73601"},{"taxonomy":"product_cat","embeddable":true,"href":"https:\/\/www.multifrigo.pl\/sklep\/wp-json\/wp\/v2\/product_cat?post=73601"},{"taxonomy":"product_tag","embeddable":true,"href":"https:\/\/www.multifrigo.pl\/sklep\/wp-json\/wp\/v2\/product_tag?post=73601"}],"curies":[{"name":"wp","href":"https:\/\/api.w.org\/{rel}","templated":true}]}}