{"id":73653,"date":"2025-10-02T14:32:13","date_gmt":"2025-10-02T14:32:13","guid":{"rendered":"https:\/\/www.multifrigo.pl\/sklep\/produkt\/zmywarka-kapturowa-gtx-h510-b-asber\/"},"modified":"2025-10-09T10:32:18","modified_gmt":"2025-10-09T10:32:18","slug":"zmywarka-kapturowa-gtx-h510-b-asber","status":"publish","type":"product","link":"https:\/\/www.multifrigo.pl\/sklep\/produkt\/zmywarka-kapturowa-gtx-h510-b-asber\/","title":{"rendered":"Zmywarka kapturowa GTX-H510 B | Asber"},"content":{"rendered":"<p><Li>Sterowanie cyfrowe.<Li>3 cykle mycia: 55\/ 75 \/120 sekund.<Li>Cykl ci\u0105g\u0142y do momentu zatrzymania r\u0119cznego.<Li>Pojemno\u015b\u0107 zbiornika wanny: 33 l.\/ Moc grza\u0142ek: 4,5 kW.<Li>Pojemno\u015b\u0107 bojlera: 7 l.\/ Moc grza\u0142ek: 9,0 kW.<Li>Moc pompy myj\u0105cej: 0,75 kW.<Li>Zu\u017cycie wody do p\u0142ukania: 2,6 l\/p\u0142ukanie.<Li>Dolne i g\u00f3rne ramiona myj\u0105ce ze stali nierdzewnej, p\u0142ucz\u0105ce wykonane z plastiku.<Li>Funkcja Thermostop.<Li>\u0141agodny start.<Li>Wy\u015bwietlacz temperatury mycia i p\u0142ukania.<Li>Dozownik p\u0142ynu nab\u0142yszczaj\u0105cego.<Li>Elektro-zaw\u00f3r zapobiegaj\u0105cy cofaniu si\u0119 wody.<Li>Filtr z materia\u0142u kompozytowego.<Li>Kaptur z pojedynczymi \u015bciankami.<Li>Termostat bezpiecze\u0144stwa.<Li>Temperatury kontrolowane termostatem: mycie 60\u00b0C i p\u0142ukanie 85\u00b0C.<Li>Multi-Voltage: 400 V\/ 3N, 230 V\/ 3~.<Li>Regulacja mocy grza\u0142ki bojlera (Multi-Power).<Li>Wyposa\u017cenie: 1 kosz CP-16\/18, 1 kosz CT-10 i 1 pojemnik na sztu\u0107ce CU-7.<\/p>\n","protected":false},"excerpt":{"rendered":"<p>Sterowanie cyfrowe.3 cykle mycia: 55\/ 75 \/120 sekund.Cykl ci\u0105g\u0142y do momentu zatrzymania r\u0119cznego.Pojemno\u015b\u0107 zbiornika wanny: 33 l.\/ Moc grza\u0142ek: 4,5 kW.Pojemno\u015b\u0107 bojlera: 7 l.\/ Moc grza\u0142ek: 9,0 kW.Moc pompy myj\u0105cej: 0,75 kW.Zu\u017cycie wody do p\u0142ukania: 2,6 l\/p\u0142ukanie.Dolne i g\u00f3rne ramiona myj\u0105ce ze stali nierdzewnej, p\u0142ucz\u0105ce wykonane z plastiku.Funkcja Thermostop.\u0141agodny start.Wy\u015bwietlacz temperatury mycia i p\u0142ukania.Dozownik p\u0142ynu [&hellip;]<\/p>\n","protected":false},"featured_media":73764,"template":"","meta":{"_et_pb_use_builder":"","_et_pb_old_content":"","_et_gb_content_width":""},"pwb-brand":[5908],"product_brand":[],"product_cat":[496],"product_tag":[],"class_list":{"0":"post-73653","1":"product","2":"type-product","3":"status-publish","4":"has-post-thumbnail","6":"pwb-brand-asber","7":"product_cat-zmywarki-kapturowe","9":"first","10":"instock","11":"taxable","12":"shipping-taxable","13":"purchasable","14":"product-type-simple"},"brands":[{"id":5908,"name":"Asber","slug":"asber"}],"_links":{"self":[{"href":"https:\/\/www.multifrigo.pl\/sklep\/wp-json\/wp\/v2\/product\/73653","targetHints":{"allow":["GET"]}}],"collection":[{"href":"https:\/\/www.multifrigo.pl\/sklep\/wp-json\/wp\/v2\/product"}],"about":[{"href":"https:\/\/www.multifrigo.pl\/sklep\/wp-json\/wp\/v2\/types\/product"}],"wp:featuredmedia":[{"embeddable":true,"href":"https:\/\/www.multifrigo.pl\/sklep\/wp-json\/wp\/v2\/media\/73764"}],"wp:attachment":[{"href":"https:\/\/www.multifrigo.pl\/sklep\/wp-json\/wp\/v2\/media?parent=73653"}],"wp:term":[{"taxonomy":"pwb-brand","embeddable":true,"href":"https:\/\/www.multifrigo.pl\/sklep\/wp-json\/wp\/v2\/pwb-brand?post=73653"},{"taxonomy":"product_brand","embeddable":true,"href":"https:\/\/www.multifrigo.pl\/sklep\/wp-json\/wp\/v2\/product_brand?post=73653"},{"taxonomy":"product_cat","embeddable":true,"href":"https:\/\/www.multifrigo.pl\/sklep\/wp-json\/wp\/v2\/product_cat?post=73653"},{"taxonomy":"product_tag","embeddable":true,"href":"https:\/\/www.multifrigo.pl\/sklep\/wp-json\/wp\/v2\/product_tag?post=73653"}],"curies":[{"name":"wp","href":"https:\/\/api.w.org\/{rel}","templated":true}]}}