{"id":73771,"date":"2025-10-09T09:02:15","date_gmt":"2025-10-09T09:02:15","guid":{"rendered":"https:\/\/www.multifrigo.pl\/sklep\/produkt\/piec-konwekcyjny-z-przyspieszonym-gotowaniem-speed-compact-eco-unox-xema-01ns-mcdn\/"},"modified":"2025-11-18T11:41:49","modified_gmt":"2025-11-18T11:41:49","slug":"piec-konwekcyjny-z-przyspieszonym-gotowaniem-speed-compact-eco-unox-xema-01ns-mcdn","status":"publish","type":"product","link":"https:\/\/www.multifrigo.pl\/sklep\/produkt\/piec-konwekcyjny-z-przyspieszonym-gotowaniem-speed-compact-eco-unox-xema-01ns-mcdn\/","title":{"rendered":"Piec konwekcyjny z przyspieszonym gotowaniem SPEED.Compact\u2122 ECO | Unox XEMA-01NS-MCDN"},"content":{"rendered":"<p>Piec konwekcyjny SPEED.Compact\u2122 ECO to szybki piec o g\u0142\u0119boko\u015bci 60 cm z komor\u0105 pieczenia 30&#215;30 cm i drzwiami otwieranymi na 17 cm. Zaprojektowany z my\u015bl\u0105 o szybko\u015bci i sp\u00f3jno\u015bci, wykorzystuje mikrofale i strumienie gor\u0105cego powietrza do szybkiego podgrzewania wypiek\u00f3w, przek\u0105sek i produkt\u00f3w na zakwasie. Intuicyjny interfejs zapewnia \u0142atw\u0105 konfiguracj\u0119 i obs\u0142ug\u0119, usprawniaj\u0105c przep\u0142yw pracy od pierwszego dnia. \u0141atw\u0105 procedur\u0119 czyszczenia krok po kroku mo\u017cna dodatkowo usprawni\u0107 za pomoc\u0105 opcjonalnego prysznica r\u0119cznego QUICK.Rinse. Nie s\u0105 potrzebne \u017cadne rury wydechowe, okapy ani skomplikowane instrukcje instalacji, Piec jest gotowy do u\u017cycia zaraz po wyj\u0119ciu z pude\u0142ka. Jako jeden z najcichszych i najbardziej bezzapachowych modeli, doskonale integruje si\u0119 z ka\u017cd\u0105 przestrzeni\u0105 robocz\u0105, nawet obok siebie, optymalizuj\u0105c przestrze\u0144 na blacie. Wyposa\u017cony w zaawansowan\u0105 izolacj\u0119 mineraln\u0105 i inteligentn\u0105 technologi\u0119, Piec zapewnia efektywno\u015b\u0107 energetyczn\u0105 i trwa\u0142o\u015b\u0107.<\/p>\n","protected":false},"excerpt":{"rendered":"<p>Piec konwekcyjny SPEED.Compact\u2122 ECO to szybki piec o g\u0142\u0119boko\u015bci 60 cm z komor\u0105 pieczenia 30&#215;30 cm i drzwiami otwieranymi na 17 cm. Zaprojektowany z my\u015bl\u0105 o szybko\u015bci i sp\u00f3jno\u015bci, wykorzystuje mikrofale i strumienie gor\u0105cego powietrza do szybkiego podgrzewania wypiek\u00f3w, przek\u0105sek i produkt\u00f3w na zakwasie. Intuicyjny interfejs zapewnia \u0142atw\u0105 konfiguracj\u0119 i obs\u0142ug\u0119, usprawniaj\u0105c przep\u0142yw pracy od [&hellip;]<\/p>\n","protected":false},"featured_media":74748,"template":"","meta":{"_et_pb_use_builder":"","_et_pb_old_content":"","_et_gb_content_width":""},"pwb-brand":[543],"product_brand":[],"product_cat":[1102,463],"product_tag":[],"class_list":{"0":"post-73771","1":"product","2":"type-product","3":"status-publish","4":"has-post-thumbnail","6":"pwb-brand-unox","7":"product_cat-nowosci","8":"product_cat-piece-konwekcyjne","10":"first","11":"instock","12":"taxable","13":"shipping-taxable","14":"purchasable","15":"product-type-simple"},"brands":[{"id":543,"name":"Unox","slug":"unox"}],"_links":{"self":[{"href":"https:\/\/www.multifrigo.pl\/sklep\/wp-json\/wp\/v2\/product\/73771","targetHints":{"allow":["GET"]}}],"collection":[{"href":"https:\/\/www.multifrigo.pl\/sklep\/wp-json\/wp\/v2\/product"}],"about":[{"href":"https:\/\/www.multifrigo.pl\/sklep\/wp-json\/wp\/v2\/types\/product"}],"wp:featuredmedia":[{"embeddable":true,"href":"https:\/\/www.multifrigo.pl\/sklep\/wp-json\/wp\/v2\/media\/74748"}],"wp:attachment":[{"href":"https:\/\/www.multifrigo.pl\/sklep\/wp-json\/wp\/v2\/media?parent=73771"}],"wp:term":[{"taxonomy":"pwb-brand","embeddable":true,"href":"https:\/\/www.multifrigo.pl\/sklep\/wp-json\/wp\/v2\/pwb-brand?post=73771"},{"taxonomy":"product_brand","embeddable":true,"href":"https:\/\/www.multifrigo.pl\/sklep\/wp-json\/wp\/v2\/product_brand?post=73771"},{"taxonomy":"product_cat","embeddable":true,"href":"https:\/\/www.multifrigo.pl\/sklep\/wp-json\/wp\/v2\/product_cat?post=73771"},{"taxonomy":"product_tag","embeddable":true,"href":"https:\/\/www.multifrigo.pl\/sklep\/wp-json\/wp\/v2\/product_tag?post=73771"}],"curies":[{"name":"wp","href":"https:\/\/api.w.org\/{rel}","templated":true}]}}